{"id":1332640,"date":"2018-10-30T18:17:52","date_gmt":"2018-10-30T17:17:52","guid":{"rendered":"https:\/\/laboklin.de\/fachinformationen\/"},"modified":"2023-03-26T15:38:15","modified_gmt":"2023-03-26T13:38:15","slug":"fachinformationen","status":"publish","type":"page","link":"https:\/\/laboklin.de\/de-ch\/fachinformationen\/","title":{"rendered":"Fachinformationen"},"content":{"rendered":"<div class=\"wpb-content-wrapper\"><p>[vc_row][vc_column]<div class=\"dt-fancy-separator title-left h3-size accent-title-color\" style=\"width: 100%;\"><div class=\"dt-fancy-title\"><span class=\"separator-holder separator-left\"><\/span>Fachinformationen<span class=\"separator-holder separator-right\"><\/span><\/div><\/div>[vc_column_text css=&#187;.vc_custom_1679837886183{margin-top: 50px !important;}&#187;]<\/p>\n<p class=\"bodytext\">Hier sind Informationen zur Probenahme und zum\u00a0Versand (Pr\u00e4analytik), <a href=\"\/de-ch\/infothek\/video-tutorials\/\"><strong>Videos zur Probennahme<\/strong><\/a><strong>,<\/strong> Fotos zu Untersuchungsbefunden, Referenzwerte\u00a0und spezielle Informationen zu einzelnen Tests zusammengestellt.<\/p>\n<p class=\"bodytext\">Diese Rubrik zeigt\u00a0auch, auf welchen Gebieten Laboklin forscht,\u00a0 neue Tests entwickelt oder die Befunde aus der Routine wissenschaftlich auswertet. Beitr\u00e4ge von Laboklin auf Kongressen finden Sie entweder unter\u00a0&#171;Publikationen&#187;\u00a0oder unter\u00a0&#171;Poster&#187;.<\/p>\n<p class=\"bodytext\">Die Rubrik &#171;Poster&#187; beinhaltet zudem als Hilfe f\u00fcr die Befundung in der Praxis die Laboklin-Poster H\u00e4matologie, Parasiten u.a. sowie Poster der FECAVA zur Praxishygiene bzw. mit Flowcharts\/Tabellen zum Einsatz von Antibiotika.<\/p>\n<p class=\"bodytext\">Laboklin bietet Ihnen mit der Reihe &#171;Rat &amp; Tat&#187; zu vielen Themen Informationen an, die\u00a0Sie\u00a0mit Ihrem Praxisstempel versehen an Tierhalter abgeben k\u00f6nnen.<\/p>\n<p class=\"bodytext\">Unsere monatlichen Fachbeitr\u00e4ge, die wir interessierten Tier\u00e4rztinnen und Tier\u00e4rzten zusenden, sind in der eigenen Rubrik <strong><a href=\"\/de-ch\/aktuelles\/laboklin-aktuell\/\">&#171;Laboklin aktuell&#187;<\/a> <\/strong>zu finden.<\/p>\n<p>[\/vc_column_text][\/vc_column][\/vc_row][vc_row type=&#187;vc_default&#187; disable_element=&#187;yes&#187; css=&#187;.vc_custom_1592212637664{margin-top: 50px !important;}&#187;][vc_column]<style type=\"text\/css\" data-type=\"the7_shortcodes-inline-css\">.portfolio-shortcode.portfolio-masonry-shortcode-id-a2551d28a25bbc21ce39e80dd2c5abf2.bottom-overlap-layout-list .post-entry-content {\n  margin-top: -150px;\n  width: 75%;\n}\n.portfolio-shortcode.portfolio-masonry-shortcode-id-a2551d28a25bbc21ce39e80dd2c5abf2.bottom-overlap-layout-list:not(.mode-list) .no-img .post-entry-content {\n  margin-top: 0;\n  width: 100%;\n}\n.portfolio-shortcode.portfolio-masonry-shortcode-id-a2551d28a25bbc21ce39e80dd2c5abf2.bottom-overlap-layout-list.mode-list .no-img .post-entry-content {\n  margin-top: 0;\n}\n.portfolio-shortcode.portfolio-masonry-shortcode-id-a2551d28a25bbc21ce39e80dd2c5abf2 .filter {\n  margin-bottom: 50px;\n}\n.portfolio-shortcode.portfolio-masonry-shortcode-id-a2551d28a25bbc21ce39e80dd2c5abf2 .filter-bg-decoration .filter-categories a.act {\n  color: #fff;\n}\n.portfolio-shortcode.portfolio-masonry-shortcode-id-a2551d28a25bbc21ce39e80dd2c5abf2:not(.mode-masonry) article:first-of-type,\n.portfolio-shortcode.portfolio-masonry-shortcode-id-a2551d28a25bbc21ce39e80dd2c5abf2:not(.mode-masonry) article.visible.first {\n  margin-top: 0;\n}\n.portfolio-shortcode.portfolio-masonry-shortcode-id-a2551d28a25bbc21ce39e80dd2c5abf2.dividers-on:not(.mode-masonry) article {\n  margin-top: 0;\n}\n.portfolio-shortcode.portfolio-masonry-shortcode-id-a2551d28a25bbc21ce39e80dd2c5abf2.dividers-on:not(.mode-masonry) article:first-of-type,\n.portfolio-shortcode.portfolio-masonry-shortcode-id-a2551d28a25bbc21ce39e80dd2c5abf2.dividers-on:not(.mode-masonry) article.visible.first {\n  margin-top: 0;\n  padding-top: 0;\n}\n.portfolio-shortcode.portfolio-masonry-shortcode-id-a2551d28a25bbc21ce39e80dd2c5abf2.hover-scale article:after {\n  background: rgba(0,0,0,0.4);\n  -webkit-box-shadow: none;\n  box-shadow: none;\n  background: -webkit-linear-gradient();\n  background: linear-gradient();\n}\n.portfolio-shortcode.portfolio-masonry-shortcode-id-a2551d28a25bbc21ce39e80dd2c5abf2.gradient-overlay-layout-list article {\n  border-radius: 0px;\n}\n.portfolio-shortcode.portfolio-masonry-shortcode-id-a2551d28a25bbc21ce39e80dd2c5abf2 .post-thumbnail-wrap {\n  padding: 0px 0px 0px 0px;\n  border-radius: 0px;\n}\n.portfolio-shortcode.portfolio-masonry-shortcode-id-a2551d28a25bbc21ce39e80dd2c5abf2 .post-thumbnail-wrap *,\n.portfolio-shortcode.portfolio-masonry-shortcode-id-a2551d28a25bbc21ce39e80dd2c5abf2 .post-thumbnail-rollover:after {\n  border-radius: 0px;\n}\n.portfolio-shortcode.portfolio-masonry-shortcode-id-a2551d28a25bbc21ce39e80dd2c5abf2.enable-bg-rollover .post-thumbnail-rollover:after {\n  background: rgba(0,0,0,0.4);\n  -webkit-box-shadow: none;\n  box-shadow: none;\n  background: -webkit-linear-gradient();\n  background: linear-gradient();\n}\n.bottom-overlap-layout-list.portfolio-shortcode.portfolio-masonry-shortcode-id-a2551d28a25bbc21ce39e80dd2c5abf2 .project-links-container {\n  height: calc(100% - 150px);\n}\n.portfolio-shortcode.portfolio-masonry-shortcode-id-a2551d28a25bbc21ce39e80dd2c5abf2 .project-links-container a {\n  width: 60px;\n  height: 60px;\n  line-height: 60px;\n  border-radius: 100px;\n  margin: 10px 5px 10px;\n}\n.content-rollover-layout-list:not(.content-align-center).portfolio-shortcode.portfolio-masonry-shortcode-id-a2551d28a25bbc21ce39e80dd2c5abf2 .project-links-container a,\n.gradient-overlay-layout-list:not(.content-align-center).portfolio-shortcode.portfolio-masonry-shortcode-id-a2551d28a25bbc21ce39e80dd2c5abf2 .project-links-container a {\n  margin: 10px 10px 10px 0;\n}\n.dt-icon-border-on.portfolio-shortcode.portfolio-masonry-shortcode-id-a2551d28a25bbc21ce39e80dd2c5abf2 .project-links-container a:before {\n  border-width: 0px;\n  border-style: solid;\n}\n.dt-icon-hover-border-on.portfolio-shortcode.portfolio-masonry-shortcode-id-a2551d28a25bbc21ce39e80dd2c5abf2 .project-links-container a:after {\n  border-width: 0px;\n  border-style: solid;\n}\n.portfolio-shortcode.portfolio-masonry-shortcode-id-a2551d28a25bbc21ce39e80dd2c5abf2 .project-links-container a > span,\n.portfolio-shortcode.portfolio-masonry-shortcode-id-a2551d28a25bbc21ce39e80dd2c5abf2 .project-links-container a > span:before {\n  font-size: 32px;\n  line-height: 60px;\n}\n.portfolio-shortcode.portfolio-masonry-shortcode-id-a2551d28a25bbc21ce39e80dd2c5abf2 .project-links-container a:not(:hover) > span {\n  color: #ffffff;\n}\n.dt-icon-hover-off.portfolio-shortcode.portfolio-masonry-shortcode-id-a2551d28a25bbc21ce39e80dd2c5abf2 .project-links-container a > span,\n.dt-icon-hover-off.portfolio-shortcode.portfolio-masonry-shortcode-id-a2551d28a25bbc21ce39e80dd2c5abf2 .project-links-container a:hover > span {\n  color: #ffffff;\n}\n.dt-icon-hover-on.portfolio-shortcode.portfolio-masonry-shortcode-id-a2551d28a25bbc21ce39e80dd2c5abf2 .project-links-container a:hover > span {\n  color: #ffffff;\n}\n.portfolio-shortcode.portfolio-masonry-shortcode-id-a2551d28a25bbc21ce39e80dd2c5abf2 .entry-title,\n.portfolio-shortcode.portfolio-masonry-shortcode-id-a2551d28a25bbc21ce39e80dd2c5abf2.owl-carousel .entry-title {\n  margin-bottom: 5px;\n  font-size: 24px;\n  line-height: 34px;\n  font-weight: bold;\n  text-transform: uppercase;\n}\n.portfolio-shortcode.portfolio-masonry-shortcode-id-a2551d28a25bbc21ce39e80dd2c5abf2 .entry-meta {\n  margin-bottom: 15px;\n}\n.portfolio-shortcode.portfolio-masonry-shortcode-id-a2551d28a25bbc21ce39e80dd2c5abf2 .entry-meta * {\n  color: #93c248;\n}\n.portfolio-shortcode.portfolio-masonry-shortcode-id-a2551d28a25bbc21ce39e80dd2c5abf2 .portfolio-categories {\n  margin-bottom: 15px;\n}\n.portfolio-shortcode.portfolio-masonry-shortcode-id-a2551d28a25bbc21ce39e80dd2c5abf2 .entry-meta > a:after,\n.portfolio-shortcode.portfolio-masonry-shortcode-id-a2551d28a25bbc21ce39e80dd2c5abf2 .entry-meta > span:after {\n  background: #93c248;\n  -webkit-box-shadow: none;\n  box-shadow: none;\n}\n.portfolio-shortcode.portfolio-masonry-shortcode-id-a2551d28a25bbc21ce39e80dd2c5abf2 .entry-excerpt {\n  margin-bottom: 5px;\n}\n.portfolio-shortcode.portfolio-masonry-shortcode-id-a2551d28a25bbc21ce39e80dd2c5abf2:not(.centered-layout-list) .post-entry-content {\n  padding: 25px 30px 30px 30px;\n}\n.portfolio-shortcode.portfolio-masonry-shortcode-id-a2551d28a25bbc21ce39e80dd2c5abf2:not(.centered-layout-list):not(\n      .content-bg-on\n    ):not(.mode-list)\n    .no-img\n    .post-entry-content {\n  padding: 0;\n}\n.portfolio-shortcode.portfolio-masonry-shortcode-id-a2551d28a25bbc21ce39e80dd2c5abf2.content-bg-on:not(.classic-layout-list):not(\n      .centered-layout-list\n    ):not(.gradient-overlay-layout-list)\n    .post-entry-content {\n  background: #f4f4f4;\n  -webkit-box-shadow: none;\n  box-shadow: none;\n}\n.portfolio-shortcode.portfolio-masonry-shortcode-id-a2551d28a25bbc21ce39e80dd2c5abf2.gradient-overlay-layout-list .post-entry-content {\n  border-radius: 0px;\n}\n@media screen and (max-width: ) {\n  .portfolio-shortcode.portfolio-masonry-shortcode-id-a2551d28a25bbc21ce39e80dd2c5abf2 article {\n    -webkit-flex-flow: column nowrap;\n    -moz-flex-flow: column nowrap;\n    -ms-flex-flow: column nowrap;\n    flex-flow: column nowrap;\n    margin-top: 20px;\n  }\n  .portfolio-shortcode.portfolio-masonry-shortcode-id-a2551d28a25bbc21ce39e80dd2c5abf2.dividers-on article {\n    border: none;\n  }\n  .portfolio-shortcode.portfolio-masonry-shortcode-id-a2551d28a25bbc21ce39e80dd2c5abf2.content-bg-on.centered-layout-list article {\n    padding: 0;\n  }\n  #page .portfolio-shortcode.portfolio-masonry-shortcode-id-a2551d28a25bbc21ce39e80dd2c5abf2 .post-thumbnail-wrap,\n  #page .portfolio-shortcode.portfolio-masonry-shortcode-id-a2551d28a25bbc21ce39e80dd2c5abf2 .post-entry-content {\n    width: 100%;\n    margin: 0;\n    top: 0;\n  }\n  #page .portfolio-shortcode.portfolio-masonry-shortcode-id-a2551d28a25bbc21ce39e80dd2c5abf2 .post-thumbnail-wrap {\n    padding: 0;\n  }\n  #page .portfolio-shortcode.portfolio-masonry-shortcode-id-a2551d28a25bbc21ce39e80dd2c5abf2 .post-entry-content:after {\n    display: none;\n  }\n  #page .portfolio-shortcode.portfolio-masonry-shortcode-id-a2551d28a25bbc21ce39e80dd2c5abf2 .project-even .post-thumbnail-wrap,\n  #page .portfolio-shortcode.portfolio-masonry-shortcode-id-a2551d28a25bbc21ce39e80dd2c5abf2.centered-layout-list .post-thumbnail-wrap {\n    -webkit-order: 0;\n    -moz-order: 0;\n    -ms-flex-order: 0;\n    order: 0;\n  }\n  #page .portfolio-shortcode.portfolio-masonry-shortcode-id-a2551d28a25bbc21ce39e80dd2c5abf2.centered-layout-list .post-entry-title-content {\n    -webkit-order: 1;\n    -moz-order: 1;\n    -ms-flex-order: 1;\n    order: 1;\n    width: 100%;\n    padding: 20px 20px 0;\n  }\n  #page .portfolio-shortcode.portfolio-masonry-shortcode-id-a2551d28a25bbc21ce39e80dd2c5abf2.centered-layout-list .post-entry-content {\n    -webkit-order: 2;\n    -moz-order: 2;\n    -ms-flex-order: 2;\n    order: 2;\n    padding-top: 0;\n  }\n  #page .portfolio-shortcode.portfolio-masonry-shortcode-id-a2551d28a25bbc21ce39e80dd2c5abf2 .post-entry-content {\n    padding: 20px;\n  }\n  #page .portfolio-shortcode.portfolio-masonry-shortcode-id-a2551d28a25bbc21ce39e80dd2c5abf2 .entry-title {\n    margin: 3px 0 5px;\n    font-size: 20px;\n    line-height: 26px;\n  }\n  #page .portfolio-shortcode.portfolio-masonry-shortcode-id-a2551d28a25bbc21ce39e80dd2c5abf2 .entry-meta {\n    margin: 5px 0 5px;\n  }\n  #page .portfolio-shortcode.portfolio-masonry-shortcode-id-a2551d28a25bbc21ce39e80dd2c5abf2 .entry-excerpt {\n    margin: 15px 0 0;\n  }\n  #page .portfolio-shortcode.portfolio-masonry-shortcode-id-a2551d28a25bbc21ce39e80dd2c5abf2 .post-details {\n    margin: 5px 0 10px;\n  }\n  #page .portfolio-shortcode.portfolio-masonry-shortcode-id-a2551d28a25bbc21ce39e80dd2c5abf2 .post-details.details-type-link {\n    margin-bottom: 2px;\n  }\n}\n.portfolio-shortcode.portfolio-masonry-shortcode-id-a2551d28a25bbc21ce39e80dd2c5abf2:not(.resize-by-browser-width) .dt-css-grid {\n  grid-row-gap: 50px;\n  grid-column-gap: 50px;\n  grid-template-columns: repeat(auto-fill,minmax(,1fr));\n}\n.portfolio-shortcode.portfolio-masonry-shortcode-id-a2551d28a25bbc21ce39e80dd2c5abf2:not(.resize-by-browser-width) .dt-css-grid .double-width {\n  grid-column: span 2;\n}\n.cssgridlegacy.no-cssgrid .portfolio-shortcode.portfolio-masonry-shortcode-id-a2551d28a25bbc21ce39e80dd2c5abf2:not(.resize-by-browser-width) .dt-css-grid,\n.no-cssgridlegacy.no-cssgrid .portfolio-shortcode.portfolio-masonry-shortcode-id-a2551d28a25bbc21ce39e80dd2c5abf2:not(.resize-by-browser-width) .dt-css-grid {\n  display: flex;\n  flex-flow: row wrap;\n  margin: -25px;\n}\n.cssgridlegacy.no-cssgrid .portfolio-shortcode.portfolio-masonry-shortcode-id-a2551d28a25bbc21ce39e80dd2c5abf2:not(.resize-by-browser-width) .dt-css-grid .wf-cell,\n.no-cssgridlegacy.no-cssgrid .portfolio-shortcode.portfolio-masonry-shortcode-id-a2551d28a25bbc21ce39e80dd2c5abf2:not(.resize-by-browser-width) .dt-css-grid .wf-cell {\n  flex: 1 0 ;\n  max-width: 100%;\n  padding: 25px;\n  box-sizing: border-box;\n}\n.portfolio-shortcode.portfolio-masonry-shortcode-id-a2551d28a25bbc21ce39e80dd2c5abf2.resize-by-browser-width .dt-css-grid {\n  grid-template-columns: repeat(2,1fr);\n  grid-template-rows: auto;\n  grid-column-gap: 50px;\n  grid-row-gap: 50px;\n}\n.portfolio-shortcode.portfolio-masonry-shortcode-id-a2551d28a25bbc21ce39e80dd2c5abf2.resize-by-browser-width .dt-css-grid .double-width {\n  grid-column: span 2;\n}\n.cssgridlegacy.no-cssgrid .portfolio-shortcode.portfolio-masonry-shortcode-id-a2551d28a25bbc21ce39e80dd2c5abf2.resize-by-browser-width .dt-css-grid {\n  margin: -25px;\n}\n.cssgridlegacy.no-cssgrid .portfolio-shortcode.portfolio-masonry-shortcode-id-a2551d28a25bbc21ce39e80dd2c5abf2.resize-by-browser-width .dt-css-grid .wf-cell {\n  width: 50%;\n  padding: 25px;\n}\n.cssgridlegacy.no-cssgrid .portfolio-shortcode.portfolio-masonry-shortcode-id-a2551d28a25bbc21ce39e80dd2c5abf2.resize-by-browser-width .dt-css-grid .wf-cell.double-width {\n  width: calc(50%) * 2;\n}\n.portfolio-shortcode.portfolio-masonry-shortcode-id-a2551d28a25bbc21ce39e80dd2c5abf2.resize-by-browser-width:not(.centered-layout-list):not(.content-bg-on) .dt-css-grid {\n  grid-row-gap: 20px;\n}\n@media screen and (max-width: 1199px) {\n  .portfolio-shortcode.portfolio-masonry-shortcode-id-a2551d28a25bbc21ce39e80dd2c5abf2.resize-by-browser-width .dt-css-grid {\n    grid-template-columns: repeat(2,1fr);\n  }\n  .cssgridlegacy.no-cssgrid .portfolio-shortcode.portfolio-masonry-shortcode-id-a2551d28a25bbc21ce39e80dd2c5abf2.resize-by-browser-width .dt-css-grid .wf-cell,\n  .no-cssgridlegacy.no-cssgrid .portfolio-shortcode.portfolio-masonry-shortcode-id-a2551d28a25bbc21ce39e80dd2c5abf2.resize-by-browser-width .dt-css-grid .wf-cell {\n    width: 50%;\n  }\n  .cssgridlegacy.no-cssgrid .portfolio-shortcode.portfolio-masonry-shortcode-id-a2551d28a25bbc21ce39e80dd2c5abf2.resize-by-browser-width .dt-css-grid .wf-cell.double-width,\n  .no-cssgridlegacy.no-cssgrid .portfolio-shortcode.portfolio-masonry-shortcode-id-a2551d28a25bbc21ce39e80dd2c5abf2.resize-by-browser-width .dt-css-grid .wf-cell.double-width {\n    width: calc(50%)*2;\n  }\n}\n@media screen and (max-width: 991px) {\n  .portfolio-shortcode.portfolio-masonry-shortcode-id-a2551d28a25bbc21ce39e80dd2c5abf2.resize-by-browser-width .dt-css-grid {\n    grid-template-columns: repeat(1,1fr);\n  }\n  .cssgridlegacy.no-cssgrid .portfolio-shortcode.portfolio-masonry-shortcode-id-a2551d28a25bbc21ce39e80dd2c5abf2.resize-by-browser-width .dt-css-grid .wf-cell,\n  .no-cssgridlegacy.no-cssgrid .portfolio-shortcode.portfolio-masonry-shortcode-id-a2551d28a25bbc21ce39e80dd2c5abf2.resize-by-browser-width .dt-css-grid .wf-cell {\n    width: 100%;\n  }\n  .cssgridlegacy.no-cssgrid .portfolio-shortcode.portfolio-masonry-shortcode-id-a2551d28a25bbc21ce39e80dd2c5abf2.resize-by-browser-width .dt-css-grid .wf-cell.double-width,\n  .no-cssgridlegacy.no-cssgrid .portfolio-shortcode.portfolio-masonry-shortcode-id-a2551d28a25bbc21ce39e80dd2c5abf2.resize-by-browser-width .dt-css-grid .wf-cell.double-width {\n    width: calc(100%)*2;\n  }\n}\n@media screen and (max-width: 767px) {\n  .portfolio-shortcode.portfolio-masonry-shortcode-id-a2551d28a25bbc21ce39e80dd2c5abf2.resize-by-browser-width .dt-css-grid {\n    grid-template-columns: repeat(1,1fr);\n  }\n  .portfolio-shortcode.portfolio-masonry-shortcode-id-a2551d28a25bbc21ce39e80dd2c5abf2.resize-by-browser-width .dt-css-grid .double-width {\n    grid-column: span 1;\n  }\n  .cssgridlegacy.no-cssgrid .portfolio-shortcode.portfolio-masonry-shortcode-id-a2551d28a25bbc21ce39e80dd2c5abf2.resize-by-browser-width .dt-css-grid .wf-cell,\n  .no-cssgridlegacy.no-cssgrid .portfolio-shortcode.portfolio-masonry-shortcode-id-a2551d28a25bbc21ce39e80dd2c5abf2.resize-by-browser-width .dt-css-grid .wf-cell {\n    width: 100%;\n  }\n  .cssgridlegacy.no-cssgrid .portfolio-shortcode.portfolio-masonry-shortcode-id-a2551d28a25bbc21ce39e80dd2c5abf2.resize-by-browser-width .dt-css-grid .wf-cell.double-width,\n  .no-cssgridlegacy.no-cssgrid .portfolio-shortcode.portfolio-masonry-shortcode-id-a2551d28a25bbc21ce39e80dd2c5abf2.resize-by-browser-width .dt-css-grid .wf-cell.double-width {\n    width: calc(100%)*2;\n  }\n}<\/style><div class=\"portfolio-shortcode portfolio-masonry-shortcode-id-a2551d28a25bbc21ce39e80dd2c5abf2 mode-grid bottom-overlap-layout-list content-bg-on jquery-filter content-align-center dt-icon-bg-on dt-icon-border-on dt-icon-hover-on dt-icon-hover-border-on dt-icon-hover-bg-on dt-css-grid-wrap enable-bg-rollover resize-by-browser-width  loading-effect-none description-under-image \" data-padding=\"25px\" data-cur-page=\"1\" data-post-limit=\"6\" data-pagination-mode=\"pages\" aria-live=\"assertive\" data-desktop-columns-num=\"2\" data-v-tablet-columns-num=\"1\" data-h-tablet-columns-num=\"2\" data-phone-columns-num=\"1\" data-width=\"0px\" data-columns=\"0\"><div class=\"iso-filter css-grid-filter extras-off filter\"><div class=\"filter-categories\" data-default-order=\"desc\" data-default-orderby=\"date\"><a href=\"https:\/\/laboklin.de\/de-ch\/fachinformationen\/\" class=\"show-all act\" data-filter=\"*\" aria-label=\"Apply filter: View all\">View all<\/a><a href=\"https:\/\/laboklin.de\/de-ch\/fachinformationen\/?term=479\" class=\"labor-de-ch\" data-filter=\".category-479\" aria-label=\"Apply filter: Labor\">Labor<\/a><a href=\"https:\/\/laboklin.de\/de-ch\/fachinformationen\/?term=480\" class=\"basel-de-ch\" data-filter=\".category-480\" aria-label=\"Apply filter: Basel\">Basel<\/a><\/div><\/div><div class=\"dt-css-grid\" ><div class=\"visible wf-cell category-479 category-480\" data-post-id=\"1432104\" data-date=\"2025-06-26T10:00:45+02:00\" data-name=\"Tierarzt oder TPA (m\/w\/d) 60-80% im Aussendienst Region Westschweiz\"><article class=\"post visible post-1432104 dt_portfolio type-dt_portfolio status-publish has-post-thumbnail hentry dt_portfolio_category-labor-de-ch dt_portfolio_category-basel-de-ch dt_portfolio_category-479 dt_portfolio_category-480\" data-name=\"Tierarzt oder TPA (m\/w\/d) 60-80% im Aussendienst Region Westschweiz\" data-date=\"2025-06-26T10:00:45+02:00\">\n\n<div class=\"post-thumbnail-wrap rollover-active \">\n\t<div class=\"post-thumbnail\">\n\n\t\t<a href=\"https:\/\/laboklin.de\/de-ch\/laboklin_offene_stellen\/tierarzt-oder-tpa-aussendienst-westschweiz\/\" class=\"post-thumbnail-rollover layzr-bg\" target=\"\"  aria-label=\"Post image\"><img fetchpriority=\"high\" decoding=\"async\" class=\"iso-lazy-load preload-me iso-lazy-load aspect\" src=\"data:image\/svg+xml,%3Csvg%20xmlns%3D&#39;http%3A%2F%2Fwww.w3.org%2F2000%2Fsvg&#39;%20viewBox%3D&#39;0%200%20990%20660&#39;%2F%3E\" data-src=\"https:\/\/laboklin.de\/wp-content\/uploads\/2022\/02\/DSC_7390-1-scaled-990x660.jpg\" data-srcset=\"https:\/\/laboklin.de\/wp-content\/uploads\/2022\/02\/DSC_7390-1-scaled-990x660.jpg 990w, https:\/\/laboklin.de\/wp-content\/uploads\/2022\/02\/DSC_7390-1-scaled-1485x990.jpg 1485w\" loading=\"eager\" style=\"--ratio: 990 \/ 660\" sizes=\"(max-width: 990px) 100vw, 990px\" alt=\"\" title=\"DSC_7390\" width=\"990\" height=\"660\"  \/><\/a><div class=\"project-links-container\"><a href=\"https:\/\/laboklin.de\/de-ch\/laboklin_offene_stellen\/tierarzt-oder-tpa-aussendienst-westschweiz\/\" target=\"\" class=\"project-details\" aria-label=\"Details link\"><span class=\"icon-portfolio-p205\"><\/span><\/a><\/div>\n\t<\/div>\n<\/div>\n\n\n<div class=\"post-entry-content\">\n\n\t<h3 class=\"entry-title\">\n\t\t<a href=\"https:\/\/laboklin.de\/de-ch\/laboklin_offene_stellen\/tierarzt-oder-tpa-aussendienst-westschweiz\/\" target=\"\" title=\"Tierarzt oder TPA (m\/w\/d) 60-80% im Aussendienst Region Westschweiz\" rel=\"bookmark\">Tierarzt oder TPA (m\/w\/d) 60-80% im Aussendienst Region Westschweiz<\/a>\n\t<\/h3>\n\n\t<div class=\"entry-meta portfolio-categories\"><span class=\"category-link\"><a href=\"https:\/\/laboklin.de\/de-ch\/project-category\/labor-de-ch\/\" >Labor<\/a>, <a href=\"https:\/\/laboklin.de\/de-ch\/project-category\/basel-de-ch\/\" >Basel<\/a><\/span><\/div>\n\t<div class=\"entry-excerpt\"><p>[vc_row][vc_column css=&#187;.vc_custom_1692774461098{margin-top: 20px !important;}&#187;][vc_column_text css=&#187;&#187;]LABOKLIN ist ein Fachlabor f\u00fcr veterin\u00e4rmedizinische Diagnostik und besch\u00e4ftigt international \u00fcber 700 Mitarbeitende. Unser Spektrum reicht von Untersuchungen aus dem Bereich der Mikrobiologie, klinischen Labordiagnostik und Allergie bis hin zur Pathologie und Genetik. Zur Verst\u00e4rkung unseres Teams am Standort Basel suchen wir zum n\u00e4chstm\u00f6glichen Termin einen &nbsp; Tierarzt oder TPA (m\/w\/d)&hellip;<\/p>\n<\/div>\n\t<a class=\"dt-btn-s dt-btn post-details details-type-btn\" href=\"https:\/\/laboklin.de\/de-ch\/laboklin_offene_stellen\/tierarzt-oder-tpa-aussendienst-westschweiz\/\" target=\"\">Details<i class=\"dt-icon-the7-arrow-03\" aria-hidden=\"true\"><\/i><\/a>\n<\/div><\/article><\/div><div class=\"visible wf-cell category-479 category-480\" data-post-id=\"1436016\" data-date=\"2025-06-26T09:31:39+02:00\" data-name=\"Labortierarzt (m\/w\/d) 60-80%\"><article class=\"post visible post-1436016 dt_portfolio type-dt_portfolio status-publish has-post-thumbnail hentry dt_portfolio_category-labor-de-ch dt_portfolio_category-basel-de-ch dt_portfolio_category-479 dt_portfolio_category-480\" data-name=\"Labortierarzt (m\/w\/d) 60-80%\" data-date=\"2025-06-26T09:31:39+02:00\">\n\n<div class=\"post-thumbnail-wrap rollover-active \">\n\t<div class=\"post-thumbnail\">\n\n\t\t<a href=\"https:\/\/laboklin.de\/de-ch\/laboklin_offene_stellen\/labortierarzt-m-w-d-60-80\/\" class=\"post-thumbnail-rollover layzr-bg\" target=\"\"  aria-label=\"Post image\"><img decoding=\"async\" class=\"iso-lazy-load preload-me iso-lazy-load aspect\" src=\"data:image\/svg+xml,%3Csvg%20xmlns%3D&#39;http%3A%2F%2Fwww.w3.org%2F2000%2Fsvg&#39;%20viewBox%3D&#39;0%200%20990%20660&#39;%2F%3E\" data-src=\"https:\/\/laboklin.de\/wp-content\/uploads\/2020\/09\/header_tierarzt_patho-990x660.jpg\" data-srcset=\"https:\/\/laboklin.de\/wp-content\/uploads\/2020\/09\/header_tierarzt_patho-990x660.jpg 990w, https:\/\/laboklin.de\/wp-content\/uploads\/2020\/09\/header_tierarzt_patho-1485x990.jpg 1485w\" loading=\"eager\" style=\"--ratio: 990 \/ 660\" sizes=\"(max-width: 990px) 100vw, 990px\" alt=\"\" title=\"Header_Tierarzt_Patho\" width=\"990\" height=\"660\"  \/><\/a><div class=\"project-links-container\"><a href=\"https:\/\/laboklin.de\/de-ch\/laboklin_offene_stellen\/labortierarzt-m-w-d-60-80\/\" target=\"\" class=\"project-details\" aria-label=\"Details link\"><span class=\"icon-portfolio-p205\"><\/span><\/a><\/div>\n\t<\/div>\n<\/div>\n\n\n<div class=\"post-entry-content\">\n\n\t<h3 class=\"entry-title\">\n\t\t<a href=\"https:\/\/laboklin.de\/de-ch\/laboklin_offene_stellen\/labortierarzt-m-w-d-60-80\/\" target=\"\" title=\"Labortierarzt (m\/w\/d) 60-80%\" rel=\"bookmark\">Labortierarzt (m\/w\/d) 60-80%<\/a>\n\t<\/h3>\n\n\t<div class=\"entry-meta portfolio-categories\"><span class=\"category-link\"><a href=\"https:\/\/laboklin.de\/de-ch\/project-category\/labor-de-ch\/\" >Labor<\/a>, <a href=\"https:\/\/laboklin.de\/de-ch\/project-category\/basel-de-ch\/\" >Basel<\/a><\/span><\/div>\n\t<div class=\"entry-excerpt\"><p>[vc_row][vc_column][vc_column_text css=&#187;&#187;] Wir sind ein international t\u00e4tiges Unternehmen mit einem grossen Portfolio an Laborleistungen f\u00fcr Tier\u00e4rzte. &nbsp; Zur Verst\u00e4rkung unseres Teams am Standort Basel suchen wir per sofort oder nach Vereinbarung einen &nbsp; Labortierarzt (m\/w\/d) 60-80% &nbsp; Ihre Aufgaben: Validierung der Befunde, Beratung unserer Kunden im Bereich klinische Labordiagnostik, Beurteilung zytologischer Pr\u00e4parate, Mithilfe im Routinebetrieb&hellip;<\/p>\n<\/div>\n\t<a class=\"dt-btn-s dt-btn post-details details-type-btn\" href=\"https:\/\/laboklin.de\/de-ch\/laboklin_offene_stellen\/labortierarzt-m-w-d-60-80\/\" target=\"\">Details<i class=\"dt-icon-the7-arrow-03\" aria-hidden=\"true\"><\/i><\/a>\n<\/div><\/article><\/div><\/div><!-- iso-container|iso-grid --><div class=\"paginator\" role=\"navigation\"><\/div><\/div>[\/vc_column][\/vc_row]<\/p>\n<\/div>","protected":false},"excerpt":{"rendered":"<p>[vc_row][vc_column][vc_column_text css=&#187;.vc_custom_1679837886183{margin-top: 50px !important;}&#187;] Hier sind Informationen zur Probenahme und zum\u00a0Versand (Pr\u00e4analytik), Videos zur Probennahme, Fotos zu Untersuchungsbefunden, Referenzwerte\u00a0und spezielle Informationen zu einzelnen Tests zusammengestellt. Diese Rubrik zeigt\u00a0auch, auf welchen Gebieten Laboklin forscht,\u00a0 neue Tests entwickelt oder die Befunde aus der Routine wissenschaftlich auswertet. Beitr\u00e4ge von Laboklin auf Kongressen finden Sie entweder unter\u00a0&#171;Publikationen&#187;\u00a0oder unter\u00a0&#171;Poster&#187;. Die&hellip;<\/p>\n","protected":false},"author":1,"featured_media":0,"parent":0,"menu_order":58,"comment_status":"closed","ping_status":"closed","template":"","meta":{"_seopress_robots_primary_cat":"","_seopress_titles_title":"","_seopress_titles_desc":"","_seopress_robots_index":"","footnotes":""},"class_list":["post-1332640","page","type-page","status-publish","hentry","description-off"],"_links":{"self":[{"href":"https:\/\/laboklin.de\/de-ch\/wp-json\/wp\/v2\/pages\/1332640","targetHints":{"allow":["GET"]}}],"collection":[{"href":"https:\/\/laboklin.de\/de-ch\/wp-json\/wp\/v2\/pages"}],"about":[{"href":"https:\/\/laboklin.de\/de-ch\/wp-json\/wp\/v2\/types\/page"}],"author":[{"embeddable":true,"href":"https:\/\/laboklin.de\/de-ch\/wp-json\/wp\/v2\/users\/1"}],"replies":[{"embeddable":true,"href":"https:\/\/laboklin.de\/de-ch\/wp-json\/wp\/v2\/comments?post=1332640"}],"version-history":[{"count":2,"href":"https:\/\/laboklin.de\/de-ch\/wp-json\/wp\/v2\/pages\/1332640\/revisions"}],"predecessor-version":[{"id":1430319,"href":"https:\/\/laboklin.de\/de-ch\/wp-json\/wp\/v2\/pages\/1332640\/revisions\/1430319"}],"wp:attachment":[{"href":"https:\/\/laboklin.de\/de-ch\/wp-json\/wp\/v2\/media?parent=1332640"}],"curies":[{"name":"wp","href":"https:\/\/api.w.org\/{rel}","templated":true}]}}