{"id":1326935,"date":"2022-12-19T10:42:37","date_gmt":"2022-12-19T09:42:37","guid":{"rendered":"https:\/\/laboklin.de\/wir-von-laboklin-wuenschen-ihnen-schoene-feiertage\/"},"modified":"2022-12-19T10:42:37","modified_gmt":"2022-12-19T09:42:37","slug":"wir-von-laboklin-wuenschen-ihnen-schoene-feiertage","status":"publish","type":"page","link":"https:\/\/laboklin.de\/de-ch\/wir-von-laboklin-wuenschen-ihnen-schoene-feiertage\/","title":{"rendered":"Wir von LABOKLIN w\u00fcnschen Ihnen sch\u00f6ne Feiertage!"},"content":{"rendered":"<div class=\"wpb-content-wrapper\"><p>[vc_row type=&#187;vc_default&#187; css=&#187;.vc_custom_1639642034337{margin-bottom: 30px !important;}&#187;][vc_column][vc_column_text]<em><strong>Liebe Kolleginnen und Kollegen,<\/strong><\/em><\/p>\n<p>Wieder neigt sich ein ereignisreiches Jahr dem Ende und wir m\u00f6chten nat\u00fcrlich auch zum Jahreswechsel wie gewohnt f\u00fcr Sie da sein:<\/p>\n<p>\ud83c\udf1f Freitag, 23.12.2022: Labor regul\u00e4r ge\u00f6ffnet, regul\u00e4re Probenabholung durch Kurier m\u00f6glich<br \/>\n\ud83c\udf1f Samstag, 24.12.2022: Labor bis 13 Uhr erreichbar, keine Kurierabholungen m\u00f6glich<br \/>\n\ud83c\udf1f Sonntag, 25.12.2022: Labor geschlossen<br \/>\n\ud83c\udf1f Montag, 26.12.2022: Labor geschlossen<br \/>\n\ud83c\udf1f 27. &#8211; 30.12.2022: Labor regul\u00e4r ge\u00f6ffnet, regul\u00e4re Probenabholung durch Kurier m\u00f6glich<br \/>\n\ud83c\udf1f Samstag, 31.12.2022: Labor bis 13 Uhr erreichbar, keine Kurierabholungen m\u00f6glich<br \/>\n\ud83c\udf1f Sonntag, 01.01.2023: Labor geschlossen<br \/>\n\ud83c\udf1f 02. &#8211; 05.01.2023: Labor regul\u00e4r ge\u00f6ffnet, regul\u00e4re Probenabholung durch Kurier m\u00f6glich<br \/>\n\ud83c\udf1f Freitag, 06.01.2023: Labor regul\u00e4r ge\u00f6ffnet, Probenabholung durch Kurier gebietsweise m\u00f6glich<\/p>\n<p>Wir w\u00fcnschen Ihnen frohe Festtage im Kreise Ihrer Liebsten und freuen uns auf ein gemeinsames Jahr 2023![\/vc_column_text][\/vc_column][\/vc_row]<\/p>\n<\/div>","protected":false},"excerpt":{"rendered":"<p>[vc_row type=&#187;vc_default&#187; css=&#187;.vc_custom_1639642034337{margin-bottom: 30px !important;}&#187;][vc_column][vc_column_text]Liebe Kolleginnen und Kollegen, Wieder neigt sich ein ereignisreiches Jahr dem Ende und wir m\u00f6chten nat\u00fcrlich auch zum Jahreswechsel wie gewohnt f\u00fcr Sie da sein: \ud83c\udf1f Freitag, 23.12.2022: Labor regul\u00e4r ge\u00f6ffnet, regul\u00e4re Probenabholung durch Kurier m\u00f6glich \ud83c\udf1f Samstag, 24.12.2022: Labor bis 13 Uhr erreichbar, keine Kurierabholungen m\u00f6glich \ud83c\udf1f Sonntag, 25.12.2022: Labor&hellip;<\/p>\n","protected":false},"author":1,"featured_media":0,"parent":0,"menu_order":1,"comment_status":"closed","ping_status":"closed","template":"","meta":{"_seopress_robots_primary_cat":"","_seopress_titles_title":"","_seopress_titles_desc":"","_seopress_robots_index":"","footnotes":""},"class_list":["post-1326935","page","type-page","status-publish","hentry","description-off"],"_links":{"self":[{"href":"https:\/\/laboklin.de\/de-ch\/wp-json\/wp\/v2\/pages\/1326935","targetHints":{"allow":["GET"]}}],"collection":[{"href":"https:\/\/laboklin.de\/de-ch\/wp-json\/wp\/v2\/pages"}],"about":[{"href":"https:\/\/laboklin.de\/de-ch\/wp-json\/wp\/v2\/types\/page"}],"author":[{"embeddable":true,"href":"https:\/\/laboklin.de\/de-ch\/wp-json\/wp\/v2\/users\/1"}],"replies":[{"embeddable":true,"href":"https:\/\/laboklin.de\/de-ch\/wp-json\/wp\/v2\/comments?post=1326935"}],"version-history":[{"count":0,"href":"https:\/\/laboklin.de\/de-ch\/wp-json\/wp\/v2\/pages\/1326935\/revisions"}],"wp:attachment":[{"href":"https:\/\/laboklin.de\/de-ch\/wp-json\/wp\/v2\/media?parent=1326935"}],"curies":[{"name":"wp","href":"https:\/\/api.w.org\/{rel}","templated":true}]}}