{"id":1583286,"date":"2026-01-19T12:53:33","date_gmt":"2026-01-19T11:53:33","guid":{"rendered":"https:\/\/laboklin.de\/?page_id=1583286"},"modified":"2026-01-19T12:53:34","modified_gmt":"2026-01-19T11:53:34","slug":"ridge","status":"publish","type":"page","link":"https:\/\/laboklin.de\/de-at\/leistungen\/genetik\/erbkrankheiten\/hund\/ridge\/","title":{"rendered":"Ridge"},"content":{"rendered":"<h3 class=\"csc-firstHeader\">Ridge<\/h3><p><span>LABOKLIN Leistungs-ID: 8970<\/span><\/p><p class=\"bodytext\"><p>Charakteristisches Merkmal der Rasse Rhodesian Ridgeback ist der Ridge (R\u00fcckenkamm): ein deutlich abgegrenzter Streifen auf dem R\u00fccken, bei dem die Haare in entgegengesetzter Richtung zum \u00fcbrigen Fell wachsen, also von hinten nach vorne ausgerichtet sind.<\/p><p>Das Aussehen des Ridge wird durch die jeweiligen Rassestandards klar definiert. Beim Rhodesian Ridgeback sollte der Ridge unmittelbar hinter den Schultern beginnen und mittig \u00fcber den R\u00fccken bis etwa zur H\u00f6he der H\u00fcfth\u00f6cker verlaufen, dabei nach hinten hin etwas schmaler werden. Er sollte sich klar vom \u00fcbrigen Fell abgrenzen und im Schulterbereich idealerweise eine Breite von etwa 4\u20135 cm aufweisen. Innerhalb des Ridges k\u00f6nnen sich zwei Haarwirbel (sogenannte Crowns) ausbilden, die sich idealerweise spiegelbildlich gegen\u00fcberstehen.<\/p><p>Die Auspr\u00e4gung des Ridge wird durch eine genetische Variante im <em>Ridge<\/em>-Gen auf Chromosom 18 verursacht. Bei dieser Variante handelt es sich um eine Duplikation eines 133 kb langen DNA-Abschnittes, der mehrere Gene aus der FGF-Familie (FGF3, FGF4, FGF19, ORAOV1) sowie angrenzende Bereiche umfasst. Es handelt sich um eine autosomal-dominante Variante mit unvollst\u00e4ndiger Penetranz. Die folgenden Genotypen k\u00f6nnen vorliegen: <ul><li><strong>r\/r:<\/strong> ohne Ridge (ridgeless); die Ridge-Variante ist nicht vorhanden und kann nicht an die Nachkommen vererbt werden<\/li><br><li><strong>R\/r:<\/strong> heterozygot; eine Kopie der Ridge-Variante ist vorhanden und kann mit 50 % Wahrscheinlichkeit an die Nachkommen vererbt werden; 95 % der R\/r-Hunde tragen einen Ridge, bei ca. 5 % der R\/r-Hunde ist das dominante R-Allel stillgelegt (silenced), sodass diese Hunde keinen Ridge aufweisen<\/li><br><li><strong>R\/R:<\/strong> homozygot; zwei Kopien der Ridge-Variante sind vorhanden, die Ridge-Variante wird zu 100 % an die Nachkommen weitervererbt<\/li><\/ul><\/p><p>Anhand des Gentests kann ermittelt unterschieden werden, ob das Ridge-Gen heterozygot (R\/r) oder homozygot (R\/R) vorliegt. So l\u00e4sst sich anhand der Genotypen der Verpaarungspartner vorhersagen, ob bei den Nachkommen auch Welpen ohne Ridge zu erwarten sind.<\/p><p>Es gibt Hinweise darauf, dass Abweichungen vom gew\u00fcnschten Aussehen des Ridges, wie beispielsweise ein verk\u00fcrzter oder partieller R\u00fcckenkamm oder das Vorliegen von mehr als zwei Haarwirbeln (Crowns), m\u00f6glicherweise geh\u00e4uft bei Hunden mit dem Genotyp R\/R vorkommen. Die genauen Zusammenh\u00e4nge wurden jedoch noch nicht abschlie\u00dfend untersucht.<\/p><\/p><table class=\"tx-laboklinleistung-table contenttable contenttable-2\" style=\"margin-top: 35px;\"><tr><td class=\"td-0\"><strong>Methode<\/strong><\/td><td class=\"td-1\"><p class=\"bodytext\">droplet digital PCR  <\/p><\/td><\/tr><tr><td class=\"td-0\"><strong>Rasse<\/strong><\/td><td class=\"td-1\"><p class=\"bodytext\">Rhodesian Ridgeback<\/p><\/td><\/tr><tr><td class=\"td-0\"><strong>Erbgang<\/strong><\/td><td class=\"td-1\"><p class=\"bodytext\">autosomal-dominant mit unvollst\u00e4ndiger Penetranz<\/p><\/td><\/tr><tr><td class=\"td-0\"><strong>Dauer<\/strong><\/td><td class=\"td-1\"><p class=\"bodytext\">1 - 2 Wochen nach Erhalt der Probe<\/p><\/td><\/tr><\/table>\n","protected":false},"excerpt":{"rendered":"<p>RidgeLABOKLIN Leistungs-ID: 8970Charakteristisches Merkmal der Rasse Rhodesian Ridgeback ist der Ridge (R\u00fcckenkamm): ein deutlich abgegrenzter Streifen auf dem R\u00fccken, bei dem die Haare in entgegengesetzter Richtung zum \u00fcbrigen Fell wachsen, also von hinten nach vorne ausgerichtet sind.Das Aussehen des Ridge wird durch die jeweiligen Rassestandards klar definiert. Beim Rhodesian Ridgeback sollte der Ridge unmittelbar hinter&hellip;<\/p>\n","protected":false},"author":18,"featured_media":0,"parent":1332701,"menu_order":168,"comment_status":"closed","ping_status":"closed","template":"","meta":{"_seopress_robots_primary_cat":"","_seopress_titles_title":"","_seopress_titles_desc":"","_seopress_robots_index":"","footnotes":""},"class_list":["post-1583286","page","type-page","status-publish","hentry","description-off"],"_links":{"self":[{"href":"https:\/\/laboklin.de\/de-at\/wp-json\/wp\/v2\/pages\/1583286","targetHints":{"allow":["GET"]}}],"collection":[{"href":"https:\/\/laboklin.de\/de-at\/wp-json\/wp\/v2\/pages"}],"about":[{"href":"https:\/\/laboklin.de\/de-at\/wp-json\/wp\/v2\/types\/page"}],"author":[{"embeddable":true,"href":"https:\/\/laboklin.de\/de-at\/wp-json\/wp\/v2\/users\/18"}],"replies":[{"embeddable":true,"href":"https:\/\/laboklin.de\/de-at\/wp-json\/wp\/v2\/comments?post=1583286"}],"version-history":[{"count":1,"href":"https:\/\/laboklin.de\/de-at\/wp-json\/wp\/v2\/pages\/1583286\/revisions"}],"predecessor-version":[{"id":1583288,"href":"https:\/\/laboklin.de\/de-at\/wp-json\/wp\/v2\/pages\/1583286\/revisions\/1583288"}],"up":[{"embeddable":true,"href":"https:\/\/laboklin.de\/de-at\/wp-json\/wp\/v2\/pages\/1332701"}],"wp:attachment":[{"href":"https:\/\/laboklin.de\/de-at\/wp-json\/wp\/v2\/media?parent=1583286"}],"curies":[{"name":"wp","href":"https:\/\/api.w.org\/{rel}","templated":true}]}}