{"id":1569699,"date":"2025-10-23T16:53:51","date_gmt":"2025-10-23T14:53:51","guid":{"rendered":"https:\/\/laboklin.de\/?page_id=1569699"},"modified":"2025-10-23T16:53:52","modified_gmt":"2025-10-23T14:53:52","slug":"double-coat","status":"publish","type":"page","link":"https:\/\/laboklin.de\/de-at\/leistungen\/genetik\/fellfarbe-haarstruktur\/hund\/double-coat\/","title":{"rendered":"Double Coat"},"content":{"rendered":"<h3 class=\"csc-firstHeader\">Double Coat<\/h3><p><span>LABOKLIN Leistungs-ID: 8523<\/span><\/p><p class=\"bodytext\">Die Haare eines Hundes variieren nicht nur in L\u00e4nge und Struktur der Einzelhaare, sondern sind je nach Rasse als doppelte (double coat) oder einfache (single coat) Haarschicht zu finden. Die beiden Fellschichten unterscheiden sich in der Funktion und Struktur der Haare. W\u00e4hrend die Prim\u00e4r- oder Deckhaare bei allen Hunden zu finden sind und eine Deckschicht bilden, die neben der Farbe des Hundes prim\u00e4r verschiedene Schutzfunktionen erf\u00fcllen, sind die zahlreichen feinen Haare der m\u00f6glichen Unterwolle, die nur bei Hunden mit double coat zu finden sind, sehr weich und dienen der Isolierung. Der genetische Test unterscheidet zwischen dem als Wildtyp-Variante vermuteten Allel \u201eA\u201c (ancestral), welches mit double coat assoziiert ist und dem rezessiven Allel \u201eD\u201c (derived), das in homozygoter Form haupts\u00e4chlich bei Hunden mit single coat vorkommt, und kann als Hilfestellung zur Auswahl von Hunden mit dem gew\u00fcnschten Felltyp eingesetzt werden<\/p><table class=\"tx-laboklinleistung-table contenttable contenttable-2\" style=\"margin-top: 35px;\"><tr><td class=\"td-0\"><strong>Methode<\/strong><\/td><td class=\"td-1\"><p class=\"bodytext\">Sequenzierung<\/p><\/td><\/tr><tr><td class=\"td-0\"><strong>Rasse<\/strong><\/td><td class=\"td-1\"><p class=\"bodytext\">Affenpinscher, Afghanischer Windhund, Airedale Terrier, Akita, Alaskan Husky, Alaskan Klee Kai, Alaskan Malamute, Alpenl\u00e4ndische Dachsbracke, Altdeutscher H\u00fctehund, Altd\u00e4nischer Vorstehhund, American Bulldog, American Bully, American Cocker Spaniel, American Eskimo Dog, American Hairless Terrier, American Pitbull Terrier, American Staffordshire Terrier, Amerikanischer Akita, Anatolischer Hirtenhund, Anglo-Francais de Petite V\u00e9n\u00e9rie, Appenzeller Sennenhund, Ardennen-Treibhund, Australian Cattle Dog, Australian Kelpie, Australian Shepherd, Australian Silky Terrier, Australian Stumpy Tail Cattle Dog, Australian Terrier, Azawakh, Barsoi, Basenji, Basset Fauve de Bretagne, Basset Hound, Beagle, Bearded Collie, Beauceron, Bedlington Terrier\u00a0, Belgischer Sch\u00e4ferhund, Berger de Savoie, Berner Sennenhund, Bernhardiner (St. Bernhardshund), Bichon Fris\u00e9, Blauer Griffon der Gascogne, Blauer Picardie-Spaniel, Bluthund, Bobtail, Boerboel, Bologneser, Bolonka Zwetna, Bordeauxdogge, Border Collie, Border Terrier, Boston Terrier, Bourbonnaiser Vorstehhund, Bouvier des Flandres, Boykin Spaniel, Bracco Italiano, Brasilianischer Terrier, Bretonischer Spaniel, Briard, Broholmer, Bull Terrier, Bullmastiff, B\u00f6hmisch Rauhbart (Cesk\u00fd Fousek), Cairn Terrier, Cane Corso Italiano, Cardigan Welsh Corgi, Catahoula Leopard Dog (Louisiana), Cavalier King Charles Spaniel, Cesk\u00fd Terrier, Chesapeake Bay Retriever, Chihuahua, Chinese Crested Dog, Chinook, Chodenhund, Chow Chow, Clumber Spaniel, Collie (Kurzhaar\/Langhaar), Continental Bulldog, Coton de Tul\u00e9ar, Curly Coated Retriever, Cursinu, Dackel (Dachshund), Dalmatiner, Dandie Dinmont Terrier, Dansk-Svensk Gardshund, Deerhound, Deutsch Drahthaar, Deutsch Kurzhaar, Deutsch Langhaar, Deutsche Bracke, Deutsche Dogge, Deutscher Boxer, Deutscher Jagdterrier, Deutscher Pinscher, Deutscher Sch\u00e4ferhund, Deutscher Spitz, Deutscher Wachtelhund, Do-Khyi (Tibet Mastiff), Dobermann, Dogo Argentino, Drentsche Patrijshond, Elo, Englische Bulldogge, Englischer Pointer, Englischer Toy Terrier, English Cocker Spaniel, English Foxhound, English Setter, English Shepherd, English Springer Spaniel, Entlebucher Sennenhund, Eurasier, Field Spaniel, Fila Brasileiro, Finnischer Lapphund, Finnischer Laufhund, Flat Coated Retriever, Fox Terrier, Franz\u00f6sische Bulldogge, Franz\u00f6sischer Rauhaariger Vorstehhund (Korthals), Franz\u00f6sischer Spaniel, Franz\u00f6sischer Wasserhund (Barbet), Friesischer Wasserhund, Galgo Espanol, Golden Retriever, Gordon Setter, Greyhound, Griffon Fauve de Bretagne, Groenendael, Gro\u00dfer M\u00fcnsterl\u00e4nder Vorstehhund, Gro\u00dfer Schweizer Sennenhund, Gro\u00dfspitz, Gr\u00f6nlandhund, Havaneser, Heideterrier, Hokkaido, Holl\u00e4ndischer Sch\u00e4ferhund, Hovawart, Irischer Glen of Imaal Terrier, Irischer Soft Coated Wheaten Terrier, Irischer Terrier, Irischer Wasserspaniel, Irischer Wolfshund, Irish Red Setter, Irish Red and White Setter, Islandhund, Italienisches Windspiel, Jack Russell Terrier, Jagd Terrier, Japan-Chin, Kanaan-Hund, Kangal-Hirtenhund, Karelischer B\u00e4renhund, Katalanischer Sch\u00e4ferhund, Kerry Blue Terrier, Kleiner Basset Griffon Vendeen, Kleiner M\u00fcnsterl\u00e4nder, Komondor, Kontinentaler Zwergspaniel, Kooikerhondje, Kroatischer Sch\u00e4ferhund, Kromfohrl\u00e4nder, Kurzhaardackel, Kuvasz, Labradoodle, Labrador Retriever, Laekenois, Lagotto Romagnolo, Lakeland Terrier, Lancashire Heeler, Landseer, Langhaardackel, Lappl\u00e4ndischer Rentierhund, Leonberger, Lhasa Apso, Lucas Terrier, Magyar Agar, Magyar Vizsla, Malinois, Malteser, Manchester Terrier, Maremmen-Abruzzen-Sch\u00e4ferhund, Markiesje, Mastiff, Mastino Napoletano, McNab\u00a0, Mexikanischer Nackthund, Miniature American Shepherd, Miniature Bull Terrier, Mischling, Mittelasiatischer Sch\u00e4ferhund, Mops, Mudi, Neufundl\u00e4nder, Neuseel\u00e4ndischer Huntaway, Norfolk Terrier, Norrbottenspitz, Northern Inuit, Norwegischer Buhund, Norwegischer Elchhund, Norwegischer Lundehund, Norwich Terrier, Nova Scotia Duck Tolling Retriever, Olde English Bulldogge, Papillon, Parson Russell Terrier, Patterdale Terrier, Pekingese, Pembroke Welsh Corgi, Peruanischer Nackthund, Phal\u00e8ne, Pharaonenhund, Picardie-Sch\u00e4ferhund, Picardie-Spaniel, Podenco, Polnischer Niederungsh\u00fctehund (PON), Pont-Audemer Spaniel, Porcelaine, Portugiesischer Vorstehhund, Portugiesischer Wasserhund, Prager Rattler, Presa Canario, Pudel, Puli, Pumi, Pyren\u00e4en Sch\u00e4ferhund, Pyren\u00e4en-Berghund, Pyren\u00e4en-Mastiff, Rat Terrier, Rauhhaardackel, Rhodesian Ridgeback, Riesenschnauzer, Rottweiler, Russisch-Europ\u00e4ischer Laika, Russischer Schwarzer Terrier, Saarlooswolfhund, Saluki, Samojede, Schafpudel, Schapendoes, Schipperke, Schnauzer, Schottischer Terrier, Schwedischer Lapphund, Schwedischer Wallhund (V\u00e4stg\u00f6taspets), Sealyham Terrier, Shar Pei, Shetland Sheepdog (Sheltie) , Shiba, Shih Tzu, Siberian Husky, Silken Windhound, Silken Windsprite (Langhaar-Whippet), Skye Terrier, Sloughi, Slowakischer Rauhbart, Spanischer Mastiff, Spanischer Wasserhund, Spinone Italiano, Stabijhoun, Staffordshire Bull Terrier, Sussex Spaniel, Tamaskan, Tatra-Sch\u00e4ferhund, Teddy Roosevelt Terrier, Tenterfield Terrier, Tervueren, Thailand-Ridgeback, Tibet Spaniel, Tibet-Terrier, Tosa, Toy Fox Terrier, Toy Pudel, Tschechoslowakischer Wolfhund, Volpino Italiano, Weimaraner, Wei\u00dfer Schweizer Sch\u00e4ferhund, Welsh Corgi (Cardigan\/Pembroke), Welsh Springer Spaniel, Welsh Terrier, West Highland White Terrier, Westfalen Terrier, Whippet, Wolfsspitz, W\u00e4ller, Yorkshire Terrier, Zwergpinscher, Zwergpudel, Zwergschnauzer, Zwergspitz, sonstige \/ unbekannt, \u00d6sterreichischer Pinscher<\/p><\/td><\/tr><tr><td class=\"td-0\"><strong>Erbgang<\/strong><\/td><td class=\"td-1\"><p class=\"bodytext\">autosomal-rezessiv<\/p><\/td><\/tr><tr><td class=\"td-0\"><strong>Dauer<\/strong><\/td><td class=\"td-1\"><p class=\"bodytext\">1 - 2 Wochen nach Erhalt der Probe<\/p><\/td><\/tr><\/table>\n","protected":false},"excerpt":{"rendered":"<p>Double CoatLABOKLIN Leistungs-ID: 8523Die Haare eines Hundes variieren nicht nur in L\u00e4nge und Struktur der Einzelhaare, sondern sind je nach Rasse als doppelte (double coat) oder einfache (single coat) Haarschicht zu finden. Die beiden Fellschichten unterscheiden sich in der Funktion und Struktur der Haare. W\u00e4hrend die Prim\u00e4r- oder Deckhaare bei allen Hunden zu finden sind&hellip;<\/p>\n","protected":false},"author":18,"featured_media":0,"parent":1332717,"menu_order":5,"comment_status":"closed","ping_status":"closed","template":"","meta":{"_seopress_robots_primary_cat":"","_seopress_titles_title":"","_seopress_titles_desc":"","_seopress_robots_index":"","footnotes":""},"class_list":["post-1569699","page","type-page","status-publish","hentry","description-off"],"_links":{"self":[{"href":"https:\/\/laboklin.de\/de-at\/wp-json\/wp\/v2\/pages\/1569699","targetHints":{"allow":["GET"]}}],"collection":[{"href":"https:\/\/laboklin.de\/de-at\/wp-json\/wp\/v2\/pages"}],"about":[{"href":"https:\/\/laboklin.de\/de-at\/wp-json\/wp\/v2\/types\/page"}],"author":[{"embeddable":true,"href":"https:\/\/laboklin.de\/de-at\/wp-json\/wp\/v2\/users\/18"}],"replies":[{"embeddable":true,"href":"https:\/\/laboklin.de\/de-at\/wp-json\/wp\/v2\/comments?post=1569699"}],"version-history":[{"count":1,"href":"https:\/\/laboklin.de\/de-at\/wp-json\/wp\/v2\/pages\/1569699\/revisions"}],"predecessor-version":[{"id":1569702,"href":"https:\/\/laboklin.de\/de-at\/wp-json\/wp\/v2\/pages\/1569699\/revisions\/1569702"}],"up":[{"embeddable":true,"href":"https:\/\/laboklin.de\/de-at\/wp-json\/wp\/v2\/pages\/1332717"}],"wp:attachment":[{"href":"https:\/\/laboklin.de\/de-at\/wp-json\/wp\/v2\/media?parent=1569699"}],"curies":[{"name":"wp","href":"https:\/\/api.w.org\/{rel}","templated":true}]}}