{"id":1567511,"date":"2025-10-14T10:37:39","date_gmt":"2025-10-14T08:37:39","guid":{"rendered":"https:\/\/laboklin.de\/?page_id=1567511"},"modified":"2025-10-14T10:37:40","modified_gmt":"2025-10-14T08:37:40","slug":"anti-erythrozytaere-antikoerper","status":"publish","type":"page","link":"https:\/\/laboklin.de\/de-at\/leistungen\/haematologie-klin-chemie-endokrinologie\/immunologische-untersuchungen-entzuendungsparameter\/anti-erythrozytaere-antikoerper\/","title":{"rendered":"Anti-erythrozyt\u00e4re Antik\u00f6rper"},"content":{"rendered":"<h3 class=\"csc-firstHeader\">Anti-erythrozyt\u00e4re Antik\u00f6rper<\/h3><p><span>LABOKLIN Leistungs-ID: 1134<\/span><\/p><p class=\"bodytext\"><br><\/p><table class=\"tx-laboklinleistung-table contenttable contenttable-2\" style=\"margin-top: 35px;\"><tr><td class=\"td-0\"><strong>Material<\/strong><\/td><td class=\"td-1\"><p class=\"bodytext\">EDTA-Blut 1 ml <\/p><\/td><\/tr><tr><td class=\"td-0\"><strong>Methode<\/strong><\/td><td class=\"td-1\"><p class=\"bodytext\">Durchflusszytometrie<\/p><\/td><\/tr><tr><td class=\"td-0\"><strong>Tierart(en)<\/strong><\/td><td class=\"td-1\"><p class=\"bodytext\">Pferd<\/p><\/td><\/tr><tr><td class=\"td-0\"><strong>Dauer<\/strong><\/td><td class=\"td-1\"><p class=\"bodytext\">Befund\u00fcbermittlung am Tag des Probeneingangs (Mo.-Fr.)<\/p><\/td><\/tr><tr><td class=\"td-0\"><strong>Anmerkung<\/strong><\/td><td class=\"td-1\"><p class=\"bodytext\"><ul><li>Ein positives Ergebnis kann auf eine immunmediierte h\u00e4molytische An\u00e4mie (IMHA) hinweisen. <\/li><li>Ein negatives Ergebnis schlie\u00dft eine IMHA nicht aus. <\/li><\/ul><\/p><\/td><\/tr><\/table>\n","protected":false},"excerpt":{"rendered":"<p>Anti-erythrozyt\u00e4re Antik\u00f6rperLABOKLIN Leistungs-ID: 1134MaterialEDTA-Blut 1 ml MethodeDurchflusszytometrieTierart(en)PferdDauerBefund\u00fcbermittlung am Tag des Probeneingangs (Mo.-Fr.)AnmerkungEin positives Ergebnis kann auf eine immunmediierte h\u00e4molytische An\u00e4mie (IMHA) hinweisen. Ein negatives Ergebnis schlie\u00dft eine IMHA nicht aus.<\/p>\n","protected":false},"author":18,"featured_media":0,"parent":1332761,"menu_order":12,"comment_status":"closed","ping_status":"closed","template":"","meta":{"_seopress_robots_primary_cat":"","_seopress_titles_title":"","_seopress_titles_desc":"","_seopress_robots_index":"","footnotes":""},"class_list":["post-1567511","page","type-page","status-publish","hentry","description-off"],"_links":{"self":[{"href":"https:\/\/laboklin.de\/de-at\/wp-json\/wp\/v2\/pages\/1567511","targetHints":{"allow":["GET"]}}],"collection":[{"href":"https:\/\/laboklin.de\/de-at\/wp-json\/wp\/v2\/pages"}],"about":[{"href":"https:\/\/laboklin.de\/de-at\/wp-json\/wp\/v2\/types\/page"}],"author":[{"embeddable":true,"href":"https:\/\/laboklin.de\/de-at\/wp-json\/wp\/v2\/users\/18"}],"replies":[{"embeddable":true,"href":"https:\/\/laboklin.de\/de-at\/wp-json\/wp\/v2\/comments?post=1567511"}],"version-history":[{"count":2,"href":"https:\/\/laboklin.de\/de-at\/wp-json\/wp\/v2\/pages\/1567511\/revisions"}],"predecessor-version":[{"id":1567516,"href":"https:\/\/laboklin.de\/de-at\/wp-json\/wp\/v2\/pages\/1567511\/revisions\/1567516"}],"up":[{"embeddable":true,"href":"https:\/\/laboklin.de\/de-at\/wp-json\/wp\/v2\/pages\/1332761"}],"wp:attachment":[{"href":"https:\/\/laboklin.de\/de-at\/wp-json\/wp\/v2\/media?parent=1567511"}],"curies":[{"name":"wp","href":"https:\/\/api.w.org\/{rel}","templated":true}]}}