{"id":1566685,"date":"2025-10-09T14:51:02","date_gmt":"2025-10-09T12:51:02","guid":{"rendered":"https:\/\/laboklin.de\/?page_id=1566685"},"modified":"2025-10-09T14:51:02","modified_gmt":"2025-10-09T12:51:02","slug":"rind-dna-profil","status":"publish","type":"page","link":"https:\/\/laboklin.de\/de-at\/leistungen\/genetik\/identitaet-abstammung\/rind-dna-profil\/","title":{"rendered":"Rind: DNA-Profil"},"content":{"rendered":"<h3 class=\"csc-firstHeader\">Rind: DNA-Profil<\/h3><p><span>LABOKLIN Leistungs-ID: 8607<\/span><\/p><p class=\"bodytext\">Das Prinzip des DNA-Profils beruht auf der Untersuchung hochvariabler DNA-Abschnitte (Mikrosatelliten), die sich zwischen den einzelnen Individuen durch ihre L\u00e4nge voneinander unterscheiden (L\u00e4ngenpolymorphismus). Die Gesamtheit der Mikrosatelliten in Kombination ergibt ein f\u00fcr jedes Individuum unverwechselbare DNA-Profil. Das DNA-Profil ist mit einer Wahrscheinlichkeit von gr\u00f6\u00dfer als 99,99% einzigartig. Die einzige Ausnahme hiervon bilden eineiige Mehrlinge. F\u00fcr die Identifizierung eines Tieres wird dessen DNA-Profil angefertigt und in einer DNA-Datenbank gespeichert.<\/p><table class=\"tx-laboklinleistung-table contenttable contenttable-2\" style=\"margin-top: 35px;\"><tr><td class=\"td-0\"><strong>Material<\/strong><\/td><td class=\"td-1\"><p class=\"bodytext\">Haare mit Haarwurzeln, (EDTA-Blut 1 ml)<\/p><\/td><\/tr><tr><td class=\"td-0\"><strong>Dauer<\/strong><\/td><td class=\"td-1\"><p class=\"bodytext\">2 - 3 Wochen nach Erhalt der Probe<\/p><\/td><\/tr><tr><td class=\"td-0\"><strong>Anmerkung<\/strong><\/td><td class=\"td-1\"><p class=\"bodytext\">EDTA-Blut als Material ist nur bei Tieren m\u00f6glich, die nicht aus einer Zwillingstr\u00e4chtigkeit stammen.<\/p><\/td><\/tr><\/table>\n","protected":false},"excerpt":{"rendered":"<p>Rind: DNA-ProfilLABOKLIN Leistungs-ID: 8607Das Prinzip des DNA-Profils beruht auf der Untersuchung hochvariabler DNA-Abschnitte (Mikrosatelliten), die sich zwischen den einzelnen Individuen durch ihre L\u00e4nge voneinander unterscheiden (L\u00e4ngenpolymorphismus). Die Gesamtheit der Mikrosatelliten in Kombination ergibt ein f\u00fcr jedes Individuum unverwechselbare DNA-Profil. Das DNA-Profil ist mit einer Wahrscheinlichkeit von gr\u00f6\u00dfer als 99,99% einzigartig. Die einzige Ausnahme hiervon bilden&hellip;<\/p>\n","protected":false},"author":18,"featured_media":0,"parent":1332690,"menu_order":0,"comment_status":"closed","ping_status":"closed","template":"","meta":{"_seopress_robots_primary_cat":"","_seopress_titles_title":"","_seopress_titles_desc":"","_seopress_robots_index":"","footnotes":""},"class_list":["post-1566685","page","type-page","status-publish","hentry","description-off"],"_links":{"self":[{"href":"https:\/\/laboklin.de\/de-at\/wp-json\/wp\/v2\/pages\/1566685","targetHints":{"allow":["GET"]}}],"collection":[{"href":"https:\/\/laboklin.de\/de-at\/wp-json\/wp\/v2\/pages"}],"about":[{"href":"https:\/\/laboklin.de\/de-at\/wp-json\/wp\/v2\/types\/page"}],"author":[{"embeddable":true,"href":"https:\/\/laboklin.de\/de-at\/wp-json\/wp\/v2\/users\/18"}],"replies":[{"embeddable":true,"href":"https:\/\/laboklin.de\/de-at\/wp-json\/wp\/v2\/comments?post=1566685"}],"version-history":[{"count":1,"href":"https:\/\/laboklin.de\/de-at\/wp-json\/wp\/v2\/pages\/1566685\/revisions"}],"predecessor-version":[{"id":1566687,"href":"https:\/\/laboklin.de\/de-at\/wp-json\/wp\/v2\/pages\/1566685\/revisions\/1566687"}],"up":[{"embeddable":true,"href":"https:\/\/laboklin.de\/de-at\/wp-json\/wp\/v2\/pages\/1332690"}],"wp:attachment":[{"href":"https:\/\/laboklin.de\/de-at\/wp-json\/wp\/v2\/media?parent=1566685"}],"curies":[{"name":"wp","href":"https:\/\/api.w.org\/{rel}","templated":true}]}}