{"id":1566393,"date":"2025-10-08T15:00:39","date_gmt":"2025-10-08T13:00:39","guid":{"rendered":"https:\/\/laboklin.de\/?page_id=1566393"},"modified":"2025-10-08T15:00:40","modified_gmt":"2025-10-08T13:00:40","slug":"t3-t4-antikoerper-hund","status":"publish","type":"page","link":"https:\/\/laboklin.de\/de-at\/leistungen\/haematologie-klin-chemie-endokrinologie\/endokrinologie-tumormarker\/t3-t4-antikoerper-hund\/","title":{"rendered":"T3\/T4-Antik\u00f6rper (Hund)"},"content":{"rendered":"<h3 class=\"csc-firstHeader\">T3\/T4-Antik\u00f6rper<\/h3><p><span>LABOKLIN Leistungs-ID: 2525<\/span><\/p><p class=\"bodytext\"><br><ul><li>Autoantik\u00f6rper gegen die Schilddr\u00fcsenhormone Trijodthyronin (T3) und Thyroxin (T4) k\u00f6nnen zu falsch erh\u00f6hten oder erniedrigten Messwerten in der Gesamt-T3- und Gesamt-T4-Bestimmung f\u00fchren.<\/li><li>Das Vorhandensein solcher Antik\u00f6rper kann die Interpretation der Schilddr\u00fcsenfunktionstests erschweren und zu Fehldiagnosen (z. B. vermeintliche Hypo- oder Hyperthyreose) f\u00fchren.<\/li><li>Der Nachweis von T3- und T4-Antik\u00f6rpern kann durchgef\u00fchrt werden bei diskrepanten Laborergebnissen (z. B. erh\u00f6htes Gesamt-T4 bei klinischem Verdacht auf Hypothyreose), auff\u00e4lligen Verlaufsunterschieden in der Hormondiagnostik oder Verdacht auf Autoimmunthyreoiditis.<\/li><li>Die Untersuchung ist auch im Rahmen der Zuchtzulassung bei pr\u00e4disponierten Rassen sinnvoll.<\/li><\/ul><\/p><table class=\"tx-laboklinleistung-table contenttable contenttable-2\" style=\"margin-top: 35px;\"><tr><td class=\"td-0\"><strong>Material<\/strong><\/td><td class=\"td-1\"><p class=\"bodytext\">Serum 0,5 ml<\/p><\/td><\/tr><tr><td class=\"td-0\"><strong>Methode<\/strong><\/td><td class=\"td-1\"><p class=\"bodytext\">Enzym Linked Immunosorbent Assay (ELISA)<\/p><\/td><\/tr><tr><td class=\"td-0\"><strong>Tierart(en)<\/strong><\/td><td class=\"td-1\"><p class=\"bodytext\">Hund<\/p><\/td><\/tr><tr><td class=\"td-0\"><strong>Dauer<\/strong><\/td><td class=\"td-1\"><p class=\"bodytext\">2-3 Arbeitstage<\/p><\/td><\/tr><\/table>\n","protected":false},"excerpt":{"rendered":"<p>T3\/T4-Antik\u00f6rperLABOKLIN Leistungs-ID: 2525Autoantik\u00f6rper gegen die Schilddr\u00fcsenhormone Trijodthyronin (T3) und Thyroxin (T4) k\u00f6nnen zu falsch erh\u00f6hten oder erniedrigten Messwerten in der Gesamt-T3- und Gesamt-T4-Bestimmung f\u00fchren.Das Vorhandensein solcher Antik\u00f6rper kann die Interpretation der Schilddr\u00fcsenfunktionstests erschweren und zu Fehldiagnosen (z. B. vermeintliche Hypo- oder Hyperthyreose) f\u00fchren.Der Nachweis von T3- und T4-Antik\u00f6rpern kann durchgef\u00fchrt werden bei diskrepanten Laborergebnissen (z.&hellip;<\/p>\n","protected":false},"author":18,"featured_media":0,"parent":1332763,"menu_order":33,"comment_status":"closed","ping_status":"closed","template":"","meta":{"_seopress_robots_primary_cat":"","_seopress_titles_title":"","_seopress_titles_desc":"","_seopress_robots_index":"","footnotes":""},"class_list":["post-1566393","page","type-page","status-publish","hentry","description-off"],"_links":{"self":[{"href":"https:\/\/laboklin.de\/de-at\/wp-json\/wp\/v2\/pages\/1566393","targetHints":{"allow":["GET"]}}],"collection":[{"href":"https:\/\/laboklin.de\/de-at\/wp-json\/wp\/v2\/pages"}],"about":[{"href":"https:\/\/laboklin.de\/de-at\/wp-json\/wp\/v2\/types\/page"}],"author":[{"embeddable":true,"href":"https:\/\/laboklin.de\/de-at\/wp-json\/wp\/v2\/users\/18"}],"replies":[{"embeddable":true,"href":"https:\/\/laboklin.de\/de-at\/wp-json\/wp\/v2\/comments?post=1566393"}],"version-history":[{"count":2,"href":"https:\/\/laboklin.de\/de-at\/wp-json\/wp\/v2\/pages\/1566393\/revisions"}],"predecessor-version":[{"id":1566484,"href":"https:\/\/laboklin.de\/de-at\/wp-json\/wp\/v2\/pages\/1566393\/revisions\/1566484"}],"up":[{"embeddable":true,"href":"https:\/\/laboklin.de\/de-at\/wp-json\/wp\/v2\/pages\/1332763"}],"wp:attachment":[{"href":"https:\/\/laboklin.de\/de-at\/wp-json\/wp\/v2\/media?parent=1566393"}],"curies":[{"name":"wp","href":"https:\/\/api.w.org\/{rel}","templated":true}]}}