{"id":1563315,"date":"2025-09-19T21:57:44","date_gmt":"2025-09-19T19:57:44","guid":{"rendered":"https:\/\/laboklin.de\/?page_id=1563315"},"modified":"2025-09-19T21:57:45","modified_gmt":"2025-09-19T19:57:45","slug":"leistungsprofil-wiederkaeuer-nsba","status":"publish","type":"page","link":"https:\/\/laboklin.de\/de-at\/leistungen\/profile\/profile-screenings-wiederkaeuer\/klinisch-chemische-profile-screenings\/leistungsprofil-wiederkaeuer-nsba\/","title":{"rendered":"Leistungsprofil Wiederk\u00e4uer + NSBA"},"content":{"rendered":"<h3 class=\"csc-firstHeader\">Leistungsprofil Wiederk\u00e4uer + NSBA<\/h3><p><span>LABOKLIN Leistungs-ID: 1093<\/span><\/p><table class=\"tx-laboklinleistung-table contenttable contenttable-2\" style=\"margin-top: 35px;\"><tr><td class=\"td-0\"><strong>Material<\/strong><\/td><td class=\"td-1\"><p class=\"bodytext\">Serum 1 ml und Harn 15 ml (gek\u00fchlt, Harnr\u00f6hrchen bitte maximal f\u00fcllen!)<\/p><\/td><\/tr><tr><td class=\"td-0\"><strong>Parameter<\/strong><\/td><td class=\"td-1\"><p class=\"bodytext\">Protein, Harnstoff, Cholesterin, GLDH, \u03b3-GT, Bilirubin, Calcium, Phosphat, Magnesium, Natrium, Kalium, Chlorid, \u00df-HBS, NEFA, Kupfer, Selen, NSBA<\/p><\/td><\/tr><tr><td class=\"td-0\"><strong>Dauer<\/strong><\/td><td class=\"td-1\"><p class=\"bodytext\">1 - 3 Tage<\/p><\/td><\/tr><tr><td class=\"td-0\"><strong>Anmerkung<\/strong><\/td><td class=\"td-1\"><p class=\"bodytext\">Zu dem Profil kann ein gro\u00dfes Blutbild angefordert werden. In diesem Fall ist zus\u00e4tzlich 1 ml EDTA-Blut und ein Blutausstrich einzusenden.<\/p><\/td><\/tr><\/table>\n","protected":false},"excerpt":{"rendered":"<p>Leistungsprofil Wiederk\u00e4uer + NSBALABOKLIN Leistungs-ID: 1093MaterialSerum 1 ml und Harn 15 ml (gek\u00fchlt, Harnr\u00f6hrchen bitte maximal f\u00fcllen!)ParameterProtein, Harnstoff, Cholesterin, GLDH, \u03b3-GT, Bilirubin, Calcium, Phosphat, Magnesium, Natrium, Kalium, Chlorid, \u00df-HBS, NEFA, Kupfer, Selen, NSBADauer1 &#8211; 3 TageAnmerkungZu dem Profil kann ein gro\u00dfes Blutbild angefordert werden. In diesem Fall ist zus\u00e4tzlich 1 ml EDTA-Blut und ein Blutausstrich&hellip;<\/p>\n","protected":false},"author":18,"featured_media":0,"parent":1332862,"menu_order":2,"comment_status":"closed","ping_status":"closed","template":"","meta":{"_seopress_robots_primary_cat":"","_seopress_titles_title":"","_seopress_titles_desc":"","_seopress_robots_index":"","footnotes":""},"class_list":["post-1563315","page","type-page","status-publish","hentry","description-off"],"_links":{"self":[{"href":"https:\/\/laboklin.de\/de-at\/wp-json\/wp\/v2\/pages\/1563315","targetHints":{"allow":["GET"]}}],"collection":[{"href":"https:\/\/laboklin.de\/de-at\/wp-json\/wp\/v2\/pages"}],"about":[{"href":"https:\/\/laboklin.de\/de-at\/wp-json\/wp\/v2\/types\/page"}],"author":[{"embeddable":true,"href":"https:\/\/laboklin.de\/de-at\/wp-json\/wp\/v2\/users\/18"}],"replies":[{"embeddable":true,"href":"https:\/\/laboklin.de\/de-at\/wp-json\/wp\/v2\/comments?post=1563315"}],"version-history":[{"count":1,"href":"https:\/\/laboklin.de\/de-at\/wp-json\/wp\/v2\/pages\/1563315\/revisions"}],"predecessor-version":[{"id":1563317,"href":"https:\/\/laboklin.de\/de-at\/wp-json\/wp\/v2\/pages\/1563315\/revisions\/1563317"}],"up":[{"embeddable":true,"href":"https:\/\/laboklin.de\/de-at\/wp-json\/wp\/v2\/pages\/1332862"}],"wp:attachment":[{"href":"https:\/\/laboklin.de\/de-at\/wp-json\/wp\/v2\/media?parent=1563315"}],"curies":[{"name":"wp","href":"https:\/\/api.w.org\/{rel}","templated":true}]}}