{"id":1500677,"date":"2025-01-10T12:49:12","date_gmt":"2025-01-10T11:49:12","guid":{"rendered":"https:\/\/laboklin.de\/?page_id=1500677"},"modified":"2025-02-25T12:31:16","modified_gmt":"2025-02-25T11:31:16","slug":"equine-juvenile-spinocerebellaere-ataxie-ejsca","status":"publish","type":"page","link":"https:\/\/laboklin.de\/de-at\/leistungen\/genetik\/erbkrankheiten\/pferd\/equine-juvenile-spinocerebellaere-ataxie-ejsca\/","title":{"rendered":"Equine juvenile spinocerebell\u00e4re Ataxie (EJSCA)*"},"content":{"rendered":"<h3 class=\"csc-firstHeader\">Equine juvenile spinocerebell\u00e4re Ataxie (EJSCA)* <\/h3><p><span>LABOKLIN Leistungs-ID: 8942<\/span><\/p><p class=\"bodytext\">Im Jahr 2020 wurde eine neue neurologische Erkrankung bei Fohlen der Rasse American Quarter Horse (QH) identifiziert. Betroffene Fohlen entwickelten zwischen dem 1. und 4. Lebenswoche Ataxie und Koordinationsst\u00f6rungen. Bei Blutuntersuchungen wurden h\u00e4ufig erh\u00f6hte Glukose- und Gamma-Glutamyltransferase-(GGT-)Werte festgestellt. Die meisten Fohlen zeigten eine schwerwiegende Beeintr\u00e4chtigung der Hintergliedma\u00dfen, w\u00e4hrend die Vordergliedma\u00dfen weniger stark betroffen waren. Mit Fortschreiten der Krankheit drehten die Fohlen ihre Hinterbeine zur Seite, w\u00e4hrend die Vorderbeine fest auf dem Boden standen, wodurch sie den Eindruck erweckten, seitw\u00e4rts zu laufen. Innerhalb weniger Tage waren die betroffenen Fohlen nicht mehr in der Lage, ohne Hilfe zu stehen und mussten eingeschl\u00e4fert werden. Pathologische Untersuchungen nach dem Tod zeigten auff\u00e4llige L\u00e4sionen im R\u00fcckenmark.<\/p><table class=\"tx-laboklinleistung-table contenttable contenttable-2\" style=\"margin-top: 35px;\"><tr><td class=\"td-0\"><strong>Material<\/strong><\/td><td class=\"td-1\"><p class=\"bodytext\">nur M\u00e4hnen-\/Schweifhaare<\/p><\/td><\/tr><tr><td class=\"td-0\"><strong>Methode<\/strong><\/td><td class=\"td-1\"><p class=\"bodytext\">Partnerlabor<\/p><\/td><\/tr><tr><td class=\"td-0\"><strong>Rasse<\/strong><\/td><td class=\"td-1\"><p class=\"bodytext\">Quarter Horse<\/p><\/td><\/tr><tr><td class=\"td-0\"><strong>Dauer<\/strong><\/td><td class=\"td-1\"><p class=\"bodytext\">4 - 6 Wochen nach Erhalt der Probe<\/p><\/td><\/tr><\/table>\n","protected":false},"excerpt":{"rendered":"<p>Equine juvenile spinocerebell\u00e4re Ataxie (EJSCA)* LABOKLIN Leistungs-ID: 8942Im Jahr 2020 wurde eine neue neurologische Erkrankung bei Fohlen der Rasse American Quarter Horse (QH) identifiziert. Betroffene Fohlen entwickelten zwischen dem 1. und 4. Lebenswoche Ataxie und Koordinationsst\u00f6rungen. Bei Blutuntersuchungen wurden h\u00e4ufig erh\u00f6hte Glukose- und Gamma-Glutamyltransferase-(GGT-)Werte festgestellt. Die meisten Fohlen zeigten eine schwerwiegende Beeintr\u00e4chtigung der Hintergliedma\u00dfen, w\u00e4hrend&hellip;<\/p>\n","protected":false},"author":18,"featured_media":0,"parent":1332710,"menu_order":3,"comment_status":"closed","ping_status":"closed","template":"","meta":{"_seopress_robots_primary_cat":"","_seopress_titles_title":"","_seopress_titles_desc":"","_seopress_robots_index":"","footnotes":""},"class_list":["post-1500677","page","type-page","status-publish","hentry","description-off"],"_links":{"self":[{"href":"https:\/\/laboklin.de\/de-at\/wp-json\/wp\/v2\/pages\/1500677","targetHints":{"allow":["GET"]}}],"collection":[{"href":"https:\/\/laboklin.de\/de-at\/wp-json\/wp\/v2\/pages"}],"about":[{"href":"https:\/\/laboklin.de\/de-at\/wp-json\/wp\/v2\/types\/page"}],"author":[{"embeddable":true,"href":"https:\/\/laboklin.de\/de-at\/wp-json\/wp\/v2\/users\/18"}],"replies":[{"embeddable":true,"href":"https:\/\/laboklin.de\/de-at\/wp-json\/wp\/v2\/comments?post=1500677"}],"version-history":[{"count":1,"href":"https:\/\/laboklin.de\/de-at\/wp-json\/wp\/v2\/pages\/1500677\/revisions"}],"predecessor-version":[{"id":1500680,"href":"https:\/\/laboklin.de\/de-at\/wp-json\/wp\/v2\/pages\/1500677\/revisions\/1500680"}],"up":[{"embeddable":true,"href":"https:\/\/laboklin.de\/de-at\/wp-json\/wp\/v2\/pages\/1332710"}],"wp:attachment":[{"href":"https:\/\/laboklin.de\/de-at\/wp-json\/wp\/v2\/media?parent=1500677"}],"curies":[{"name":"wp","href":"https:\/\/api.w.org\/{rel}","templated":true}]}}