{"id":1495431,"date":"2020-07-06T11:59:28","date_gmt":"2020-07-06T09:59:28","guid":{"rendered":"https:\/\/laboklin.de\/fachinformationen\/praeanalytik\/mikrobiologie\/"},"modified":"2025-03-31T12:12:20","modified_gmt":"2025-03-31T10:12:20","slug":"mikrobiologie","status":"publish","type":"page","link":"https:\/\/laboklin.de\/de-at\/fachinformationen\/praeanalytik\/mikrobiologie\/","title":{"rendered":"Mikrobiologie"},"content":{"rendered":"<div class=\"wpb-content-wrapper\"><p>[vc_row][vc_column][vc_column_text css=&#8220;&#8220;]<\/p>\n<p class=\"bodytext\">Wichtig ist eine m\u00f6glichst sterile Entnahme, um eine Verunreinigung mit physiologischer und \/oder ubiquit\u00e4rer Flora zu vermeiden.<\/p>\n<p class=\"bodytext\">Abstriche f\u00fcr die Bakteriologie (aerobe und anaerobe Keime) und die Mykologie\u00a0sollten mit Transportmedium (Tupfer im Medium, TM) versendet werden, um die Keime beim Transport zu sch\u00fctzen.<\/p>\n<p class=\"bodytext\">F\u00fcr Information \u00fcber Abstriche ohne Transportmedium siehe Rubrik <a href=\"https:\/\/laboklin.de\/de\/fachinformationen\/praeanalytik\/polymerase-kettenreaktion-pcr\/\">Praeanalytik \/ PCR<\/a>.<\/p>\n<p>Soll sowohl eine kulturelle Untersuchung als auch ein Nachweis mittels PCR erfolgen, bitte 2 Abstriche (einen Abstrich mit und einen ohne Transportmedium) einsenden.<\/p>\n<p class=\"bodytext\">Harn sollte mittels Tupfer mit Transportmedium oder mittels Uricult in einem sterilen R\u00f6hrchen jeweils in Kombination mit der Harnprobe versendet werden. Bei Einsenden von Zystozentese-Urin bitte unbedingt Kan\u00fcle entfernen.<\/p>\n<p class=\"bodytext\">Haare und \/ oder Hautgeschabsel (ohne Skalpell!) f\u00fcr die Dermatophytendiagnostik sollten am besten in\u00a0einem sterilen Gef\u00e4\u00df, einer Papiert\u00fcte oder Alufolie verschickt werden.<\/p>\n<p class=\"bodytext\">F\u00fcr die Einsendung von Faeces \/ Kot sollten spezielle Einsender\u00f6hrchen verwendet werden, keine T\u00fcten oder zugeknotete Handschuhe; ebenso sollten keine Glasbeh\u00e4lter verwendet werden.<\/p>\n<p>Bei Punktaten aus prim\u00e4r sterilen K\u00f6rperh\u00f6hlen wird die Verwendung der Blutkulturflasche Peds Plus\u2122 empfohlen; das Probenmaterial sollte nicht gek\u00fchlt werden.<\/p>\n<p class=\"bodytext\"><b>Blutkulturflaschen erhalten Sie nach vorheriger schriftlicher Bestellung (kostenpflichtig).<\/b> Hinweise zu den verschiedenen angebotenen Blutkulturflaschen finden Sie in der Rubrik <a href=\"https:\/\/laboklin.de\/de-at\/fachinformationen\/praeanalytik\/probenmaterial-versandmaterial\/\">Probenmaterial\/Versandmaterial<\/a>.<\/p>\n<p>Bei allen Abstrichen f\u00fcr die Bakteriologie ist die <strong>Lokalisation <\/strong>(der Entnahmeort) und die <strong>Tierart<\/strong> auf dem Untersuchungsauftrag anzugeben. Diese ist u. a. erforderlich f\u00fcr die Auswertung von Antibiogrammen, aber z. B. auch bei Verdacht auf Atemwegserreger, wie Bordetella bronchiseptica und Histophilus somni, da spezielle N\u00e4hrmedien erforderlich sind!<br \/>\nF\u00fcr den Nachweis von Histophilus somni und Mannheimia haemolytica ist der Tupfer tief zu entnehmen.[\/vc_column_text][\/vc_column][\/vc_row]<\/p>\n<\/div>","protected":false},"excerpt":{"rendered":"<p>[vc_row][vc_column][vc_column_text css=&#8220;&#8220;] Wichtig ist eine m\u00f6glichst sterile Entnahme, um eine Verunreinigung mit physiologischer und \/oder ubiquit\u00e4rer Flora zu vermeiden. Abstriche f\u00fcr die Bakteriologie (aerobe und anaerobe Keime) und die Mykologie\u00a0sollten mit Transportmedium (Tupfer im Medium, TM) versendet werden, um die Keime beim Transport zu sch\u00fctzen. F\u00fcr Information \u00fcber Abstriche ohne Transportmedium siehe Rubrik Praeanalytik \/&hellip;<\/p>\n","protected":false},"author":1,"featured_media":0,"parent":1332673,"menu_order":2,"comment_status":"closed","ping_status":"closed","template":"","meta":{"_seopress_robots_primary_cat":"","_seopress_titles_title":"","_seopress_titles_desc":"","_seopress_robots_index":"","footnotes":""},"class_list":["post-1495431","page","type-page","status-publish","hentry","description-off"],"_links":{"self":[{"href":"https:\/\/laboklin.de\/de-at\/wp-json\/wp\/v2\/pages\/1495431","targetHints":{"allow":["GET"]}}],"collection":[{"href":"https:\/\/laboklin.de\/de-at\/wp-json\/wp\/v2\/pages"}],"about":[{"href":"https:\/\/laboklin.de\/de-at\/wp-json\/wp\/v2\/types\/page"}],"author":[{"embeddable":true,"href":"https:\/\/laboklin.de\/de-at\/wp-json\/wp\/v2\/users\/1"}],"replies":[{"embeddable":true,"href":"https:\/\/laboklin.de\/de-at\/wp-json\/wp\/v2\/comments?post=1495431"}],"version-history":[{"count":2,"href":"https:\/\/laboklin.de\/de-at\/wp-json\/wp\/v2\/pages\/1495431\/revisions"}],"predecessor-version":[{"id":1516839,"href":"https:\/\/laboklin.de\/de-at\/wp-json\/wp\/v2\/pages\/1495431\/revisions\/1516839"}],"up":[{"embeddable":true,"href":"https:\/\/laboklin.de\/de-at\/wp-json\/wp\/v2\/pages\/1332673"}],"wp:attachment":[{"href":"https:\/\/laboklin.de\/de-at\/wp-json\/wp\/v2\/media?parent=1495431"}],"curies":[{"name":"wp","href":"https:\/\/api.w.org\/{rel}","templated":true}]}}