{"id":1488978,"date":"2024-10-11T15:21:05","date_gmt":"2024-10-11T13:21:05","guid":{"rendered":"https:\/\/laboklin.de\/?page_id=1488978"},"modified":"2025-02-17T14:07:14","modified_gmt":"2025-02-17T13:07:14","slug":"x-chromosomale-retinale-dysplasie-xlrd","status":"publish","type":"page","link":"https:\/\/laboklin.de\/de-at\/leistungen\/genetik\/erbkrankheiten\/hund\/x-chromosomale-retinale-dysplasie-xlrd\/","title":{"rendered":"X-chromosomale retinale Dysplasie (XLRD)"},"content":{"rendered":"<h3 class=\"csc-firstHeader\">X-chromosomale retinale Dysplasie (XLRD)<\/h3><p><span>LABOKLIN Leistungs-ID: 8941<\/span><\/p><p class=\"bodytext\">Bei der Rasse English Cocker Spaniel wurde eine Variante im Gen NDP gefunden, die eine X-chromosomale retinale Dysplasie verursacht. Die betroffenen Welpen zeigen in ungewohnter Umgebung ein Verhalten, das auf schwere Sehst\u00f6rungen hindeutet. Symptome sind ein fehlender Blend- und Pupillenlichtreflex, Augenzittern (Nystagmus) und eine verdunkelte Iris. Es k\u00f6nnen ausgedehnte Blutungen im hinteren Augenabschnitt sowie eine vollst\u00e4ndige Netzhautabl\u00f6sung auftreten.<\/p><table class=\"tx-laboklinleistung-table contenttable contenttable-2\" style=\"margin-top: 35px;\"><tr><td class=\"td-0\"><strong>Methode<\/strong><\/td><td class=\"td-1\"><p class=\"bodytext\">Sequenzierung<\/p><\/td><\/tr><tr><td class=\"td-0\"><strong>Rasse<\/strong><\/td><td class=\"td-1\"><p class=\"bodytext\">Cockapoo, English Cocker Spaniel<\/p><\/td><\/tr><tr><td class=\"td-0\"><strong>Erbgang<\/strong><\/td><td class=\"td-1\"><p class=\"bodytext\">X-chromosomal-rezessiv<\/p><\/td><\/tr><tr><td class=\"td-0\"><strong>Dauer<\/strong><\/td><td class=\"td-1\"><p class=\"bodytext\">1 - 2 Wochen nach Erhalt der Probe<\/p><\/td><\/tr><\/table>\n","protected":false},"excerpt":{"rendered":"<p>X-chromosomale retinale Dysplasie (XLRD)LABOKLIN Leistungs-ID: 8941Bei der Rasse English Cocker Spaniel wurde eine Variante im Gen NDP gefunden, die eine X-chromosomale retinale Dysplasie verursacht. Die betroffenen Welpen zeigen in ungewohnter Umgebung ein Verhalten, das auf schwere Sehst\u00f6rungen hindeutet. Symptome sind ein fehlender Blend- und Pupillenlichtreflex, Augenzittern (Nystagmus) und eine verdunkelte Iris. Es k\u00f6nnen ausgedehnte Blutungen&hellip;<\/p>\n","protected":false},"author":18,"featured_media":0,"parent":1332701,"menu_order":157,"comment_status":"closed","ping_status":"closed","template":"","meta":{"_seopress_robots_primary_cat":"","_seopress_titles_title":"","_seopress_titles_desc":"","_seopress_robots_index":"","footnotes":""},"class_list":["post-1488978","page","type-page","status-publish","hentry","description-off"],"_links":{"self":[{"href":"https:\/\/laboklin.de\/de-at\/wp-json\/wp\/v2\/pages\/1488978","targetHints":{"allow":["GET"]}}],"collection":[{"href":"https:\/\/laboklin.de\/de-at\/wp-json\/wp\/v2\/pages"}],"about":[{"href":"https:\/\/laboklin.de\/de-at\/wp-json\/wp\/v2\/types\/page"}],"author":[{"embeddable":true,"href":"https:\/\/laboklin.de\/de-at\/wp-json\/wp\/v2\/users\/18"}],"replies":[{"embeddable":true,"href":"https:\/\/laboklin.de\/de-at\/wp-json\/wp\/v2\/comments?post=1488978"}],"version-history":[{"count":1,"href":"https:\/\/laboklin.de\/de-at\/wp-json\/wp\/v2\/pages\/1488978\/revisions"}],"predecessor-version":[{"id":1488980,"href":"https:\/\/laboklin.de\/de-at\/wp-json\/wp\/v2\/pages\/1488978\/revisions\/1488980"}],"up":[{"embeddable":true,"href":"https:\/\/laboklin.de\/de-at\/wp-json\/wp\/v2\/pages\/1332701"}],"wp:attachment":[{"href":"https:\/\/laboklin.de\/de-at\/wp-json\/wp\/v2\/media?parent=1488978"}],"curies":[{"name":"wp","href":"https:\/\/api.w.org\/{rel}","templated":true}]}}