{"id":1488972,"date":"2024-10-11T15:13:55","date_gmt":"2024-10-11T13:13:55","guid":{"rendered":"https:\/\/laboklin.de\/?page_id=1488972"},"modified":"2025-02-17T09:54:09","modified_gmt":"2025-02-17T08:54:09","slug":"primaere-immundefizienz-typ-2-pips2","status":"publish","type":"page","link":"https:\/\/laboklin.de\/de-at\/leistungen\/genetik\/erbkrankheiten\/hund\/primaere-immundefizienz-typ-2-pips2\/","title":{"rendered":"Prim\u00e4re Immundefizienz Typ 2 (PIPS2)"},"content":{"rendered":"<h3 class=\"csc-firstHeader\">Prim\u00e4re Immundefizienz Typ 2 (PIPS2)<\/h3><p><span>LABOKLIN Leistungs-ID: 8937<\/span><\/p><p class=\"bodytext\">Bei der Rasse Cavalier King Charles Spaniel wurde eine Variante im CARMIL2-Gen identifiziert, die eine prim\u00e4re Immundefizienz verursacht und eine erh\u00f6hte Anf\u00e4lligkeit f\u00fcr Atemwegserreger zur Folge hat. Die betroffenen Hunde hatten eine Infektion mit den Erregern Pneumocystis oder Bordetella bronchiseptica und zeigten Symptome einer therapieresistenten Lungenentz\u00fcndung.  In der medizinischen Vorgeschichte der betroffenen Hunde waren Infektionen mit gastrointestinalen Parasiten und chronische Diarrh\u00f6e sowie Hauterkrankungen und Abszessbildung dokumentiert.<\/p><table class=\"tx-laboklinleistung-table contenttable contenttable-2\" style=\"margin-top: 35px;\"><tr><td class=\"td-0\"><strong>Methode<\/strong><\/td><td class=\"td-1\"><p class=\"bodytext\">Sequenzierung<\/p><\/td><\/tr><tr><td class=\"td-0\"><strong>Rasse<\/strong><\/td><td class=\"td-1\"><p class=\"bodytext\">Cavalier King Charles Spaniel, Cavapoo, King Charles Spaniel<\/p><\/td><\/tr><tr><td class=\"td-0\"><strong>Erbgang<\/strong><\/td><td class=\"td-1\"><p class=\"bodytext\">autosomal-rezessiv<\/p><\/td><\/tr><tr><td class=\"td-0\"><strong>Dauer<\/strong><\/td><td class=\"td-1\"><p class=\"bodytext\">1 - 2 Wochen nach Erhalt der Probe<\/p><\/td><\/tr><\/table>\n","protected":false},"excerpt":{"rendered":"<p>Prim\u00e4re Immundefizienz Typ 2 (PIPS2)LABOKLIN Leistungs-ID: 8937Bei der Rasse Cavalier King Charles Spaniel wurde eine Variante im CARMIL2-Gen identifiziert, die eine prim\u00e4re Immundefizienz verursacht und eine erh\u00f6hte Anf\u00e4lligkeit f\u00fcr Atemwegserreger zur Folge hat. Die betroffenen Hunde hatten eine Infektion mit den Erregern Pneumocystis oder Bordetella bronchiseptica und zeigten Symptome einer therapieresistenten Lungenentz\u00fcndung. In der medizinischen&hellip;<\/p>\n","protected":false},"author":18,"featured_media":0,"parent":1332701,"menu_order":157,"comment_status":"closed","ping_status":"closed","template":"","meta":{"_seopress_robots_primary_cat":"","_seopress_titles_title":"","_seopress_titles_desc":"","_seopress_robots_index":"","footnotes":""},"class_list":["post-1488972","page","type-page","status-publish","hentry","description-off"],"_links":{"self":[{"href":"https:\/\/laboklin.de\/de-at\/wp-json\/wp\/v2\/pages\/1488972","targetHints":{"allow":["GET"]}}],"collection":[{"href":"https:\/\/laboklin.de\/de-at\/wp-json\/wp\/v2\/pages"}],"about":[{"href":"https:\/\/laboklin.de\/de-at\/wp-json\/wp\/v2\/types\/page"}],"author":[{"embeddable":true,"href":"https:\/\/laboklin.de\/de-at\/wp-json\/wp\/v2\/users\/18"}],"replies":[{"embeddable":true,"href":"https:\/\/laboklin.de\/de-at\/wp-json\/wp\/v2\/comments?post=1488972"}],"version-history":[{"count":1,"href":"https:\/\/laboklin.de\/de-at\/wp-json\/wp\/v2\/pages\/1488972\/revisions"}],"predecessor-version":[{"id":1488974,"href":"https:\/\/laboklin.de\/de-at\/wp-json\/wp\/v2\/pages\/1488972\/revisions\/1488974"}],"up":[{"embeddable":true,"href":"https:\/\/laboklin.de\/de-at\/wp-json\/wp\/v2\/pages\/1332701"}],"wp:attachment":[{"href":"https:\/\/laboklin.de\/de-at\/wp-json\/wp\/v2\/media?parent=1488972"}],"curies":[{"name":"wp","href":"https:\/\/api.w.org\/{rel}","templated":true}]}}