{"id":1488948,"date":"2024-10-11T12:43:33","date_gmt":"2024-10-11T10:43:33","guid":{"rendered":"https:\/\/laboklin.de\/?page_id=1488948"},"modified":"2025-02-25T12:23:54","modified_gmt":"2025-02-25T11:23:54","slug":"polyzystische-nierenerkrankung-pkd2","status":"publish","type":"page","link":"https:\/\/laboklin.de\/de-at\/leistungen\/genetik\/erbkrankheiten\/katze\/polyzystische-nierenerkrankung-pkd2\/","title":{"rendered":"Polyzystische Nierenerkrankung (PKD2)"},"content":{"rendered":"<h3 class=\"csc-firstHeader\">Polyzystische Nierenerkrankung (PKD2)<\/h3><p><span>LABOKLIN Leistungs-ID: 8938<\/span><\/p><p class=\"bodytext\">Bei den Rassen Neva Masquerade und Sibirische Katze konnte eine genetische Variante identifiziert werden, die eine polyzystische Nierenerkrankung (PKD2) hervorruft. Dabei handelt es sich um eine fortschreitende Erkrankung, die durch multiple fl\u00fcssigkeitsgef\u00fcllte Zysten in den Nieren gekennzeichnet ist und letztlich zu Nierenversagen f\u00fchrt.<\/p><table class=\"tx-laboklinleistung-table contenttable contenttable-2\" style=\"margin-top: 35px;\"><tr><td class=\"td-0\"><strong>Methode<\/strong><\/td><td class=\"td-1\"><p class=\"bodytext\">Sequenzierung<\/p><\/td><\/tr><tr><td class=\"td-0\"><strong>Rasse<\/strong><\/td><td class=\"td-1\"><p class=\"bodytext\">Neva Masquerade, Sibirische Katze<\/p><\/td><\/tr><tr><td class=\"td-0\"><strong>Erbgang<\/strong><\/td><td class=\"td-1\"><p class=\"bodytext\">autosomal-dominant<\/p><\/td><\/tr><tr><td class=\"td-0\"><strong>Dauer<\/strong><\/td><td class=\"td-1\"><p class=\"bodytext\">1 - 2 Wochen nach Erhalt der Probe<\/p><\/td><\/tr><\/table>\n","protected":false},"excerpt":{"rendered":"<p>Polyzystische Nierenerkrankung (PKD2)LABOKLIN Leistungs-ID: 8938Bei den Rassen Neva Masquerade und Sibirische Katze konnte eine genetische Variante identifiziert werden, die eine polyzystische Nierenerkrankung (PKD2) hervorruft. Dabei handelt es sich um eine fortschreitende Erkrankung, die durch multiple fl\u00fcssigkeitsgef\u00fcllte Zysten in den Nieren gekennzeichnet ist und letztlich zu Nierenversagen f\u00fchrt.MethodeSequenzierungRasseNeva Masquerade, Sibirische KatzeErbgangautosomal-dominantDauer1 &#8211; 2 Wochen nach Erhalt&hellip;<\/p>\n","protected":false},"author":18,"featured_media":0,"parent":1332703,"menu_order":29,"comment_status":"closed","ping_status":"closed","template":"","meta":{"_seopress_robots_primary_cat":"","_seopress_titles_title":"","_seopress_titles_desc":"","_seopress_robots_index":"","footnotes":""},"class_list":["post-1488948","page","type-page","status-publish","hentry","description-off"],"_links":{"self":[{"href":"https:\/\/laboklin.de\/de-at\/wp-json\/wp\/v2\/pages\/1488948","targetHints":{"allow":["GET"]}}],"collection":[{"href":"https:\/\/laboklin.de\/de-at\/wp-json\/wp\/v2\/pages"}],"about":[{"href":"https:\/\/laboklin.de\/de-at\/wp-json\/wp\/v2\/types\/page"}],"author":[{"embeddable":true,"href":"https:\/\/laboklin.de\/de-at\/wp-json\/wp\/v2\/users\/18"}],"replies":[{"embeddable":true,"href":"https:\/\/laboklin.de\/de-at\/wp-json\/wp\/v2\/comments?post=1488948"}],"version-history":[{"count":1,"href":"https:\/\/laboklin.de\/de-at\/wp-json\/wp\/v2\/pages\/1488948\/revisions"}],"predecessor-version":[{"id":1488951,"href":"https:\/\/laboklin.de\/de-at\/wp-json\/wp\/v2\/pages\/1488948\/revisions\/1488951"}],"up":[{"embeddable":true,"href":"https:\/\/laboklin.de\/de-at\/wp-json\/wp\/v2\/pages\/1332703"}],"wp:attachment":[{"href":"https:\/\/laboklin.de\/de-at\/wp-json\/wp\/v2\/media?parent=1488948"}],"curies":[{"name":"wp","href":"https:\/\/api.w.org\/{rel}","templated":true}]}}