{"id":1484879,"date":"2024-09-12T18:13:07","date_gmt":"2024-09-12T16:13:07","guid":{"rendered":"https:\/\/laboklin.de\/?page_id=1484879"},"modified":"2025-02-25T13:34:27","modified_gmt":"2025-02-25T12:34:27","slug":"splashed-white-sw5-8","status":"publish","type":"page","link":"https:\/\/laboklin.de\/de-at\/leistungen\/genetik\/fellfarbe-haarstruktur\/pferd\/splashed-white-sw5-8\/","title":{"rendered":"Splashed white (SW5-8)*"},"content":{"rendered":"<h3 class=\"csc-firstHeader\">Splashed white (SW5-8)*<\/h3><p><span>LABOKLIN Leistungs-ID: 8841<\/span><\/p><p class=\"bodytext\">Splashed White ist ein ungleichm\u00e4\u00dfiges Scheckungsmuster, das vor allem durch extrem breite wei\u00dfe Streifen oder Flecken auf Stirn oder dem Nasenr\u00fccken (Blesse) bzw. Laterne mit h\u00e4ufig blauen Augen sowie hochwei\u00dfen Beinen gekennzeichnet ist. Manche, aber nicht alle Splashed-White-Pferde sind taub. <br \/>\nIn diesem Test werden 2 Genvarianten identifiziert (SW5 und SW6) die f\u00fcr die Splashed-White-Abzeichen urs\u00e4chlich sind. Alle diese Mutationen verursachen bei Pferden einen \u00e4hnlichen Ph\u00e4notyp, das Ausma\u00df der wei\u00dfen Musterung ist jedoch variabel. Es wird angenommen, dass sie von anderen Genen gesteuert wird. Einige sind bekannt, aber die meisten dieser zus\u00e4tzlichen Gene, die zur Variation des Splash-White-Ph\u00e4notyps beitragen, m\u00fcssen noch identifiziert werden.<br \/>\nSW5 wurde in einer American-Paint-Horse-Familie identifiziert. Es ist nicht bekannt, ob SW5 homozygot letal ist, bislang wurden keine Homozygoten (SW5\/SW5) beschrieben.<br \/>\nSW6 wurde in einer einzigen Familie als De-novo-Mutation identifiziert. Eine De-novo-Mutation bedeutet, dass nur dieses Individuum, seine Nachkommen und daraus resultierende zuk\u00fcnftige Generationen von Pferden, die von diesem Hengst abstammen, diese Mutation haben k\u00f6nnen. Zum jetzigen Zeitpunkt ist nicht bekannt ob, Homozygote f\u00fcr SW6 (SW6\/SW6) lebensf\u00e4hig sind. Aufgrund der Art der Mutation und der Rolle, die das MITF-Gen in der Entwicklung spielt, wird vermutet, dass SW6\/SW6 embryonal letal sein k\u00f6nnte. Im Rahmen einer Studie des Veterinary Genetics Laboratory wurde jedoch ein SW1\/SW6-Compound-Heterozygot identifiziert.<br \/>\nSplashed-White-Mutationen werden als dominante Merkmale mit variabler Auspr\u00e4gung vererbt, was bedeutet, dass eine Kopie einer SW-Mutation einen Splashed-White-Ph\u00e4notyp mit variablem Wei\u00dfanteil erzeugt. Pferde, die Kombinationen der Splashed-White-Mutationen, Tobiano oder Overo Lethal White tragen, k\u00f6nnen eine ausgedehnte wei\u00dfe Zeichnung aufweisen oder ihr Fell kann ganz wei\u00df sein.<br \/>\nDer Test auf das Splashed-White-Muster erm\u00f6glicht es Z\u00fcchtern, festzustellen, welche Splashed-White-Mutation bei ihrem Pferd vorhanden ist, und kann bei Zuchtentscheidungen und klinischen Entscheidungen helfen, wenn der Verdacht auf Taubheit besteht.<br \/>\n<\/p><table class=\"tx-laboklinleistung-table contenttable contenttable-2\" style=\"margin-top: 35px;\"><tr><td class=\"td-0\"><strong>Material<\/strong><\/td><td class=\"td-1\"><p class=\"bodytext\">nur M\u00e4hnen-\/Schweifhaare<\/p><\/td><\/tr><tr><td class=\"td-0\"><strong>Methode<\/strong><\/td><td class=\"td-1\"><p class=\"bodytext\">Partnerlabor<\/p><\/td><\/tr><tr><td class=\"td-0\"><strong>Rasse<\/strong><\/td><td class=\"td-1\"><p class=\"bodytext\">Achal-Tekkiner, American Bashkir Curly Horse, American Miniature Horse, American Saddlebred, Andalusier, Anglo-Araber, Appaloosa, Araber, Ardenner, Bayerisches Warmblut, Belgisches Warmblut, Berber, Boulonnais, Brabanter, Brandenburger Warmblut, Bretone, Camarillo White Horse, Clydesdale, Comtois, Connemara-Pony, Criollo, Dales-Pony, Dartmoor-Pony, Deutsches Classic-Pony, Deutsches Reitpony, Deutsches Sportpferd, D\u00e4nisches Warmblut, Englisches Vollblut, Exmoor-Pony, Fell-Pony, Frederiksborger, Freiberger, Friese, Haflinger, Hannoveraner, Hessisches Warmblut, Highland-Pony, Holsteiner, Huzule, Irisches Sportpferd, Irish Cob, Irish Draught Horse, Islandpferd, J\u00fctl\u00e4nder, KWPN, Kentucky Mountain Saddle Horse, Knabstrupper, Konik, Lettisches Warmblut, Lewitzer, Lipizzaner, Lusitano, Mangalarga Marchador, Mecklenburger Warmblut, Missouri Foxtrotter, Morgan, Mustang, M\u00e9rens, New-Forest-Pony, Niederl\u00e4ndisches Kaltblut, Noriker, Norwegisches Fjordpferd, Oldenburger, Orlow-Traber, Paint Horse, Paso Fino, Paso Peruano, Percheron, Pony of the Americas, Pura Raza Espanola, Quarab, Quarter Horse, Quarter Pony, Rheinisch-Deutsches Kaltblut, Rheinisches Warmblut, Rocky Mountain Horse, Schleswiger Kaltblut, Schwarzw\u00e4lder Kaltblut, Schwedisches Warmblut, Schweizer Warmblut, Selle Francais, Shagya-Araber, Shetlandpony, Shire Horse, Skandinavischer Kaltbluttraber, S\u00e4chsisches Warmblut, Tennessee Walking Horse, Tinker\/Gypsy Cob, Traber, Trakehner, Tschechisches Warmblut, Welsh-Pony, Westfale, Wielkopolski, W\u00fcrttemberger, Zweibr\u00fccker, sonstige \/ unbekannt, \u00d6sterreichisches Warmblut<\/p><\/td><\/tr><tr><td class=\"td-0\"><strong>Dauer<\/strong><\/td><td class=\"td-1\"><p class=\"bodytext\">4 - 6 Wochen nach Erhalt der Probe<\/p><\/td><\/tr><\/table>\n","protected":false},"excerpt":{"rendered":"<p>Splashed white (SW5-8)*LABOKLIN Leistungs-ID: 8841Splashed White ist ein ungleichm\u00e4\u00dfiges Scheckungsmuster, das vor allem durch extrem breite wei\u00dfe Streifen oder Flecken auf Stirn oder dem Nasenr\u00fccken (Blesse) bzw. Laterne mit h\u00e4ufig blauen Augen sowie hochwei\u00dfen Beinen gekennzeichnet ist. Manche, aber nicht alle Splashed-White-Pferde sind taub. In diesem Test werden 2 Genvarianten identifiziert (SW5 und SW6) die&hellip;<\/p>\n","protected":false},"author":18,"featured_media":0,"parent":1332724,"menu_order":10,"comment_status":"closed","ping_status":"closed","template":"","meta":{"_seopress_robots_primary_cat":"","_seopress_titles_title":"","_seopress_titles_desc":"","_seopress_robots_index":"","footnotes":""},"class_list":["post-1484879","page","type-page","status-publish","hentry","description-off"],"_links":{"self":[{"href":"https:\/\/laboklin.de\/de-at\/wp-json\/wp\/v2\/pages\/1484879","targetHints":{"allow":["GET"]}}],"collection":[{"href":"https:\/\/laboklin.de\/de-at\/wp-json\/wp\/v2\/pages"}],"about":[{"href":"https:\/\/laboklin.de\/de-at\/wp-json\/wp\/v2\/types\/page"}],"author":[{"embeddable":true,"href":"https:\/\/laboklin.de\/de-at\/wp-json\/wp\/v2\/users\/18"}],"replies":[{"embeddable":true,"href":"https:\/\/laboklin.de\/de-at\/wp-json\/wp\/v2\/comments?post=1484879"}],"version-history":[{"count":1,"href":"https:\/\/laboklin.de\/de-at\/wp-json\/wp\/v2\/pages\/1484879\/revisions"}],"predecessor-version":[{"id":1484881,"href":"https:\/\/laboklin.de\/de-at\/wp-json\/wp\/v2\/pages\/1484879\/revisions\/1484881"}],"up":[{"embeddable":true,"href":"https:\/\/laboklin.de\/de-at\/wp-json\/wp\/v2\/pages\/1332724"}],"wp:attachment":[{"href":"https:\/\/laboklin.de\/de-at\/wp-json\/wp\/v2\/media?parent=1484879"}],"curies":[{"name":"wp","href":"https:\/\/api.w.org\/{rel}","templated":true}]}}