{"id":1484828,"date":"2024-09-12T16:58:08","date_gmt":"2024-09-12T14:58:08","guid":{"rendered":"https:\/\/laboklin.de\/?page_id=1484828"},"modified":"2025-02-25T12:30:43","modified_gmt":"2025-02-25T11:30:43","slug":"distichiasis-2","status":"publish","type":"page","link":"https:\/\/laboklin.de\/de-at\/leistungen\/genetik\/erbkrankheiten\/pferd\/distichiasis-2\/","title":{"rendered":"Distichiasis*"},"content":{"rendered":"<h3 class=\"csc-firstHeader\">Distichiasis*<\/h3><p><span>LABOKLIN Leistungs-ID: 8848<\/span><\/p><p class=\"bodytext\">Distichiasis ist eine Augenerkrankung, die durch ein abnormales Wachstum der Wimpern an den R\u00e4ndern der Augenlider gekennzeichnet ist. Diese fehlplatzierten Wimpern k\u00f6nnen die Hornhaut ber\u00fchren, was zu Schmerzen und einer St\u00f6rung der Hornhautoberfl\u00e4che f\u00fchren kann. Distichien (abnormale Wimpern) wachsen aus den Meibom-Dr\u00fcsen, kleinen Dr\u00fcsen, die die Lidr\u00e4nder auskleiden. Meibomsche Dr\u00fcsen produzieren normalerweise keine Haare; ihre normale Funktion besteht darin, einen Bestandteil des Tr\u00e4nenfilms zu produzieren.<br \/>\r\nDiese abnormalen Wimpern k\u00f6nnen eine Reihe klinischer Anzeichen hervorrufen, darunter \u00fcberm\u00e4\u00dfiges Tr\u00e4nen, Schielen, Hornhautgeschw\u00fcre (Unterbrechung der obersten Zellschicht der Hornhaut) oder Hornhautentz\u00fcndungen und Narbenbildung. Dies kann zu chronischen Reizungen und Augenschmerzen f\u00fchren, oder wenn Komplikationen durch Hornhautgeschw\u00fcre auftreten, k\u00f6nnen die Sch\u00e4den am Auge dazu f\u00fchren, dass das Pferd sein Sehverm\u00f6gen verliert oder das Auge entfernt werden muss. Bei manchen Pferden treten keine Anzeichen f\u00fcr ein abnormales Wimpernwachstum auf, so dass diese Erkrankung m\u00f6glicherweise unentdeckt bleibt.<br \/>\r\nDistichiasis wird als autosomal rezessives Merkmal mit unvollst\u00e4ndiger Penetranz vererbt. Das bedeutet, dass 2 Kopien der Variante erforderlich sind, um die Krankheit auszul\u00f6sen, dass aber nicht alle Individuen, die 2 Kopien der Mutation haben, den Ph\u00e4notyp der Krankheit zeigen.<br \/>\r\nPferden, die homozygot f\u00fcr die assoziierte Variante (Dis\/Dis) getestet wurden, wird empfohlen, regelm\u00e4\u00dfige Augenuntersuchungen durch einen tier\u00e4rztlichen Augenarzt durchf\u00fchren zu lassen, um festzustellen, ob abnormale Wimpern zu sehen sind, und um auf andere klinische Krankheitsanzeichen zu achten, die das Sehverm\u00f6gen gef\u00e4hrden k\u00f6nnten.<br \/>\r\nDer Test ist nur f\u00fcr Friesenpferde geeignet. Dieser DNA-Test kann bei der Auswahl von Zuchttieren helfen, um das Risiko der Verpaarung mit einem kranken Pferd zu verringern, und er kann auch feststellen, welche Pferde von einem Augenarzt auf das Vorhandensein einer Krankheit untersucht werden sollten.<\/p><table class=\"tx-laboklinleistung-table contenttable contenttable-2\" style=\"margin-top: 35px;\"><tr><td class=\"td-0\"><strong>Material<\/strong><\/td><td class=\"td-1\"><p class=\"bodytext\">nur M\u00e4hnen-\/Schweifhaare<\/p><\/td><\/tr><tr><td class=\"td-0\"><strong>Methode<\/strong><\/td><td class=\"td-1\"><p class=\"bodytext\">Partnerlabor<\/p><\/td><\/tr><tr><td class=\"td-0\"><strong>Rasse<\/strong><\/td><td class=\"td-1\"><p class=\"bodytext\">Friese<\/p><\/td><\/tr><tr><td class=\"td-0\"><strong>Erbgang<\/strong><\/td><td class=\"td-1\"><p class=\"bodytext\">autosomal-rezessiv mit unvollst\u00e4ndiger Penetranz<\/p><\/td><\/tr><tr><td class=\"td-0\"><strong>Dauer<\/strong><\/td><td class=\"td-1\"><p class=\"bodytext\">4 - 6 Wochen nach Erhalt der Probe<\/p><\/td><\/tr><\/table>\n","protected":false},"excerpt":{"rendered":"<p>Distichiasis*LABOKLIN Leistungs-ID: 8848Distichiasis ist eine Augenerkrankung, die durch ein abnormales Wachstum der Wimpern an den R\u00e4ndern der Augenlider gekennzeichnet ist. Diese fehlplatzierten Wimpern k\u00f6nnen die Hornhaut ber\u00fchren, was zu Schmerzen und einer St\u00f6rung der Hornhautoberfl\u00e4che f\u00fchren kann. Distichien (abnormale Wimpern) wachsen aus den Meibom-Dr\u00fcsen, kleinen Dr\u00fcsen, die die Lidr\u00e4nder auskleiden. Meibomsche Dr\u00fcsen produzieren normalerweise keine&hellip;<\/p>\n","protected":false},"author":18,"featured_media":0,"parent":1332710,"menu_order":4,"comment_status":"closed","ping_status":"closed","template":"","meta":{"_seopress_robots_primary_cat":"","_seopress_titles_title":"","_seopress_titles_desc":"","_seopress_robots_index":"","footnotes":""},"class_list":["post-1484828","page","type-page","status-publish","hentry","description-off"],"_links":{"self":[{"href":"https:\/\/laboklin.de\/de-at\/wp-json\/wp\/v2\/pages\/1484828","targetHints":{"allow":["GET"]}}],"collection":[{"href":"https:\/\/laboklin.de\/de-at\/wp-json\/wp\/v2\/pages"}],"about":[{"href":"https:\/\/laboklin.de\/de-at\/wp-json\/wp\/v2\/types\/page"}],"author":[{"embeddable":true,"href":"https:\/\/laboklin.de\/de-at\/wp-json\/wp\/v2\/users\/18"}],"replies":[{"embeddable":true,"href":"https:\/\/laboklin.de\/de-at\/wp-json\/wp\/v2\/comments?post=1484828"}],"version-history":[{"count":1,"href":"https:\/\/laboklin.de\/de-at\/wp-json\/wp\/v2\/pages\/1484828\/revisions"}],"predecessor-version":[{"id":1484830,"href":"https:\/\/laboklin.de\/de-at\/wp-json\/wp\/v2\/pages\/1484828\/revisions\/1484830"}],"up":[{"embeddable":true,"href":"https:\/\/laboklin.de\/de-at\/wp-json\/wp\/v2\/pages\/1332710"}],"wp:attachment":[{"href":"https:\/\/laboklin.de\/de-at\/wp-json\/wp\/v2\/media?parent=1484828"}],"curies":[{"name":"wp","href":"https:\/\/api.w.org\/{rel}","templated":true}]}}