{"id":1484776,"date":"2024-09-12T11:35:05","date_gmt":"2024-09-12T09:35:05","guid":{"rendered":"https:\/\/laboklin.de\/?page_id=1484776"},"modified":"2025-01-27T11:40:55","modified_gmt":"2025-01-27T10:40:55","slug":"e-cuniculi-profil-gross","status":"publish","type":"page","link":"https:\/\/laboklin.de\/de-at\/leistungen\/profile\/profile-screenings-kleinsaeuger-voegel-reptilien-fische\/klinisch-chemische-profile-screenings\/e-cuniculi-profil-gross\/","title":{"rendered":"E. cuniculi-Profil gro\u00df"},"content":{"rendered":"<h3 class=\"csc-firstHeader\">E. cuniculi-Profil gro\u00df<\/h3><p><span>LABOKLIN Leistungs-ID: 1086<\/span><\/p><table class=\"tx-laboklinleistung-table contenttable contenttable-2\" style=\"margin-top: 35px;\"><tr><td class=\"td-0\"><strong>Material<\/strong><\/td><td class=\"td-1\"><p class=\"bodytext\">Heparinplasma oder Serum 1 ml<\/p><\/td><\/tr><tr><td class=\"td-0\"><strong>Parameter<\/strong><\/td><td class=\"td-1\"><p class=\"bodytext\">Kleins\u00e4uger-Screening gro\u00df (AP, GLDH, y-GT, ALT, AST, Bili, GS, Glucose, Fructosamine, Trigly., CK, Protein, Harnstoff, Kreatinin, PO4, Ca, Na, K, Cl), <br>E. cuniculi IgG & IgM, Serumproteinelektophorese<\/p><\/td><\/tr><tr><td class=\"td-0\"><strong>Tierart(en)<\/strong><\/td><td class=\"td-1\"><p class=\"bodytext\">Kaninchen<\/p><\/td><\/tr><tr><td class=\"td-0\"><strong>Dauer<\/strong><\/td><td class=\"td-1\"><p class=\"bodytext\">1 - 2 Tage<\/p><\/td><\/tr><tr><td class=\"td-0\"><strong>Anmerkung<\/strong><\/td><td class=\"td-1\"><p class=\"bodytext\">Zu dem Profil kann ein gro\u00dfes Blutbild angefordert werden. In diesem Fall ist zus\u00e4tzlich 0,5 ml Heparin-Blut oder EDTA-Blut sowie ein Blutausstrich einzusenden.<\/p><\/td><\/tr><\/table>\n","protected":false},"excerpt":{"rendered":"<p>E. cuniculi-Profil gro\u00dfLABOKLIN Leistungs-ID: 1086MaterialHeparinplasma oder Serum 1 mlParameterKleins\u00e4uger-Screening gro\u00df (AP, GLDH, y-GT, ALT, AST, Bili, GS, Glucose, Fructosamine, Trigly., CK, Protein, Harnstoff, Kreatinin, PO4, Ca, Na, K, Cl), E. cuniculi IgG &#038; IgM, SerumproteinelektophoreseTierart(en)KaninchenDauer1 &#8211; 2 TageAnmerkungZu dem Profil kann ein gro\u00dfes Blutbild angefordert werden. In diesem Fall ist zus\u00e4tzlich 0,5 ml Heparin-Blut oder&hellip;<\/p>\n","protected":false},"author":10,"featured_media":0,"parent":1332834,"menu_order":1,"comment_status":"closed","ping_status":"closed","template":"","meta":{"_seopress_robots_primary_cat":"","_seopress_titles_title":"","_seopress_titles_desc":"","_seopress_robots_index":"","footnotes":""},"class_list":["post-1484776","page","type-page","status-publish","hentry","description-off"],"_links":{"self":[{"href":"https:\/\/laboklin.de\/de-at\/wp-json\/wp\/v2\/pages\/1484776","targetHints":{"allow":["GET"]}}],"collection":[{"href":"https:\/\/laboklin.de\/de-at\/wp-json\/wp\/v2\/pages"}],"about":[{"href":"https:\/\/laboklin.de\/de-at\/wp-json\/wp\/v2\/types\/page"}],"author":[{"embeddable":true,"href":"https:\/\/laboklin.de\/de-at\/wp-json\/wp\/v2\/users\/10"}],"replies":[{"embeddable":true,"href":"https:\/\/laboklin.de\/de-at\/wp-json\/wp\/v2\/comments?post=1484776"}],"version-history":[{"count":2,"href":"https:\/\/laboklin.de\/de-at\/wp-json\/wp\/v2\/pages\/1484776\/revisions"}],"predecessor-version":[{"id":1484784,"href":"https:\/\/laboklin.de\/de-at\/wp-json\/wp\/v2\/pages\/1484776\/revisions\/1484784"}],"up":[{"embeddable":true,"href":"https:\/\/laboklin.de\/de-at\/wp-json\/wp\/v2\/pages\/1332834"}],"wp:attachment":[{"href":"https:\/\/laboklin.de\/de-at\/wp-json\/wp\/v2\/media?parent=1484776"}],"curies":[{"name":"wp","href":"https:\/\/api.w.org\/{rel}","templated":true}]}}