{"id":1483202,"date":"2024-08-30T10:38:51","date_gmt":"2024-08-30T08:38:51","guid":{"rendered":"https:\/\/laboklin.de\/?page_id=1483202"},"modified":"2026-02-25T13:19:59","modified_gmt":"2026-02-25T12:19:59","slug":"intrakutantest-einzel-allergen-flaeschchen-hund","status":"publish","type":"page","link":"https:\/\/laboklin.de\/de-at\/leistungen\/allergie\/allergiediagnostik\/intrakutantest-einzel-allergen-flaeschchen-hund\/","title":{"rendered":"Intrakutantest (Hund)"},"content":{"rendered":"<h3 class=\"csc-firstHeader\">Intrakutantest (Hund)<\/h3><p><span>LABOKLIN Leistungs-ID: 6020<\/span><\/p><p class=\"bodytext\"><br>Test zur Durchf\u00fchrung in der eigenen Praxis<\/p><table class=\"tx-laboklinleistung-table contenttable contenttable-2\" style=\"margin-top: 35px;\"><tr><td class=\"td-0\"><strong>Methode<\/strong><\/td><td class=\"td-1\"><p class=\"bodytext\">In-vivo-Test am Tier<\/p><\/td><\/tr><tr><td class=\"td-0\"><strong>Tierart(en)<\/strong><\/td><td class=\"td-1\"><p class=\"bodytext\">Hund<\/p><\/td><\/tr><tr><td class=\"td-0\"><strong>Dauer<\/strong><\/td><td class=\"td-1\"><p class=\"bodytext\">ca. 3 Wochen Lieferzeit<\/p><\/td><\/tr><tr><td class=\"td-0\"><strong>Anmerkung<\/strong><\/td><td class=\"td-1\"><p class=\"bodytext\"><ul><li>Einzel-Allergen-Fl\u00e4schchen<\/li><li>Bitte legen Sie Ihrer Bestellung ein <strong>tier\u00e4rztliches Rezept<\/strong> bei! <\/li><li>Die Lieferung erfolgt an die tier\u00e4rztliche Hausapotheke.<\/li><li>Diese Leistung wird <strong>nicht<\/strong> in der Schweiz angeboten.<\/li><\/ul><\/p><\/td><\/tr><\/table>\n","protected":false},"excerpt":{"rendered":"<p>Intrakutantest (Hund)LABOKLIN Leistungs-ID: 6020Test zur Durchf\u00fchrung in der eigenen PraxisMethodeIn-vivo-Test am TierTierart(en)HundDauerca. 3 Wochen LieferzeitAnmerkungEinzel-Allergen-Fl\u00e4schchenBitte legen Sie Ihrer Bestellung ein tier\u00e4rztliches Rezept bei! Die Lieferung erfolgt an die tier\u00e4rztliche Hausapotheke.Diese Leistung wird nicht in der Schweiz angeboten.<\/p>\n","protected":false},"author":10,"featured_media":0,"parent":1332675,"menu_order":19,"comment_status":"closed","ping_status":"closed","template":"","meta":{"_seopress_robots_primary_cat":"","_seopress_titles_title":"","_seopress_titles_desc":"","_seopress_robots_index":"","footnotes":""},"class_list":["post-1483202","page","type-page","status-publish","hentry","description-off"],"_links":{"self":[{"href":"https:\/\/laboklin.de\/de-at\/wp-json\/wp\/v2\/pages\/1483202","targetHints":{"allow":["GET"]}}],"collection":[{"href":"https:\/\/laboklin.de\/de-at\/wp-json\/wp\/v2\/pages"}],"about":[{"href":"https:\/\/laboklin.de\/de-at\/wp-json\/wp\/v2\/types\/page"}],"author":[{"embeddable":true,"href":"https:\/\/laboklin.de\/de-at\/wp-json\/wp\/v2\/users\/10"}],"replies":[{"embeddable":true,"href":"https:\/\/laboklin.de\/de-at\/wp-json\/wp\/v2\/comments?post=1483202"}],"version-history":[{"count":3,"href":"https:\/\/laboklin.de\/de-at\/wp-json\/wp\/v2\/pages\/1483202\/revisions"}],"predecessor-version":[{"id":1593325,"href":"https:\/\/laboklin.de\/de-at\/wp-json\/wp\/v2\/pages\/1483202\/revisions\/1593325"}],"up":[{"embeddable":true,"href":"https:\/\/laboklin.de\/de-at\/wp-json\/wp\/v2\/pages\/1332675"}],"wp:attachment":[{"href":"https:\/\/laboklin.de\/de-at\/wp-json\/wp\/v2\/media?parent=1483202"}],"curies":[{"name":"wp","href":"https:\/\/api.w.org\/{rel}","templated":true}]}}