{"id":1483179,"date":"2024-08-29T12:03:44","date_gmt":"2024-08-29T10:03:44","guid":{"rendered":"https:\/\/laboklin.de\/?page_id=1483179"},"modified":"2025-02-03T10:23:42","modified_gmt":"2025-02-03T09:23:42","slug":"demodex-gatoi-katze-pcr","status":"publish","type":"page","link":"https:\/\/laboklin.de\/de-at\/leistungen\/infektionskrankheiten-erreger-und-antikoerpernachweise\/parasiten\/demodex\/demodex-gatoi-katze-pcr\/","title":{"rendered":"Demodex gatoi (Katze) &#8211; PCR"},"content":{"rendered":"<h3 class=\"csc-firstHeader\">Demodex gatoi (Katze) - PCR<\/h3><p><span>LABOKLIN Leistungs-ID: 8866<\/span><\/p><p class=\"bodytext\"><br> D. gatoi ist eine eher oberfl\u00e4chlich lebende Milbe, die im Stratum corneum (nicht in den Haarfollikeln) der Katze lebt. Sie gilt als prim\u00e4r pathogener Parasit mit hoher Kontagiosit\u00e4t. <br \/>\r\nEine Demodikose durch D. gatoi sollte bei jeder Katze mit <strong>Juckreiz<\/strong> in die Differentialdiagnose einbezogen werden.<br \/>\r\n<\/p><table class=\"tx-laboklinleistung-table contenttable contenttable-2\" style=\"margin-top: 35px;\"><tr><td class=\"td-0\"><strong>Material<\/strong><\/td><td class=\"td-1\"><p class=\"bodytext\">oberfl\u00e4chliches Hautgeschabsel, (Haare)<\/p><\/td><\/tr><tr><td class=\"td-0\"><strong>Methode<\/strong><\/td><td class=\"td-1\"><p class=\"bodytext\">realtime PCR<\/p><\/td><\/tr><tr><td class=\"td-0\"><strong>Dauer<\/strong><\/td><td class=\"td-1\"><p class=\"bodytext\">1 - 3 Tage<\/p><\/td><\/tr><tr><td class=\"td-0\"><strong>Anmerkung<\/strong><\/td><td class=\"td-1\"><p class=\"bodytext\">Aufgrund der teilweise geringen Befallsdichte sollten idealerweise mehrere oberfl\u00e4chliche Hautgeschabsel durchgef\u00fchrt werden.<\/p><\/td><\/tr><\/table>\n","protected":false},"excerpt":{"rendered":"<p>Demodex gatoi (Katze) &#8211; PCRLABOKLIN Leistungs-ID: 8866 D. gatoi ist eine eher oberfl\u00e4chlich lebende Milbe, die im Stratum corneum (nicht in den Haarfollikeln) der Katze lebt. Sie gilt als prim\u00e4r pathogener Parasit mit hoher Kontagiosit\u00e4t. Eine Demodikose durch D. gatoi sollte bei jeder Katze mit Juckreiz in die Differentialdiagnose einbezogen werden. Materialoberfl\u00e4chliches Hautgeschabsel, (Haare)Methoderealtime PCRDauer1&hellip;<\/p>\n","protected":false},"author":10,"featured_media":0,"parent":1333143,"menu_order":0,"comment_status":"closed","ping_status":"closed","template":"","meta":{"_seopress_robots_primary_cat":"","_seopress_titles_title":"","_seopress_titles_desc":"","_seopress_robots_index":"","footnotes":""},"class_list":["post-1483179","page","type-page","status-publish","hentry","description-off"],"_links":{"self":[{"href":"https:\/\/laboklin.de\/de-at\/wp-json\/wp\/v2\/pages\/1483179","targetHints":{"allow":["GET"]}}],"collection":[{"href":"https:\/\/laboklin.de\/de-at\/wp-json\/wp\/v2\/pages"}],"about":[{"href":"https:\/\/laboklin.de\/de-at\/wp-json\/wp\/v2\/types\/page"}],"author":[{"embeddable":true,"href":"https:\/\/laboklin.de\/de-at\/wp-json\/wp\/v2\/users\/10"}],"replies":[{"embeddable":true,"href":"https:\/\/laboklin.de\/de-at\/wp-json\/wp\/v2\/comments?post=1483179"}],"version-history":[{"count":1,"href":"https:\/\/laboklin.de\/de-at\/wp-json\/wp\/v2\/pages\/1483179\/revisions"}],"predecessor-version":[{"id":1483182,"href":"https:\/\/laboklin.de\/de-at\/wp-json\/wp\/v2\/pages\/1483179\/revisions\/1483182"}],"up":[{"embeddable":true,"href":"https:\/\/laboklin.de\/de-at\/wp-json\/wp\/v2\/pages\/1333143"}],"wp:attachment":[{"href":"https:\/\/laboklin.de\/de-at\/wp-json\/wp\/v2\/media?parent=1483179"}],"curies":[{"name":"wp","href":"https:\/\/api.w.org\/{rel}","templated":true}]}}