{"id":1482779,"date":"2025-08-28T12:50:57","date_gmt":"2025-08-28T10:50:57","guid":{"rendered":"https:\/\/laboklin.de\/aktionswoche-tag-des-hundes-vom-07-12-oktober-2024\/"},"modified":"2025-09-19T09:23:37","modified_gmt":"2025-09-19T07:23:37","slug":"tag-des-hundes-vorsorgewoche-06-11-10-2025","status":"publish","type":"page","link":"https:\/\/laboklin.de\/de-at\/tag-des-hundes-vorsorgewoche-06-11-10-2025\/","title":{"rendered":"Tag des Hundes | Vorsorgewoche 06.-11.10.2025"},"content":{"rendered":"<div class=\"wpb-content-wrapper\"><p>[vc_section][vc_row type=&#8220;vc_default&#8220; css=&#8220;.vc_custom_1680788607892{margin-top: 20px !important;margin-bottom: 30px !important;}&#8220;][vc_column width=&#8220;1\/6&#8243; offset=&#8220;vc_hidden-md vc_hidden-sm vc_hidden-xs&#8220;][\/vc_column][vc_column width=&#8220;5\/6&#8243;][vc_column_text css=&#8220;&#8220;]<\/p>\n<h1>LABOKLIN Vorsorgewoche vom 06.-11. Oktober 2025<\/h1>\n<h2>UNSER BEITRAG ZUM TAG DES HUNDES<\/h2>\n<p>[\/vc_column_text][\/vc_column][\/vc_row][vc_row type=&#8220;vc_default&#8220;][vc_column width=&#8220;1\/6&#8243;][\/vc_column][vc_column width=&#8220;5\/6&#8243;][vc_column_text css=&#8220;.vc_custom_1758266615191{margin-bottom: 30px !important;}&#8220;]<strong>T\u00dcV? Auch f\u00fcr Hunde eine gute Idee!<br \/>\n<span style=\"color: #808080;\">Denn wir wissen es schon lange: Vorsorgen ist besser als heilen!<\/span><\/strong><\/p>\n<p>Mit unserem Aktionsprofil \u201eAuf Leber, Niere und Schilddr\u00fcse gepr\u00fcft\u201c zum Sonderpreis runden wir den j\u00e4hrlichen Check mit einer Blutuntersuchung ab.<\/p>\n<p><strong>Das Aktionsprofil enth\u00e4lt folgende Parameter:<\/strong><\/p>\n<p>kleines Blutbild, Kreatinin, Harnstoff, Phosphat, SDMA, ALT, AST, AP, Protein, Albumin, CRP, Natrium, Kalium, Calcium und T4[\/vc_column_text][vc_row_inner css=&#8220;.vc_custom_1680847566404{margin-right: 5px !important;margin-left: 5px !important;padding-top: 20px !important;padding-bottom: 10px !important;background-color: #e7e7e7 !important;}&#8220;][vc_column_inner]<div class=\"aio-icon-component  vc_custom_1756477864578   style_1\"><div id=\"Info-box-wrap-3352\" class=\"aio-icon-box default-icon\" style=\"\"  ><div class=\"aio-icon-default\"><div class=\"ult-just-icon-wrapper  \"><div class=\"align-icon\" style=\"text-align:center;\">\n<div class=\"aio-icon none \"  style=\"color:#e51e1e;font-size:32px;display:inline-block;\">\n\t<i class=\"Defaults-info-circle\"><\/i>\n<\/div><\/div><\/div><\/div><div class=\"aio-icon-header\" ><a class=\"aio-icon-box-link\" href=\"https:\/\/app.laboklin.com\/pdf_forms\/A\/ua_tag_des_hundes_2025_at.pdf?subFolder=MISC\" target=\"_blank\" rel=\"noopener\" ><h3 class=\"aio-icon-title ult-responsive\"  data-ultimate-target='#Info-box-wrap-3352 .aio-icon-title'  data-responsive-json-new='{\"font-size\":\"desktop:22px;mobile_landscape:17px;mobile:16px;\",\"line-height\":\"\"}'  style=\"font-family:&#039;Open Sans&#039;;font-weight:700;color:#e51e1e;\">Untersuchungsauftrag | LABOKLIN Vorsorgewoche | 06.-11.10.2025<\/h3><\/a><\/div> <!-- header --><div class=\"aio-icon-description ult-responsive\"  data-ultimate-target='#Info-box-wrap-3352 .aio-icon-description'  data-responsive-json-new='{\"font-size\":\"\",\"line-height\":\"\"}'  style=\"\">Den speziellen <a href=\"https:\/\/app.laboklin.com\/pdf_forms\/A\/ua_tag_des_hundes_2025_at.pdf?subFolder=MISC\"><strong>Untersuchungsauftrag<\/strong> <\/a>zur Aktion k\u00f6nnen Sie wie gewohnt in <a href=\"https:\/\/app.laboklin.com\/pdf_forms\/A\/ua_tag_des_hundes_2025_at.pdf?subFolder=MISC\"><strong><span style=\"color: #ff0000;\">\u201eMein Labor\u201c<\/span><\/strong><\/a> herunterladen.<\/p>\n<p>Dort finden Sie auch alle weiteren relevanten Informationen.<\/div> <!-- description --><\/div> <!-- aio-icon-box --><\/div> <!-- aio-icon-component -->[\/vc_column_inner][\/vc_row_inner][\/vc_column][\/vc_row][\/vc_section][vc_row type=&#8220;vc_default&#8220; css=&#8220;.vc_custom_1680789114351{margin-top: 20px !important;}&#8220;][vc_column width=&#8220;1\/6&#8243; css=&#8220;.vc_custom_1680856414234{margin-bottom: 20px !important;}&#8220;]<style type=\"text\/css\" data-type=\"the7_shortcodes-inline-css\">#default-btn-0d3719a5d814417c8b1ede9da9240205 {\n  border-radius: 1px;\n  font-size: 16px;\n  line-height: 18px;\n}\n.btn-shadow#default-btn-0d3719a5d814417c8b1ede9da9240205 {\n  box-shadow: 0 1px 6px rgba(0,0,0,0.12);\n  transition: box-shadow 0.2s ease-out, opacity 0.45s;\n}\n.btn-shadow#default-btn-0d3719a5d814417c8b1ede9da9240205:hover {\n  box-shadow: 0 5px 11px 0 rgba(0,0,0,0.18), 0 4px 15px 0 rgba(0,0,0,0.15);\n}\n.btn-flat#default-btn-0d3719a5d814417c8b1ede9da9240205 {\n  box-shadow: none;\n}\n.btn-flat#default-btn-0d3719a5d814417c8b1ede9da9240205:hover {\n  box-shadow: none;\n}\n#default-btn-0d3719a5d814417c8b1ede9da9240205.ico-right-side > i {\n  margin-right: 0px;\n  margin-left: 12px;\n}\n#default-btn-0d3719a5d814417c8b1ede9da9240205 > i {\n  margin-right: 12px;\n  font-size: 18px;\n}\n#default-btn-0d3719a5d814417c8b1ede9da9240205:not(:hover) {\n  border-width: 0px;\n  padding: 12px 18px 12px 18px;\n}\n#default-btn-0d3719a5d814417c8b1ede9da9240205:hover {\n  border-width: 0px;\n  padding: 12px 18px 12px 18px;\n}\n#default-btn-0d3719a5d814417c8b1ede9da9240205.ico-right-side > i {\n  margin-right: 0px;\n  margin-left: 12px;\n}\n#default-btn-0d3719a5d814417c8b1ede9da9240205 > i {\n  margin-right: 12px;\n}<\/style><div class=\"btn-align-left\"><a href=\"https:\/\/laboklin.de\/wp-content\/uploads\/2025\/09\/infoblatt_aktionswoche_tuev_hund_2025_din_a4_at_web-1.pdf\" class=\"default-btn-shortcode dt-btn link-hover-off full-width-btn btn-flat \" target=\"_blank\" id=\"default-btn-0d3719a5d814417c8b1ede9da9240205\" title=\"FLYER | Tag des Hundes | 10.2025\" rel=\"noopener\"><i class=\"far fa-file-pdf\"><\/i><span>FLYER<\/span><\/a><\/div>[\/vc_column][vc_column width=&#8220;5\/6&#8243;][vc_column_text css=&#8220;&#8220;]<\/p>\n<h4><strong>AKTIONSFLYER<\/strong><\/h4>\n<p>Wir haben ein Infoblatt f\u00fcr die Praxis zur Aktion f\u00fcr Sie vorbereitet. Zum Aush\u00e4ndigen, Auslegen oder Aufh\u00e4ngen gleich hier in gew\u00fcnschter Gr\u00f6\u00dfe ausdrucken.<br \/>\n<strong>Nutzen Sie die Aktionswoche f\u00fcr Ihre Patienten und tragen Sie zur Gesunderhaltung bei!<\/strong><\/p>\n<p>Den <a href=\"https:\/\/laboklin.de\/wp-content\/uploads\/2025\/09\/infoblatt_aktionswoche_tuev_hund_2025_din_a4_at_web-1.pdf\" target=\"_blank\" rel=\"noopener\"><strong>FLYER<\/strong><\/a> k\u00f6nnen Sie <a href=\"https:\/\/laboklin.de\/wp-content\/uploads\/2025\/09\/infoblatt_aktionswoche_tuev_hund_2025_din_a4_at_web-1.pdf\" target=\"_blank\" rel=\"noopener\"><strong>hier herunterladen<\/strong><\/a>.<\/p>\n<p>[\/vc_column_text][\/vc_column][\/vc_row][vc_row type=&#8220;vc_default&#8220;][vc_column width=&#8220;1\/6&#8243;][\/vc_column][vc_column width=&#8220;5\/6&#8243;][vc_row_inner css=&#8220;.vc_custom_1649758081860{margin-top: 40px !important;}&#8220;][vc_column_inner][vc_separator color=&#8220;custom&#8220; align=&#8220;align_left&#8220; css=&#8220;.vc_custom_1680856548775{margin-bottom: 10px !important;}&#8220; accent_color=&#8220;#dd3333&#8243;][\/vc_column_inner][\/vc_row_inner][\/vc_column][\/vc_row][vc_row type=&#8220;vc_default&#8220; css=&#8220;.vc_custom_1756456999760{margin-top: 30px !important;margin-right: 10px !important;margin-left: 10px !important;}&#8220;][vc_column width=&#8220;1\/6&#8243;][\/vc_column][vc_column width=&#8220;5\/6&#8243; css=&#8220;.vc_custom_1756468986081{margin-left: 0px !important;background-color: #E7E7E7 !important;}&#8220; offset=&#8220;vc_col-xs-1&#8243;][vc_column_text css=&#8220;.vc_custom_1756477930826{margin-right: 30% !important;padding-top: 20px !important;padding-right: 40px !important;padding-bottom: 30px !important;padding-left: 10px !important;background-color: #E7E7E7 !important;}&#8220;]<\/p>\n<h4><strong>\u201eAlles auf einen Blick\u201c<\/strong><\/h4>\n<table style=\"height: 115px;\" width=\"50%\">\n<tbody>\n<tr>\n<td width=\"50\"><strong>Was: <\/strong><\/td>\n<td width=\"300\">Aktionswoche \u201eAuf Leber, Niere und Schilddr\u00fcse gepr\u00fcft&#8220;<\/td>\n<\/tr>\n<tr>\n<td width=\"50\"><strong>Wann:<\/strong><\/td>\n<td width=\"300\">06. \u2013 11.10.2025<\/td>\n<\/tr>\n<tr>\n<td width=\"50\"><strong>Wo:<\/strong><\/td>\n<td width=\"300\">In Ihrer Praxis \/ Klinik<\/td>\n<\/tr>\n<tr>\n<td width=\"50\"><strong>Auftr\u00e4ge:\u00a0\u00a0\u00a0\u00a0\u00a0\u00a0 <\/strong><\/td>\n<td width=\"300\"><a href=\"https:\/\/app.laboklin.com\/pdf_forms\/A\/ua_tag_des_hundes_2025_at.pdf?subFolder=MISC\" target=\"_blank\" rel=\"noopener\"><strong>Mein Labor\u00a0<\/strong><\/a><\/td>\n<\/tr>\n<\/tbody>\n<\/table>\n<p>[\/vc_column_text][\/vc_column][\/vc_row]<\/p>\n<\/div>","protected":false},"excerpt":{"rendered":"<p>[vc_section][vc_row type=&#8220;vc_default&#8220; css=&#8220;.vc_custom_1680788607892{margin-top: 20px !important;margin-bottom: 30px !important;}&#8220;][vc_column width=&#8220;1\/6&#8243; offset=&#8220;vc_hidden-md vc_hidden-sm vc_hidden-xs&#8220;][\/vc_column][vc_column width=&#8220;5\/6&#8243;][vc_column_text css=&#8220;&#8220;] LABOKLIN Vorsorgewoche vom 06.-11. Oktober 2025 UNSER BEITRAG ZUM TAG DES HUNDES [\/vc_column_text][\/vc_column][\/vc_row][vc_row type=&#8220;vc_default&#8220;][vc_column width=&#8220;1\/6&#8243;][\/vc_column][vc_column width=&#8220;5\/6&#8243;][vc_column_text css=&#8220;.vc_custom_1758266615191{margin-bottom: 30px !important;}&#8220;]T\u00dcV? Auch f\u00fcr Hunde eine gute Idee! Denn wir wissen es schon lange: Vorsorgen ist besser als heilen! Mit unserem Aktionsprofil \u201eAuf Leber, Niere&hellip;<\/p>\n","protected":false},"author":1,"featured_media":0,"parent":0,"menu_order":6,"comment_status":"closed","ping_status":"closed","template":"","meta":{"_seopress_robots_primary_cat":"","_seopress_titles_title":"","_seopress_titles_desc":"","_seopress_robots_index":"","footnotes":""},"class_list":["post-1482779","page","type-page","status-publish","hentry","description-off"],"_links":{"self":[{"href":"https:\/\/laboklin.de\/de-at\/wp-json\/wp\/v2\/pages\/1482779","targetHints":{"allow":["GET"]}}],"collection":[{"href":"https:\/\/laboklin.de\/de-at\/wp-json\/wp\/v2\/pages"}],"about":[{"href":"https:\/\/laboklin.de\/de-at\/wp-json\/wp\/v2\/types\/page"}],"author":[{"embeddable":true,"href":"https:\/\/laboklin.de\/de-at\/wp-json\/wp\/v2\/users\/1"}],"replies":[{"embeddable":true,"href":"https:\/\/laboklin.de\/de-at\/wp-json\/wp\/v2\/comments?post=1482779"}],"version-history":[{"count":10,"href":"https:\/\/laboklin.de\/de-at\/wp-json\/wp\/v2\/pages\/1482779\/revisions"}],"predecessor-version":[{"id":1563072,"href":"https:\/\/laboklin.de\/de-at\/wp-json\/wp\/v2\/pages\/1482779\/revisions\/1563072"}],"wp:attachment":[{"href":"https:\/\/laboklin.de\/de-at\/wp-json\/wp\/v2\/media?parent=1482779"}],"curies":[{"name":"wp","href":"https:\/\/api.w.org\/{rel}","templated":true}]}}