{"id":1482336,"date":"2024-08-21T19:55:27","date_gmt":"2024-08-21T17:55:27","guid":{"rendered":"https:\/\/laboklin.de\/?page_id=1482336"},"modified":"2026-02-11T17:50:10","modified_gmt":"2026-02-11T16:50:10","slug":"cortisol-acth-quotient","status":"publish","type":"page","link":"https:\/\/laboklin.de\/de-at\/leistungen\/haematologie-klin-chemie-endokrinologie\/funktionstests-berechnungsformeln\/cortisol-acth-quotient\/","title":{"rendered":"Cortisol-ACTH-Quotient"},"content":{"rendered":"<h3 class=\"csc-firstHeader\">Cortisol-ACTH-Quotient<\/h3><p><span>LABOKLIN Leistungs-ID: 1078<\/span><\/p><p class=\"bodytext\"><br><\/p><table class=\"tx-laboklinleistung-table contenttable contenttable-2\" style=\"margin-top: 35px;\"><tr><td class=\"td-0\"><strong>Diagnose<\/strong><\/td><td class=\"td-1\"><p class=\"bodytext\">Abkl\u00e4rung eines Hypoadrenokortizismus (M. Addison) \u2013 insbesondere als Alternative, wenn kein synthetisches ACTH f\u00fcr die Durchf\u00fchrung eines ACTH-Stimulationstests verf\u00fcgbar ist.<\/p><\/td><\/tr><tr><td class=\"td-0\"><strong>Material<\/strong><\/td><td class=\"td-1\"><p class=\"bodytext\">EDTA-Plasma 0,5 ml (sofort abzentrifugiert, abpipettiert und gefroren) + Serum 0,5 ml<\/p><\/td><\/tr><tr><td class=\"td-0\"><strong>Parameter<\/strong><\/td><td class=\"td-1\"><p class=\"bodytext\">Cortisol, ACTH<\/p><\/td><\/tr><tr><td class=\"td-0\"><strong>Methode<\/strong><\/td><td class=\"td-1\"><p class=\"bodytext\">Chemoluminiszenzassay (CLIA)<\/p><\/td><\/tr><tr><td class=\"td-0\"><strong>Tierart(en)<\/strong><\/td><td class=\"td-1\"><p class=\"bodytext\">Hund<\/p><\/td><\/tr><tr><td class=\"td-0\"><strong>Dauer<\/strong><\/td><td class=\"td-1\"><p class=\"bodytext\">Befund\u00fcbermittlung am Tag des Probeneingangs (Mo.-Sa.)<\/p><\/td><\/tr><tr><td class=\"td-0\"><strong>Bewertung<\/strong><\/td><td class=\"td-1\"><p><ul><li>Zur Beurteilung sollte eine vorangegangene Glukokortikoid-Behandlung unbedingt ausgeschlossen werden. Quotienten unterhalb des Cut-off-Wertes deuten auf das Vorliegen eines prim\u00e4ren Hypoadrenokortizismus (M. Addison) hin.<\/li><li>Endogenes ACTH ist beim Hund instabil im Probenmaterial, bitte beachten Sie die pr\u00e4analytischen Anforderungen \u2013 siehe Angaben bei Material.<\/li><\/ul><\/p><\/td><\/tr><\/table>\n","protected":false},"excerpt":{"rendered":"<p>Cortisol-ACTH-QuotientLABOKLIN Leistungs-ID: 1078DiagnoseAbkl\u00e4rung eines Hypoadrenokortizismus (M. Addison) \u2013 insbesondere als Alternative, wenn kein synthetisches ACTH f\u00fcr die Durchf\u00fchrung eines ACTH-Stimulationstests verf\u00fcgbar ist.MaterialEDTA-Plasma 0,5 ml (sofort abzentrifugiert, abpipettiert und gefroren) + Serum 0,5 mlParameterCortisol, ACTHMethodeChemoluminiszenzassay (CLIA)Tierart(en)HundDauerBefund\u00fcbermittlung am Tag des Probeneingangs (Mo.-Sa.)BewertungZur Beurteilung sollte eine vorangegangene Glukokortikoid-Behandlung unbedingt ausgeschlossen werden. Quotienten unterhalb des Cut-off-Wertes deuten auf das&hellip;<\/p>\n","protected":false},"author":10,"featured_media":0,"parent":1332764,"menu_order":7,"comment_status":"closed","ping_status":"closed","template":"","meta":{"_seopress_robots_primary_cat":"","_seopress_titles_title":"","_seopress_titles_desc":"","_seopress_robots_index":"","footnotes":""},"class_list":["post-1482336","page","type-page","status-publish","hentry","description-off"],"_links":{"self":[{"href":"https:\/\/laboklin.de\/de-at\/wp-json\/wp\/v2\/pages\/1482336","targetHints":{"allow":["GET"]}}],"collection":[{"href":"https:\/\/laboklin.de\/de-at\/wp-json\/wp\/v2\/pages"}],"about":[{"href":"https:\/\/laboklin.de\/de-at\/wp-json\/wp\/v2\/types\/page"}],"author":[{"embeddable":true,"href":"https:\/\/laboklin.de\/de-at\/wp-json\/wp\/v2\/users\/10"}],"replies":[{"embeddable":true,"href":"https:\/\/laboklin.de\/de-at\/wp-json\/wp\/v2\/comments?post=1482336"}],"version-history":[{"count":3,"href":"https:\/\/laboklin.de\/de-at\/wp-json\/wp\/v2\/pages\/1482336\/revisions"}],"predecessor-version":[{"id":1588584,"href":"https:\/\/laboklin.de\/de-at\/wp-json\/wp\/v2\/pages\/1482336\/revisions\/1588584"}],"up":[{"embeddable":true,"href":"https:\/\/laboklin.de\/de-at\/wp-json\/wp\/v2\/pages\/1332764"}],"wp:attachment":[{"href":"https:\/\/laboklin.de\/de-at\/wp-json\/wp\/v2\/media?parent=1482336"}],"curies":[{"name":"wp","href":"https:\/\/api.w.org\/{rel}","templated":true}]}}