{"id":1480964,"date":"2024-08-07T16:34:22","date_gmt":"2024-08-07T14:34:22","guid":{"rendered":"https:\/\/laboklin.de\/?page_id=1480964"},"modified":"2025-02-17T09:48:09","modified_gmt":"2025-02-17T08:48:09","slug":"paradoxe-pseudomyotonie-pp","status":"publish","type":"page","link":"https:\/\/laboklin.de\/de-at\/leistungen\/genetik\/erbkrankheiten\/hund\/paradoxe-pseudomyotonie-pp\/","title":{"rendered":"Paradoxe Pseudomyotonie (PP)"},"content":{"rendered":"<h3 class=\"csc-firstHeader\">Paradoxe Pseudomyotonie (PP)<\/h3><p><span>LABOKLIN Leistungs-ID: 8933<\/span><\/p><p class=\"bodytext\">Eine genetische Variante des SLC7A10-Gens konnte als m\u00f6gliche urs\u00e4chliche Variante f\u00fcr die Paradoxe Pseudomyotonie (PP) beim English Cocker Spaniel und English Springer Spaniel gefunden werden.<br \/>\r\nDie Erkrankung l\u00e4sst sich durch das Auftreten von bewegungsinduzierten Episoden mit Muskelversteifungen charakterisieren, welche einer Myotonie \u00e4hneln und in unterschiedlichem Schweregrad vorliegen k\u00f6nnen. Die Anf\u00e4lle sind in den meisten F\u00e4llen nicht schmerzhaft und verschwinden \u00fcblicherweise innerhalb von 45 Sekunden von selbst. In schweren F\u00e4llen kann es jedoch zu lebensbedrohlichen Episoden mit Atemstillstand und aufgrund von Sauerstoffmangel zu Verf\u00e4rbungen der Haut (Zyanose) kommen.  Zudem ist bei kalten oder hei\u00dfen Temperaturen bereits eine geringe Anstrengung ausreichend um Muskelversteifungen und Schw\u00e4che hervorzurufen. Erste Symptome der Paradoxen Pseudomyotonie k\u00f6nnen im Alter zwischen 3 und 24 Monaten auftreten. Es kommt jedoch \u00fcblicherweise zu keiner Steigerung im Verlauf der Erkrankung. Sowohl die h\u00e4matologischen Tests als auch die Urinanalysen der betroffenen Hunde sind unauff\u00e4llig und die Episoden sind im EMG nicht messbar.<br \/>\r\nBei Hunden mit milden Symptomen k\u00f6nnen die Anf\u00e4lle durch das Vermeiden der typischen Ausl\u00f6ser reduziert oder gar verhindert werden. Bei stark betroffenen Hunden mit Episoden von Atemnot und Zyanose kann eine medikament\u00f6se Behandlung die H\u00e4ufigkeit und den Schweregrad der Anf\u00e4lle verringern.<\/p><table class=\"tx-laboklinleistung-table contenttable contenttable-2\" style=\"margin-top: 35px;\"><tr><td class=\"td-0\"><strong>Methode<\/strong><\/td><td class=\"td-1\"><p class=\"bodytext\">TaqMan SNP Assay<\/p><\/td><\/tr><tr><td class=\"td-0\"><strong>Rasse<\/strong><\/td><td class=\"td-1\"><p class=\"bodytext\">Cockapoo, English Cocker Spaniel, English Springer Spaniel<\/p><\/td><\/tr><tr><td class=\"td-0\"><strong>Erbgang<\/strong><\/td><td class=\"td-1\"><p class=\"bodytext\">autosomal-rezessiv<\/p><\/td><\/tr><tr><td class=\"td-0\"><strong>Dauer<\/strong><\/td><td class=\"td-1\"><p class=\"bodytext\">3 - 5 Werktage nach Erhalt der Probe<\/p><\/td><\/tr><\/table>\n","protected":false},"excerpt":{"rendered":"<p>Paradoxe Pseudomyotonie (PP)LABOKLIN Leistungs-ID: 8933Eine genetische Variante des SLC7A10-Gens konnte als m\u00f6gliche urs\u00e4chliche Variante f\u00fcr die Paradoxe Pseudomyotonie (PP) beim English Cocker Spaniel und English Springer Spaniel gefunden werden. Die Erkrankung l\u00e4sst sich durch das Auftreten von bewegungsinduzierten Episoden mit Muskelversteifungen charakterisieren, welche einer Myotonie \u00e4hneln und in unterschiedlichem Schweregrad vorliegen k\u00f6nnen. Die Anf\u00e4lle sind&hellip;<\/p>\n","protected":false},"author":18,"featured_media":0,"parent":1332701,"menu_order":43,"comment_status":"closed","ping_status":"closed","template":"","meta":{"_seopress_robots_primary_cat":"","_seopress_titles_title":"","_seopress_titles_desc":"","_seopress_robots_index":"","footnotes":""},"class_list":["post-1480964","page","type-page","status-publish","hentry","description-off"],"_links":{"self":[{"href":"https:\/\/laboklin.de\/de-at\/wp-json\/wp\/v2\/pages\/1480964","targetHints":{"allow":["GET"]}}],"collection":[{"href":"https:\/\/laboklin.de\/de-at\/wp-json\/wp\/v2\/pages"}],"about":[{"href":"https:\/\/laboklin.de\/de-at\/wp-json\/wp\/v2\/types\/page"}],"author":[{"embeddable":true,"href":"https:\/\/laboklin.de\/de-at\/wp-json\/wp\/v2\/users\/18"}],"replies":[{"embeddable":true,"href":"https:\/\/laboklin.de\/de-at\/wp-json\/wp\/v2\/comments?post=1480964"}],"version-history":[{"count":1,"href":"https:\/\/laboklin.de\/de-at\/wp-json\/wp\/v2\/pages\/1480964\/revisions"}],"predecessor-version":[{"id":1480966,"href":"https:\/\/laboklin.de\/de-at\/wp-json\/wp\/v2\/pages\/1480964\/revisions\/1480966"}],"up":[{"embeddable":true,"href":"https:\/\/laboklin.de\/de-at\/wp-json\/wp\/v2\/pages\/1332701"}],"wp:attachment":[{"href":"https:\/\/laboklin.de\/de-at\/wp-json\/wp\/v2\/media?parent=1480964"}],"curies":[{"name":"wp","href":"https:\/\/api.w.org\/{rel}","templated":true}]}}