{"id":1473913,"date":"2024-08-22T13:56:36","date_gmt":"2024-08-22T11:56:36","guid":{"rendered":"https:\/\/laboklin.de\/?page_id=1473913"},"modified":"2025-02-05T11:11:04","modified_gmt":"2025-02-05T10:11:04","slug":"molekulargenetisches-tumorpanel-hund","status":"publish","type":"page","link":"https:\/\/laboklin.de\/de-at\/leistungen\/pathologie\/tumorgenetische-tests\/molekulargenetisches-tumorpanel-hund\/","title":{"rendered":"Molekulargenetisches Tumorpanel* (Hund)"},"content":{"rendered":"<p><h3 class=\"csc-firstHeader\">Molekulargenetisches Tumorpanel* (Hund)<\/h3><p><span>LABOKLIN Leistungs-ID: 9986<\/span><\/p><p class=\"bodytext\">Zur genaueren Charakterisierung von malignen Tumoren des Hundes in ausgew\u00e4hlten F\u00e4llen:<br><strong>Therapeutische Indikationen<\/strong><br><ul><li>Fehlen von bekannten oder konventionellen Therapiekonzepten<\/li><li>(therapieresistentes) Rezidiv<\/li><\/ul>Eine genomisch basierte targeted Therapie kann m\u00f6glicherweise eine neue Therapieoption aufzeigen (ggf. Umwidmungskaskade beachten).<br><strong>Diagnostische Indikation<\/strong><br><ul><li> Eine sichere zytologische oder (immun)histologische Diagnose war nicht m\u00f6glich<\/li><\/ul>Die molekulargenetische Signatur kann helfen, die Diagnose weiter einzugrenzen (z. B. histiozyt\u00e4re Neoplasie versus Entz\u00fcndung) und ggf. ergibt sich gleichzeitig eine therapeutische Option.<\/p><table class=\"tx-laboklinleistung-table contenttable contenttable-2\" style=\"margin-top: 35px;\"><tr><td class=\"td-0\"><strong>Material<\/strong><\/td><td class=\"td-1\"><p class=\"bodytext\"><ul><li>15 tumorzellreiche Ausstriche (nicht eingedeckt)<\/li><li>Biopsien > 0,5 cm (formalinfixiert)<\/li><li>Tumorresektate (formalinfixiert)<\/li><li>Paraffinbl\u00f6cke mit ausreichend Tumormaterial<\/li><li>nicht geeignet sind Paraffinr\u00f6llchen oder entkalktes Gewebe<\/li><\/ul><\/p><\/td><\/tr><tr><td class=\"td-0\"><strong>Parameter<\/strong><\/td><td class=\"td-1\"><p class=\"bodytext\">Untersuchung auf 120 Biomarker (Mutationen)<\/p><\/td><\/tr><tr><td class=\"td-0\"><strong>Methode<\/strong><\/td><td class=\"td-1\"><p class=\"bodytext\">Next Generation Sequencing (NGS) (SearchLight DNA\u00ae)<\/p><\/td><\/tr><tr><td class=\"td-0\"><strong>Tierart(en)<\/strong><\/td><td class=\"td-1\"><p class=\"bodytext\">Hund<\/p><\/td><\/tr><tr><td class=\"td-0\"><strong>Dauer<\/strong><\/td><td class=\"td-1\"><p class=\"bodytext\">ca. 3 Wochen<\/p><\/td><\/tr><tr><td class=\"td-0\"><strong>Anmerkung<\/strong><\/td><td class=\"td-1\"><p class=\"bodytext\"><strong>Ergebnis (auf Englisch)<\/strong><br><ul><li>Zusammenfassung der molekulargenetischen Ergebnisse<\/li><li>Erl\u00e4uterungen und Literaturangaben zu den gefundenen Biomarkern<\/li><li>Monographien der gezielt einsetzbaren Medikamente werden bei Bedarf zur Verf\u00fcgung gestellt, soweit vorhanden<\/li><li>ggf. weitere Beratung zu den gefundenen Therapieoptionen per E-Mail (Englisch) direkt durch die Onkologen in den USA<\/li><\/ul><br><strong>Limitationen<\/strong><br><ul><li>Ausreichende Tumorzellzahl und DNA-Qualit\u00e4t sind erforderlich.<\/li><li>Nicht in jedem Fall l\u00e4sst sich DNA in ausreichender Menge und Qualit\u00e4t isolieren.<\/li><li>Nicht jeder Tumor weist eine der 120 getesteten Mutationen auf.<\/li><li>Nicht in jedem Fall werden Mutation gefunden, die eine therapeutische Option er\u00f6ffnen.<\/li><li>Verf\u00fcgbarkeit und Kosten der Medikamente k\u00f6nnen von Land zu Land variieren.<\/li><li>Die Medikamente sind m\u00f6glicherweise nicht in allen L\u00e4ndern f\u00fcr Hunde zugelassen.<\/li><li>Die Wirksamkeit dieser Medikamente ist beim Hund in unterschiedlichem Ma\u00dfe evidenzbasiert belegt.<\/li><li>Die Datenlage zu Wirksamkeit und Nebenwirkungen bei den jeweiligen kaninen Tumoren ist oft l\u00fcckenhaft.<\/li><\/ul><br>Die Entscheidung und Verantwortlichkeit zum Einsatz der im Befund aufgef\u00fchrten Medikamente liegt beim behandelnden Tierarzt!<br>Es wird empfohlen, bei solchen F\u00e4llen unbedingt einen spezialisierten Onkologen hinzuzuziehen.<\/p><\/td><\/tr><\/table> <div class=\"gap\" style=\"line-height: 20px; height: 20px;\"><\/div>\n<p>* Partnerlabor<\/p>\n","protected":false},"excerpt":{"rendered":"<p>* Partnerlabor<\/p>\n","protected":false},"author":16,"featured_media":0,"parent":1472263,"menu_order":2,"comment_status":"closed","ping_status":"closed","template":"","meta":{"_seopress_robots_primary_cat":"","_seopress_titles_title":"","_seopress_titles_desc":"","_seopress_robots_index":"","footnotes":""},"class_list":["post-1473913","page","type-page","status-publish","hentry","description-off"],"_links":{"self":[{"href":"https:\/\/laboklin.de\/de-at\/wp-json\/wp\/v2\/pages\/1473913","targetHints":{"allow":["GET"]}}],"collection":[{"href":"https:\/\/laboklin.de\/de-at\/wp-json\/wp\/v2\/pages"}],"about":[{"href":"https:\/\/laboklin.de\/de-at\/wp-json\/wp\/v2\/types\/page"}],"author":[{"embeddable":true,"href":"https:\/\/laboklin.de\/de-at\/wp-json\/wp\/v2\/users\/16"}],"replies":[{"embeddable":true,"href":"https:\/\/laboklin.de\/de-at\/wp-json\/wp\/v2\/comments?post=1473913"}],"version-history":[{"count":3,"href":"https:\/\/laboklin.de\/de-at\/wp-json\/wp\/v2\/pages\/1473913\/revisions"}],"predecessor-version":[{"id":1482378,"href":"https:\/\/laboklin.de\/de-at\/wp-json\/wp\/v2\/pages\/1473913\/revisions\/1482378"}],"up":[{"embeddable":true,"href":"https:\/\/laboklin.de\/de-at\/wp-json\/wp\/v2\/pages\/1472263"}],"wp:attachment":[{"href":"https:\/\/laboklin.de\/de-at\/wp-json\/wp\/v2\/media?parent=1473913"}],"curies":[{"name":"wp","href":"https:\/\/api.w.org\/{rel}","templated":true}]}}