{"id":1471972,"date":"2024-04-25T09:52:08","date_gmt":"2024-04-25T07:52:08","guid":{"rendered":"https:\/\/laboklin.de\/?page_id=1471972"},"modified":"2025-10-07T09:01:20","modified_gmt":"2025-10-07T07:01:20","slug":"t4-tsh-reverses-t3","status":"publish","type":"page","link":"https:\/\/laboklin.de\/de-at\/leistungen\/profile\/profile-screenings-kleintiere\/klinisch-chemische-profile-screenings-kleintiere\/t4-tsh-reverses-t3\/","title":{"rendered":"T4 + TSH + reverses T3"},"content":{"rendered":"<h3 class=\"csc-firstHeader\">T4 + TSH + rT3 (Hund, Katze)<\/h3><p><span>LABOKLIN Leistungs-ID: 514<\/span><\/p><p class=\"bodytext\">Profil zur Anwendung bei Patienten mit klinischem Verdacht auf Hypothyreose zur Differenzierung einer Non-thyroidal illness (NTI). <\/p><table class=\"tx-laboklinleistung-table contenttable contenttable-2\" style=\"margin-top: 35px;\"><tr><td class=\"td-0\"><strong>Material<\/strong><\/td><td class=\"td-1\"><p class=\"bodytext\">Serum 1 ml<\/p><\/td><\/tr><tr><td class=\"td-0\"><strong>Parameter<\/strong><\/td><td class=\"td-1\"><p class=\"bodytext\">T4, TSH, reverses T3<\/p><\/td><\/tr><tr><td class=\"td-0\"><strong>Tierart(en)<\/strong><\/td><td class=\"td-1\"><p class=\"bodytext\">Hund, Katze<\/p><\/td><\/tr><tr><td class=\"td-0\"><strong>Dauer<\/strong><\/td><td class=\"td-1\"><p class=\"bodytext\">1 - 5 Tage<\/p><\/td><\/tr><\/table>\n<p>&nbsp;<\/p>\n<p>Weitere Informationen zu <a href=\"https:\/\/laboklin.de\/wp-content\/uploads\/2024\/04\/Infoblatt-rT3.pdf\">rT3<\/a> und <a href=\"https:\/\/laboklin.de\/wp-content\/uploads\/2024\/04\/Hypothyreose-Hund.pdf\">Hypothyreose<\/a><\/p>\n","protected":false},"excerpt":{"rendered":"<p>&nbsp; Weitere Informationen zu rT3 und Hypothyreose<\/p>\n","protected":false},"author":18,"featured_media":0,"parent":1332818,"menu_order":46,"comment_status":"closed","ping_status":"closed","template":"","meta":{"_seopress_robots_primary_cat":"","_seopress_titles_title":"","_seopress_titles_desc":"Schilddr\u00fcsenprofil f\u00fcr Hund & Katze: T4, TSH & reverses T3 zur Abkl\u00e4rung von Hypothyreose & NTI. Analyse in 1\u20135 Tagen bei LABOKLIN","_seopress_robots_index":"","footnotes":""},"class_list":["post-1471972","page","type-page","status-publish","hentry","description-off"],"_links":{"self":[{"href":"https:\/\/laboklin.de\/de-at\/wp-json\/wp\/v2\/pages\/1471972","targetHints":{"allow":["GET"]}}],"collection":[{"href":"https:\/\/laboklin.de\/de-at\/wp-json\/wp\/v2\/pages"}],"about":[{"href":"https:\/\/laboklin.de\/de-at\/wp-json\/wp\/v2\/types\/page"}],"author":[{"embeddable":true,"href":"https:\/\/laboklin.de\/de-at\/wp-json\/wp\/v2\/users\/18"}],"replies":[{"embeddable":true,"href":"https:\/\/laboklin.de\/de-at\/wp-json\/wp\/v2\/comments?post=1471972"}],"version-history":[{"count":4,"href":"https:\/\/laboklin.de\/de-at\/wp-json\/wp\/v2\/pages\/1471972\/revisions"}],"predecessor-version":[{"id":1566071,"href":"https:\/\/laboklin.de\/de-at\/wp-json\/wp\/v2\/pages\/1471972\/revisions\/1566071"}],"up":[{"embeddable":true,"href":"https:\/\/laboklin.de\/de-at\/wp-json\/wp\/v2\/pages\/1332818"}],"wp:attachment":[{"href":"https:\/\/laboklin.de\/de-at\/wp-json\/wp\/v2\/media?parent=1471972"}],"curies":[{"name":"wp","href":"https:\/\/api.w.org\/{rel}","templated":true}]}}