{"id":1471960,"date":"2024-04-25T09:46:51","date_gmt":"2024-04-25T07:46:51","guid":{"rendered":"https:\/\/laboklin.de\/?page_id=1471960"},"modified":"2025-10-06T10:45:56","modified_gmt":"2025-10-06T08:45:56","slug":"rt3-reverses-t3","status":"publish","type":"page","link":"https:\/\/laboklin.de\/de-at\/leistungen\/haematologie-klin-chemie-endokrinologie\/endokrinologie-tumormarker\/rt3-reverses-t3\/","title":{"rendered":"rT3 (reverses T3)"},"content":{"rendered":"<div class=\"wpb-content-wrapper\"><p>[vc_row][vc_column][vc_column_text css=&#8220;&#8220;]<h3 class=\"csc-firstHeader\">rT3 (reverses T3)<\/h3><p><span>LABOKLIN Leistungs-ID: 495<\/span><\/p><p class=\"bodytext\"><br>rT3 ist ein inaktiver Metabolit des Thyroxins (T4). Ist ausreichend bzw. viel T4 vorhanden, entsteht vermehrt rT3, w\u00e4hrend die rT3-Konzentration bei geringem T4-Angebot abnimmt.<\/p><table class=\"tx-laboklinleistung-table contenttable contenttable-2\" style=\"margin-top: 35px;\"><tr><td class=\"td-0\"><strong>Material<\/strong><\/td><td class=\"td-1\"><p class=\"bodytext\">Serum 0,5 ml<\/p><\/td><\/tr><tr><td class=\"td-0\"><strong>Methode<\/strong><\/td><td class=\"td-1\"><p class=\"bodytext\">Fl\u00fcssigchromatographie-Massenspektrometrie (LCMS)<\/p><\/td><\/tr><tr><td class=\"td-0\"><strong>Tierart(en)<\/strong><\/td><td class=\"td-1\"><p class=\"bodytext\">Hund, Katze<\/p><\/td><\/tr><tr><td class=\"td-0\"><strong>Dauer<\/strong><\/td><td class=\"td-1\"><p class=\"bodytext\">2-4 Arbeitstage<\/p><\/td><\/tr><tr><td class=\"td-0\"><strong>Anmerkung<\/strong><\/td><td class=\"td-1\"><p class=\"bodytext\"><ul><strong>Hund:<\/strong><li>Der Parameter wird vorrangig als Hilfestellung zur Differenzierung von Non-Thyroidal-Illness-Syndrom (NTI, fr\u00fcher Euthyroid-Sick-Syndrom) und Hypothyreose eingesetzt.<\/li><li>rT3 ist bei Hypothyreose erwartungsgem\u00e4\u00df reduziert, w\u00e4hrend dies bei NTI nicht der Fall ist<\/li><br><strong>Katze: <\/strong><li>rT3 ist bei Katzen mit Hyperthyreose signifikant erh\u00f6ht.<\/li><li>Bei Hyperthyreose-Verdachtsfallen, bei denen T4 nicht oder nur grenzwertig erh\u00f6ht ist, kann rT3 eine erg\u00e4nzende Hilfestellung bieten. Es ist bei Hyperthyreose erwartungsgem\u00e4\u00df deutlich erh\u00f6ht.<\/li><\/ul><\/p><\/td><\/tr><\/table><\/p>\n<p>&nbsp;<\/p>\n<p>weitere Informationen f\u00fcr <a href=\"https:\/\/laboklin.de\/wp-content\/uploads\/2025\/02\/infoblatt-rt3.pdf\">Hund<\/a> und <a href=\"https:\/\/laboklin.de\/wp-content\/uploads\/2025\/09\/flowchart_rt3-katze_din_a4_de_web.pdf\">Katze<\/a>[\/vc_column_text][\/vc_column][\/vc_row]<\/p>\n<\/div>","protected":false},"excerpt":{"rendered":"<p>[vc_row][vc_column][vc_column_text css=&#8220;&#8220;] &nbsp; weitere Informationen f\u00fcr Hund und Katze[\/vc_column_text][\/vc_column][\/vc_row]<\/p>\n","protected":false},"author":18,"featured_media":0,"parent":1332763,"menu_order":6,"comment_status":"closed","ping_status":"closed","template":"","meta":{"_seopress_robots_primary_cat":"","_seopress_titles_title":"","_seopress_titles_desc":"","_seopress_robots_index":"","footnotes":""},"class_list":["post-1471960","page","type-page","status-publish","hentry","description-off"],"_links":{"self":[{"href":"https:\/\/laboklin.de\/de-at\/wp-json\/wp\/v2\/pages\/1471960","targetHints":{"allow":["GET"]}}],"collection":[{"href":"https:\/\/laboklin.de\/de-at\/wp-json\/wp\/v2\/pages"}],"about":[{"href":"https:\/\/laboklin.de\/de-at\/wp-json\/wp\/v2\/types\/page"}],"author":[{"embeddable":true,"href":"https:\/\/laboklin.de\/de-at\/wp-json\/wp\/v2\/users\/18"}],"replies":[{"embeddable":true,"href":"https:\/\/laboklin.de\/de-at\/wp-json\/wp\/v2\/comments?post=1471960"}],"version-history":[{"count":6,"href":"https:\/\/laboklin.de\/de-at\/wp-json\/wp\/v2\/pages\/1471960\/revisions"}],"predecessor-version":[{"id":1566023,"href":"https:\/\/laboklin.de\/de-at\/wp-json\/wp\/v2\/pages\/1471960\/revisions\/1566023"}],"up":[{"embeddable":true,"href":"https:\/\/laboklin.de\/de-at\/wp-json\/wp\/v2\/pages\/1332763"}],"wp:attachment":[{"href":"https:\/\/laboklin.de\/de-at\/wp-json\/wp\/v2\/media?parent=1471960"}],"curies":[{"name":"wp","href":"https:\/\/api.w.org\/{rel}","templated":true}]}}