{"id":1469480,"date":"2024-04-11T09:58:56","date_gmt":"2024-04-11T07:58:56","guid":{"rendered":"https:\/\/laboklin.de\/?page_id=1469480"},"modified":"2025-01-29T10:08:55","modified_gmt":"2025-01-29T09:08:55","slug":"luteo-plazentarer-shift-pferd","status":"publish","type":"page","link":"https:\/\/laboklin.de\/de-at\/leistungen\/haematologie-klin-chemie-endokrinologie\/endokrinologie-tumormarker\/luteo-plazentarer-shift-pferd\/","title":{"rendered":"Luteo-plazentarer Shift (Pferd)"},"content":{"rendered":"<h3 class=\"csc-firstHeader\">Luteo-plazentarer Shift (Pferd)<\/h3><p><span>LABOKLIN Leistungs-ID: 1083<\/span><\/p><table class=\"tx-laboklinleistung-table contenttable contenttable-2\" style=\"margin-top: 35px;\"><tr><td class=\"td-0\"><strong>Diagnose<\/strong><\/td><td class=\"td-1\"><p class=\"bodytext\">Bestimmung des Zeitpunktes der plazent\u00e4ren Gestagensynthese zwischen dem 100.-120. Tag der Tr\u00e4chtigkeit der Stute.<\/p><\/td><\/tr><tr><td class=\"td-0\"><strong>Material<\/strong><\/td><td class=\"td-1\"><p class=\"bodytext\">Serum 1 ml<\/p><\/td><\/tr><tr><td class=\"td-0\"><strong>Parameter<\/strong><\/td><td class=\"td-1\"><p class=\"bodytext\">5\u03b1-Dihydroprogesteron (DHP), Progesteron<\/p><\/td><\/tr><tr><td class=\"td-0\"><strong>Methode<\/strong><\/td><td class=\"td-1\"><p class=\"bodytext\">Fl\u00fcssigchromatographie-Massenspektrometrie (LCMS)<\/p><\/td><\/tr><tr><td class=\"td-0\"><strong>Tierart(en)<\/strong><\/td><td class=\"td-1\"><p class=\"bodytext\">Pferd<\/p><\/td><\/tr><tr><td class=\"td-0\"><strong>Dauer<\/strong><\/td><td class=\"td-1\"><p class=\"bodytext\">2-5 Arbeitstage<\/p><\/td><\/tr><tr><td class=\"td-0\"><strong>Bewertung<\/strong><\/td><td class=\"td-1\"><p><ul><li>Das DHP\/Progesteron-Verh\u00e4ltnis betr\u00e4gt bei zyklischen oder fr\u00fchtr\u00e4chtigen Stuten < 1, nach dem luteo-plazentaren Shift um den ca. 100.\u2013120. Tag der Tr\u00e4chtigkeit > 1.<\/li><li>Absolute DHP-Konzentrationen (Verlaufsuntersuchungen) erlauben eine Aussage \u00fcber die Plazentafunktion bei Erkrankungen w\u00e4hrend der fortgeschrittenen Tr\u00e4chtigkeit.<\/li><\/ul><\/p><\/td><\/tr><\/table>\n<p>&nbsp;<\/p>\n<p><strong>Weitere Informationen finden Sie <a href=\"https:\/\/laboklin.de\/wp-content\/uploads\/2024\/04\/Infoblatt_Traechtigkeitsdiagnostik_web-1.pdf\" target=\"_blank\" rel=\"noopener\">hier<\/a><\/strong><\/p>\n","protected":false},"excerpt":{"rendered":"<p>&nbsp; Weitere Informationen finden Sie hier<\/p>\n","protected":false},"author":18,"featured_media":0,"parent":1332763,"menu_order":4,"comment_status":"closed","ping_status":"closed","template":"","meta":{"_seopress_robots_primary_cat":"","_seopress_titles_title":"","_seopress_titles_desc":"","_seopress_robots_index":"","footnotes":""},"class_list":["post-1469480","page","type-page","status-publish","hentry","description-off"],"_links":{"self":[{"href":"https:\/\/laboklin.de\/de-at\/wp-json\/wp\/v2\/pages\/1469480","targetHints":{"allow":["GET"]}}],"collection":[{"href":"https:\/\/laboklin.de\/de-at\/wp-json\/wp\/v2\/pages"}],"about":[{"href":"https:\/\/laboklin.de\/de-at\/wp-json\/wp\/v2\/types\/page"}],"author":[{"embeddable":true,"href":"https:\/\/laboklin.de\/de-at\/wp-json\/wp\/v2\/users\/18"}],"replies":[{"embeddable":true,"href":"https:\/\/laboklin.de\/de-at\/wp-json\/wp\/v2\/comments?post=1469480"}],"version-history":[{"count":7,"href":"https:\/\/laboklin.de\/de-at\/wp-json\/wp\/v2\/pages\/1469480\/revisions"}],"predecessor-version":[{"id":1472185,"href":"https:\/\/laboklin.de\/de-at\/wp-json\/wp\/v2\/pages\/1469480\/revisions\/1472185"}],"up":[{"embeddable":true,"href":"https:\/\/laboklin.de\/de-at\/wp-json\/wp\/v2\/pages\/1332763"}],"wp:attachment":[{"href":"https:\/\/laboklin.de\/de-at\/wp-json\/wp\/v2\/media?parent=1469480"}],"curies":[{"name":"wp","href":"https:\/\/api.w.org\/{rel}","templated":true}]}}