{"id":1458925,"date":"2024-01-18T14:11:55","date_gmt":"2024-01-18T13:11:55","guid":{"rendered":"https:\/\/laboklin.de\/?page_id=1458925"},"modified":"2025-02-17T11:19:05","modified_gmt":"2025-02-17T10:19:05","slug":"progressive-retinaatrophie-mit-neurodegeneration-pcyt2-defizienz","status":"publish","type":"page","link":"https:\/\/laboklin.de\/de-at\/leistungen\/genetik\/erbkrankheiten\/hund\/progressive-retinaatrophie-mit-neurodegeneration-pcyt2-defizienz\/","title":{"rendered":"Progressive Retinaatrophie mit Neurodegeneration (PCYT2-Defizienz)"},"content":{"rendered":"<h3 class=\"csc-firstHeader\">Progressive Retinaatrophie mit Neurodegeneration (PCYT2-Defizienz)<\/h3><p><span>LABOKLIN Leistungs-ID: 8879<\/span><\/p><p class=\"bodytext\">Eine genetische Variante des PCYT2-Gens kann bei Saarlooswolfshunden mit einer Erkrankung assoziiert werden, die sowohl zum Erblinden f\u00fchrt als auch eine Neurodegeneration mit sich bringt.  <br \/>\r\nBetroffene Hunde leiden an einer retinalen Degeneration, die bereits im fr\u00fchen Erwachsenenalter einsetzt. Es kommt zu den typischen ophthalmologischen Ver\u00e4nderungen einer generalisierten Progressiven Retinaatrophie (PRA), w\u00e4hrend die ersten klinischen Anzeichen ab einem Alter zwischen 20 und 46 Monaten sichtbar werden. Zudem zeigen die betroffenen Hunde ab dem sp\u00e4teren Erwachsenenalter neurologische Defizite, wie Gangauff\u00e4lligkeiten, Schw\u00e4che der hinteren Gliedma\u00dfen, Tremor, Ataxie, R\u00fcckgang der kognitiven F\u00e4higkeiten und Verhaltensauff\u00e4lligkeiten, vor allem Aggressivit\u00e4t gegen\u00fcber dem Besitzer. Bei manchen Hunden wurde auch von epileptischen Anf\u00e4llen berichtet. <br \/>\r\nDie betroffenen Hunde m\u00fcssen leider oft aufgrund der fortschreitenden neurologischen Anzeichen und der dadurch entstehenden Beeintr\u00e4chtigung der Lebensqualit\u00e4t euthanasiert werden. <\/p><table class=\"tx-laboklinleistung-table contenttable contenttable-2\" style=\"margin-top: 35px;\"><tr><td class=\"td-0\"><strong>Methode<\/strong><\/td><td class=\"td-1\"><p class=\"bodytext\">Sequenzierung<\/p><\/td><\/tr><tr><td class=\"td-0\"><strong>Rasse<\/strong><\/td><td class=\"td-1\"><p class=\"bodytext\">Saarlooswolfhund<\/p><\/td><\/tr><tr><td class=\"td-0\"><strong>Erbgang<\/strong><\/td><td class=\"td-1\"><p class=\"bodytext\">autosomal-rezessiv<\/p><\/td><\/tr><tr><td class=\"td-0\"><strong>Dauer<\/strong><\/td><td class=\"td-1\"><p class=\"bodytext\">1-2 Wochen nach Erhalt der Probe <\/p><\/td><\/tr><\/table>\n","protected":false},"excerpt":{"rendered":"<p>Progressive Retinaatrophie mit Neurodegeneration (PCYT2-Defizienz)LABOKLIN Leistungs-ID: 8879Eine genetische Variante des PCYT2-Gens kann bei Saarlooswolfshunden mit einer Erkrankung assoziiert werden, die sowohl zum Erblinden f\u00fchrt als auch eine Neurodegeneration mit sich bringt. Betroffene Hunde leiden an einer retinalen Degeneration, die bereits im fr\u00fchen Erwachsenenalter einsetzt. Es kommt zu den typischen ophthalmologischen Ver\u00e4nderungen einer generalisierten Progressiven Retinaatrophie&hellip;<\/p>\n","protected":false},"author":10,"featured_media":0,"parent":1332701,"menu_order":60,"comment_status":"closed","ping_status":"closed","template":"","meta":{"_seopress_robots_primary_cat":"","_seopress_titles_title":"","_seopress_titles_desc":"","_seopress_robots_index":"","footnotes":""},"class_list":["post-1458925","page","type-page","status-publish","hentry","description-off"],"_links":{"self":[{"href":"https:\/\/laboklin.de\/de-at\/wp-json\/wp\/v2\/pages\/1458925","targetHints":{"allow":["GET"]}}],"collection":[{"href":"https:\/\/laboklin.de\/de-at\/wp-json\/wp\/v2\/pages"}],"about":[{"href":"https:\/\/laboklin.de\/de-at\/wp-json\/wp\/v2\/types\/page"}],"author":[{"embeddable":true,"href":"https:\/\/laboklin.de\/de-at\/wp-json\/wp\/v2\/users\/10"}],"replies":[{"embeddable":true,"href":"https:\/\/laboklin.de\/de-at\/wp-json\/wp\/v2\/comments?post=1458925"}],"version-history":[{"count":1,"href":"https:\/\/laboklin.de\/de-at\/wp-json\/wp\/v2\/pages\/1458925\/revisions"}],"predecessor-version":[{"id":1458928,"href":"https:\/\/laboklin.de\/de-at\/wp-json\/wp\/v2\/pages\/1458925\/revisions\/1458928"}],"up":[{"embeddable":true,"href":"https:\/\/laboklin.de\/de-at\/wp-json\/wp\/v2\/pages\/1332701"}],"wp:attachment":[{"href":"https:\/\/laboklin.de\/de-at\/wp-json\/wp\/v2\/media?parent=1458925"}],"curies":[{"name":"wp","href":"https:\/\/api.w.org\/{rel}","templated":true}]}}