{"id":1455906,"date":"2023-12-22T10:15:22","date_gmt":"2023-12-22T09:15:22","guid":{"rendered":"https:\/\/laboklin.de\/?page_id=1455906"},"modified":"2025-01-31T09:35:33","modified_gmt":"2025-01-31T08:35:33","slug":"brucella-canis-ak-rsat","status":"publish","type":"page","link":"https:\/\/laboklin.de\/de-at\/leistungen\/infektionskrankheiten-erreger-und-antikoerpernachweise\/bakterien\/brucellen\/brucella-canis-ak-rsat\/","title":{"rendered":"Brucella canis &#8211; AK (RSAT)"},"content":{"rendered":"<h3 class=\"csc-firstHeader\">Brucella canis - Antik\u00f6rper (RSAT) <\/h3><p><span>LABOKLIN Leistungs-ID: 2069<\/span><\/p><table class=\"tx-laboklinleistung-table contenttable contenttable-2\" style=\"margin-top: 35px;\"><tr><td class=\"td-0\"><strong>Material<\/strong><\/td><td class=\"td-1\"><p class=\"bodytext\">Serum 1 ml<\/p><\/td><\/tr><tr><td class=\"td-0\"><strong>Methode<\/strong><\/td><td class=\"td-1\"><p class=\"bodytext\">Rapid Slide Agglutination Test (RSAT)<\/p><\/td><\/tr><tr><td class=\"td-0\"><strong>Tierart(en)<\/strong><\/td><td class=\"td-1\"><p class=\"bodytext\">Hund <\/p><\/td><\/tr><tr><td class=\"td-0\"><strong>Dauer<\/strong><\/td><td class=\"td-1\"><p class=\"bodytext\">1 - 2 Tage<\/p><\/td><\/tr><tr><td class=\"td-0\"><strong>Anmerkung<\/strong><\/td><td class=\"td-1\"><p class=\"bodytext\"><ul><li>F\u00fcr die Einreise in au\u00dfereurop\u00e4ische L\u00e4nder wird h\u00e4ufig der Agglutinationstest gefordert.<\/li><li>Es k\u00f6nnen beim Antik\u00f6rpernachweis Kreuzreaktionen mit anderen gramnegativen Bakterien z. B. Yersinia enterocolitica zu falsch positiven Ergebnissen f\u00fchren.<\/li><ul><\/p><\/td><\/tr><\/table>\n","protected":false},"excerpt":{"rendered":"<p>Brucella canis &#8211; Antik\u00f6rper (RSAT) LABOKLIN Leistungs-ID: 2069MaterialSerum 1 mlMethodeRapid Slide Agglutination Test (RSAT)Tierart(en)Hund Dauer1 &#8211; 2 TageAnmerkungF\u00fcr die Einreise in au\u00dfereurop\u00e4ische L\u00e4nder wird h\u00e4ufig der Agglutinationstest gefordert.Es k\u00f6nnen beim Antik\u00f6rpernachweis Kreuzreaktionen mit anderen gramnegativen Bakterien z. B. Yersinia enterocolitica zu falsch positiven Ergebnissen f\u00fchren.<\/p>\n","protected":false},"author":18,"featured_media":0,"parent":1333045,"menu_order":2,"comment_status":"closed","ping_status":"closed","template":"","meta":{"_seopress_robots_primary_cat":"","_seopress_titles_title":"","_seopress_titles_desc":"","_seopress_robots_index":"","footnotes":""},"class_list":["post-1455906","page","type-page","status-publish","hentry","description-off"],"_links":{"self":[{"href":"https:\/\/laboklin.de\/de-at\/wp-json\/wp\/v2\/pages\/1455906","targetHints":{"allow":["GET"]}}],"collection":[{"href":"https:\/\/laboklin.de\/de-at\/wp-json\/wp\/v2\/pages"}],"about":[{"href":"https:\/\/laboklin.de\/de-at\/wp-json\/wp\/v2\/types\/page"}],"author":[{"embeddable":true,"href":"https:\/\/laboklin.de\/de-at\/wp-json\/wp\/v2\/users\/18"}],"replies":[{"embeddable":true,"href":"https:\/\/laboklin.de\/de-at\/wp-json\/wp\/v2\/comments?post=1455906"}],"version-history":[{"count":1,"href":"https:\/\/laboklin.de\/de-at\/wp-json\/wp\/v2\/pages\/1455906\/revisions"}],"predecessor-version":[{"id":1455910,"href":"https:\/\/laboklin.de\/de-at\/wp-json\/wp\/v2\/pages\/1455906\/revisions\/1455910"}],"up":[{"embeddable":true,"href":"https:\/\/laboklin.de\/de-at\/wp-json\/wp\/v2\/pages\/1333045"}],"wp:attachment":[{"href":"https:\/\/laboklin.de\/de-at\/wp-json\/wp\/v2\/media?parent=1455906"}],"curies":[{"name":"wp","href":"https:\/\/api.w.org\/{rel}","templated":true}]}}