{"id":1455873,"date":"2023-12-20T19:45:06","date_gmt":"2023-12-20T18:45:06","guid":{"rendered":"https:\/\/laboklin.de\/?page_id=1455873"},"modified":"2025-02-25T12:22:59","modified_gmt":"2025-02-25T11:22:59","slug":"polydaktylie","status":"publish","type":"page","link":"https:\/\/laboklin.de\/de-at\/leistungen\/genetik\/erbkrankheiten\/katze\/polydaktylie\/","title":{"rendered":"Polydaktylie"},"content":{"rendered":"<h3 class=\"csc-firstHeader\">Polydaktylie<\/h3><p><span>LABOKLIN Leistungs-ID: 8874<\/span><\/p><p class=\"bodytext\">Polydaktylie (Vielzehigkeit) ist das Vorhandensein von mehr als der \u00fcblichen Anzahl an Zehen und zeichnet sich durch eine gro\u00dfe ph\u00e4notypische Vielfalt aus. Bisher wurden zwei morphologische Formen der Polydaktylie beschrieben: \u201eMitten-Paw\u201c und \u201ePatty-Foot\u201c. Bei der Mitten-Paw (\u201eF\u00e4ustling\u201c)-Form sind die zus\u00e4tzlichen Zehen k\u00fcrzer als die \u00fcbrigen Zehen und der Abstand zwischen den zus\u00e4tzlichen Zehen und den \u00fcbrigen Zehen ist gr\u00f6\u00dfer als der Abstand zwischen den \u00fcbrigen Zehen. Bei der Patty-Foot Form haben die zus\u00e4tzlichen Zehen die gleiche L\u00e4nge wie die \u00fcbrigen Zehen und der Abstand zwischen den zus\u00e4tzlichen und \u00fcbrigen Zehen sowie zwischen den \u00fcbrigen Zehen gleich ist (die breite Pfote sieht aus wie \u201eBurger-Patty\u201c).<br \/>\nPolydaktylie kann eine einzelne Pfote, zwei, drei oder alle vier Gliedma\u00dfen betreffen, zumeist bilden sich die zus\u00e4tzlichen Zehen jedoch an den vorderen oder an allen vier Gliedma\u00dfen aus. Auch die Anzahl der zus\u00e4tzlichen Zehen ist dabei variabel.<br \/>\nEs konnten bisher drei Varianten gefunden werden, die f\u00fcr Polydaktylie verantwortlich sind. Die drei Varianten befinden sich in einer regulatorischen Sequenz des Sonic Hedgehog (SHH)-Gens, der sogenannten \u201ecalled zone of polarising activity regulatory sequence (ZRS)\u201c, die bekannterma\u00dfen an der Entwicklung der Gliedma\u00dfen beteiligt ist. Sie wurden erstmals bei Hauskatzen in England (UK1- und UK2-Varianten) und bei Hemingway-Katzen in den USA (Hw-Variante) beschrieben. Alle drei Varianten werden autosomal-dominant vererbt, Katzen mit einer oder zwei Kopien dieser Varianten zeigen somit h\u00f6chstwahrscheinlich Polydaktylie.<\/p><table class=\"tx-laboklinleistung-table contenttable contenttable-2\" style=\"margin-top: 35px;\"><tr><td class=\"td-0\"><strong>Methode<\/strong><\/td><td class=\"td-1\"><p class=\"bodytext\">Sequenzierung<\/p><\/td><\/tr><tr><td class=\"td-0\"><strong>Erbgang<\/strong><\/td><td class=\"td-1\"><p class=\"bodytext\">autosomal-dominant<\/p><\/td><\/tr><tr><td class=\"td-0\"><strong>Dauer<\/strong><\/td><td class=\"td-1\"><p class=\"bodytext\">1 - 2 Wochen nach Erhalt der Probe<\/p><\/td><\/tr><\/table>\n","protected":false},"excerpt":{"rendered":"<p>PolydaktylieLABOKLIN Leistungs-ID: 8874Polydaktylie (Vielzehigkeit) ist das Vorhandensein von mehr als der \u00fcblichen Anzahl an Zehen und zeichnet sich durch eine gro\u00dfe ph\u00e4notypische Vielfalt aus. Bisher wurden zwei morphologische Formen der Polydaktylie beschrieben: \u201eMitten-Paw\u201c und \u201ePatty-Foot\u201c. Bei der Mitten-Paw (\u201eF\u00e4ustling\u201c)-Form sind die zus\u00e4tzlichen Zehen k\u00fcrzer als die \u00fcbrigen Zehen und der Abstand zwischen den zus\u00e4tzlichen Zehen&hellip;<\/p>\n","protected":false},"author":18,"featured_media":0,"parent":1332703,"menu_order":19,"comment_status":"closed","ping_status":"closed","template":"","meta":{"_seopress_robots_primary_cat":"","_seopress_titles_title":"","_seopress_titles_desc":"","_seopress_robots_index":"","footnotes":""},"class_list":["post-1455873","page","type-page","status-publish","hentry","description-off"],"_links":{"self":[{"href":"https:\/\/laboklin.de\/de-at\/wp-json\/wp\/v2\/pages\/1455873","targetHints":{"allow":["GET"]}}],"collection":[{"href":"https:\/\/laboklin.de\/de-at\/wp-json\/wp\/v2\/pages"}],"about":[{"href":"https:\/\/laboklin.de\/de-at\/wp-json\/wp\/v2\/types\/page"}],"author":[{"embeddable":true,"href":"https:\/\/laboklin.de\/de-at\/wp-json\/wp\/v2\/users\/18"}],"replies":[{"embeddable":true,"href":"https:\/\/laboklin.de\/de-at\/wp-json\/wp\/v2\/comments?post=1455873"}],"version-history":[{"count":1,"href":"https:\/\/laboklin.de\/de-at\/wp-json\/wp\/v2\/pages\/1455873\/revisions"}],"predecessor-version":[{"id":1455876,"href":"https:\/\/laboklin.de\/de-at\/wp-json\/wp\/v2\/pages\/1455873\/revisions\/1455876"}],"up":[{"embeddable":true,"href":"https:\/\/laboklin.de\/de-at\/wp-json\/wp\/v2\/pages\/1332703"}],"wp:attachment":[{"href":"https:\/\/laboklin.de\/de-at\/wp-json\/wp\/v2\/media?parent=1455873"}],"curies":[{"name":"wp","href":"https:\/\/api.w.org\/{rel}","templated":true}]}}