{"id":1455742,"date":"2023-12-19T20:18:44","date_gmt":"2023-12-19T19:18:44","guid":{"rendered":"https:\/\/laboklin.de\/?page_id=1455742"},"modified":"2025-02-05T12:56:35","modified_gmt":"2025-02-05T11:56:35","slug":"erbliche-taubheit-dings12","status":"publish","type":"page","link":"https:\/\/laboklin.de\/de-at\/leistungen\/genetik\/erbkrankheiten\/hund\/erbliche-taubheit-dings12\/","title":{"rendered":"Erbliche Taubheit (DINGS1&#038;2)"},"content":{"rendered":"<h3 class=\"csc-firstHeader\">Erbliche Taubheit (DINGS1&2)<\/h3><p><span>LABOKLIN Leistungs-ID: 8875<\/span><\/p><p class=\"bodytext\">Zwei genetische Varianten im PTPRQ-Gen (bekannt als DINGS1) und im MYO7A-Gen (bekannt als DINGS2) konnten identifiziert werden, die in der Rasse Dobermann angeborene Taubheit und St\u00f6rungen des Gleichgewichts- und Bewegungssinnes (dem vestibul\u00e4ren System) verursachen. <br \/>\r\nBetroffene Welpen sind bereits kurz nach der Geburt taub und zeigen Symptome einer Gleichgewichtsst\u00f6rung, wie zum Beispiel ein Neigen des Kopfes, Laufen im Kreis und eine gest\u00f6rte Bewegungskoordination (Ataxie). Die Gleichgewichtsst\u00f6rungen k\u00f6nnen mit zunehmendem Alter jedoch schw\u00e4cher ausgepr\u00e4gt sein. Zudem fehlt den betroffenen Welpen der vestibulookul\u00e4re Reflex (Reflexbewegung der Augen als Reaktion auf Kopfbewegungen) und nach K\u00f6rperdrehungen kann Nystagmus (Augenzittern) auftreten. <br \/>\r\nBei der Erkrankung findet ein Abbau der f\u00fcr das H\u00f6ren wichtigen H\u00f6rschnecke (progressive Degeneration der Cochlea) mit einem Verlust der akustischen Sinneszellen im Innenohr statt. Die bei DINGS2 auftretende Taubheit ist beidseitig, w\u00e4hrend bei DINGS1 auch eine einseitige Taubheit m\u00f6glich ist. <\/p><table class=\"tx-laboklinleistung-table contenttable contenttable-2\" style=\"margin-top: 35px;\"><tr><td class=\"td-0\"><strong>Methode<\/strong><\/td><td class=\"td-1\"><p class=\"bodytext\">Sequenzierung<\/p><\/td><\/tr><tr><td class=\"td-0\"><strong>Rasse<\/strong><\/td><td class=\"td-1\"><p class=\"bodytext\">Dobermann<\/p><\/td><\/tr><tr><td class=\"td-0\"><strong>Erbgang<\/strong><\/td><td class=\"td-1\"><p class=\"bodytext\">autosomal-rezessiv<\/p><\/td><\/tr><tr><td class=\"td-0\"><strong>Dauer<\/strong><\/td><td class=\"td-1\"><p class=\"bodytext\">1 - 2 Wochen nach Erhalt der Probe<\/p><\/td><\/tr><\/table>\n","protected":false},"excerpt":{"rendered":"<p>Erbliche Taubheit (DINGS1&#038;2)LABOKLIN Leistungs-ID: 8875Zwei genetische Varianten im PTPRQ-Gen (bekannt als DINGS1) und im MYO7A-Gen (bekannt als DINGS2) konnten identifiziert werden, die in der Rasse Dobermann angeborene Taubheit und St\u00f6rungen des Gleichgewichts- und Bewegungssinnes (dem vestibul\u00e4ren System) verursachen. Betroffene Welpen sind bereits kurz nach der Geburt taub und zeigen Symptome einer Gleichgewichtsst\u00f6rung, wie zum Beispiel&hellip;<\/p>\n","protected":false},"author":18,"featured_media":0,"parent":1332701,"menu_order":133,"comment_status":"closed","ping_status":"closed","template":"","meta":{"_seopress_robots_primary_cat":"","_seopress_titles_title":"","_seopress_titles_desc":"","_seopress_robots_index":"","footnotes":""},"class_list":["post-1455742","page","type-page","status-publish","hentry","description-off"],"_links":{"self":[{"href":"https:\/\/laboklin.de\/de-at\/wp-json\/wp\/v2\/pages\/1455742","targetHints":{"allow":["GET"]}}],"collection":[{"href":"https:\/\/laboklin.de\/de-at\/wp-json\/wp\/v2\/pages"}],"about":[{"href":"https:\/\/laboklin.de\/de-at\/wp-json\/wp\/v2\/types\/page"}],"author":[{"embeddable":true,"href":"https:\/\/laboklin.de\/de-at\/wp-json\/wp\/v2\/users\/18"}],"replies":[{"embeddable":true,"href":"https:\/\/laboklin.de\/de-at\/wp-json\/wp\/v2\/comments?post=1455742"}],"version-history":[{"count":1,"href":"https:\/\/laboklin.de\/de-at\/wp-json\/wp\/v2\/pages\/1455742\/revisions"}],"predecessor-version":[{"id":1455745,"href":"https:\/\/laboklin.de\/de-at\/wp-json\/wp\/v2\/pages\/1455742\/revisions\/1455745"}],"up":[{"embeddable":true,"href":"https:\/\/laboklin.de\/de-at\/wp-json\/wp\/v2\/pages\/1332701"}],"wp:attachment":[{"href":"https:\/\/laboklin.de\/de-at\/wp-json\/wp\/v2\/media?parent=1455742"}],"curies":[{"name":"wp","href":"https:\/\/api.w.org\/{rel}","templated":true}]}}