{"id":1444971,"date":"2023-08-04T13:54:58","date_gmt":"2023-08-04T11:54:58","guid":{"rendered":"https:\/\/laboklin.de\/?page_id=1444971"},"modified":"2025-10-21T22:54:59","modified_gmt":"2025-10-21T20:54:59","slug":"fgf23-fibroblast-growth-factor-23","status":"publish","type":"page","link":"https:\/\/laboklin.de\/de-at\/leistungen\/haematologie-klin-chemie-endokrinologie\/klinisch-chemische-parameter\/substrate\/fgf23-fibroblast-growth-factor-23\/","title":{"rendered":"FGF-23 (Fibroblast Growth Factor-23)"},"content":{"rendered":"<div class=\"wpb-content-wrapper\"><p>[vc_row][vc_column][vc_column_text css=&#8220;&#8220;]<h3 class=\"csc-firstHeader\">FGF-23 (Fibroblast Growth Factor-23)*<\/h3><p><span>LABOKLIN Leistungs-ID: 86<\/span><\/p><table class=\"tx-laboklinleistung-table contenttable contenttable-2\" style=\"margin-top: 35px;\"><tr><td class=\"td-0\"><strong>Material<\/strong><\/td><td class=\"td-1\"><p class=\"bodytext\">Serum 0,5 ml<\/p><\/td><\/tr><tr><td class=\"td-0\"><strong>Methode<\/strong><\/td><td class=\"td-1\"><p class=\"bodytext\">ELISA<\/p><\/td><\/tr><tr><td class=\"td-0\"><strong>Tierart(en)<\/strong><\/td><td class=\"td-1\"><p class=\"bodytext\">Hund, Katze<\/p><\/td><\/tr><tr><td class=\"td-0\"><strong>Dauer<\/strong><\/td><td class=\"td-1\"><p class=\"bodytext\">3\u20137 Arbeitstage<\/p><\/td><\/tr><tr><td class=\"td-0\"><strong>Anmerkung<\/strong><\/td><td class=\"td-1\"><p class=\"bodytext\"><ul><li>FGF-23 ist ein hormon\u00e4hnliches Protein, das hauptsachlich in Osteozyten und Osteoblasten gebildet wird. Es reguliert den Phosphat- und Vitamin-D-Stoffwechsel, indem es die renale Phosphatausscheidung steigert und die Synthese von Calcitriol hemmt.<\/li><li>Es ist ein fr\u00fcher Marker f\u00fcr St\u00f6rungen des Phosphatstoffwechsels im Rahmen einer chronischen Nierenerkrankung (CNI) und unterst\u00fctzt die Verlaufsbeurteilung von Nephropathien.<\/li><li>Erh\u00f6hte FGF-23-Konzentrationen k\u00f6nnen bereits nachweisbar sein, bevor Serum-Phosphat und Serum-Kreatinin ansteigen.<\/li><\/ul><\/p><\/td><\/tr><\/table><\/p>\n<p>* Partnerlabor[\/vc_column_text][\/vc_column][\/vc_row]<\/p>\n<\/div>","protected":false},"excerpt":{"rendered":"<p>[vc_row][vc_column][vc_column_text css=&#8220;&#8220;] * Partnerlabor[\/vc_column_text][\/vc_column][\/vc_row]<\/p>\n","protected":false},"author":10,"featured_media":0,"parent":1332894,"menu_order":13,"comment_status":"closed","ping_status":"closed","template":"","meta":{"_seopress_robots_primary_cat":"","_seopress_titles_title":"","_seopress_titles_desc":"","_seopress_robots_index":"","footnotes":""},"class_list":["post-1444971","page","type-page","status-publish","hentry","description-off"],"_links":{"self":[{"href":"https:\/\/laboklin.de\/de-at\/wp-json\/wp\/v2\/pages\/1444971","targetHints":{"allow":["GET"]}}],"collection":[{"href":"https:\/\/laboklin.de\/de-at\/wp-json\/wp\/v2\/pages"}],"about":[{"href":"https:\/\/laboklin.de\/de-at\/wp-json\/wp\/v2\/types\/page"}],"author":[{"embeddable":true,"href":"https:\/\/laboklin.de\/de-at\/wp-json\/wp\/v2\/users\/10"}],"replies":[{"embeddable":true,"href":"https:\/\/laboklin.de\/de-at\/wp-json\/wp\/v2\/comments?post=1444971"}],"version-history":[{"count":6,"href":"https:\/\/laboklin.de\/de-at\/wp-json\/wp\/v2\/pages\/1444971\/revisions"}],"predecessor-version":[{"id":1569201,"href":"https:\/\/laboklin.de\/de-at\/wp-json\/wp\/v2\/pages\/1444971\/revisions\/1569201"}],"up":[{"embeddable":true,"href":"https:\/\/laboklin.de\/de-at\/wp-json\/wp\/v2\/pages\/1332894"}],"wp:attachment":[{"href":"https:\/\/laboklin.de\/de-at\/wp-json\/wp\/v2\/media?parent=1444971"}],"curies":[{"name":"wp","href":"https:\/\/api.w.org\/{rel}","templated":true}]}}