{"id":1435337,"date":"2023-04-26T10:01:59","date_gmt":"2023-04-26T08:01:59","guid":{"rendered":"https:\/\/laboklin.de\/?page_id=1435337"},"modified":"2025-02-17T09:30:18","modified_gmt":"2025-02-17T08:30:18","slug":"mitralklappenendokardiose-mmvd","status":"publish","type":"page","link":"https:\/\/laboklin.de\/de-at\/leistungen\/genetik\/erbkrankheiten\/hund\/mitralklappenendokardiose-mmvd\/","title":{"rendered":"Mitralklappenendokardiose (MMVD)"},"content":{"rendered":"<h3 class=\"csc-firstHeader\">Mitralklappenendokardiose (MMVD)<\/h3><p><span>LABOKLIN Leistungs-ID: 8831<\/span><\/p><p class=\"bodytext\">Die Mitralklappenendokardiose (MMVD) beschreibt eine langsam fortschreitende degenerative Ver\u00e4nderung der Mitralklappen des Herzens, die zu einem Mitralklappenprolaps und Regurgitation (R\u00fcckfluss von Blut) und schlie\u00dflich zu einer Herzinsuffizienz mit Fl\u00fcssigkeitsansammlung in der Lunge f\u00fchrt.<br \/>\r\nDie Rassen Cavalier King Charles Spaniel und Dackel weisen eine fr\u00fch einsetzende Form dieser Krankheit und damit auch eine im Vergleich zu anderen Rassen h\u00f6here kardiale Morbidit\u00e4t und Sterblichkeit auf. Eine Variante im NEBL-Gen ist mit einem erh\u00f6hten Risiko f\u00fcr diese fr\u00fch einsetzende Form verbunden. Bei Hunden, die homozygot f\u00fcr die Variante sind, wird mit h\u00f6herer Wahrscheinlichkeit in jungem Alter MMVD diagnostiziert als bei heterozygoten Hunden.<br \/>\r\n<\/p><table class=\"tx-laboklinleistung-table contenttable contenttable-2\" style=\"margin-top: 35px;\"><tr><td class=\"td-0\"><strong>Methode<\/strong><\/td><td class=\"td-1\"><p class=\"bodytext\">TaqMan SNP Assay<\/p><\/td><\/tr><tr><td class=\"td-0\"><strong>Rasse<\/strong><\/td><td class=\"td-1\"><p class=\"bodytext\">Cavalier King Charles Spaniel, Cavapoo, Dackel (Dachshund), King Charles Spaniel<\/p><\/td><\/tr><tr><td class=\"td-0\"><strong>Erbgang<\/strong><\/td><td class=\"td-1\"><p class=\"bodytext\">autosomal-rezessiv<\/p><\/td><\/tr><tr><td class=\"td-0\"><strong>Dauer<\/strong><\/td><td class=\"td-1\"><p class=\"bodytext\">3 - 5 Werktage nach Erhalt der Probe<\/p><\/td><\/tr><\/table>\n","protected":false},"excerpt":{"rendered":"<p>Mitralklappenendokardiose (MMVD)LABOKLIN Leistungs-ID: 8831Die Mitralklappenendokardiose (MMVD) beschreibt eine langsam fortschreitende degenerative Ver\u00e4nderung der Mitralklappen des Herzens, die zu einem Mitralklappenprolaps und Regurgitation (R\u00fcckfluss von Blut) und schlie\u00dflich zu einer Herzinsuffizienz mit Fl\u00fcssigkeitsansammlung in der Lunge f\u00fchrt. Die Rassen Cavalier King Charles Spaniel und Dackel weisen eine fr\u00fch einsetzende Form dieser Krankheit und damit auch eine&hellip;<\/p>\n","protected":false},"author":10,"featured_media":0,"parent":1332701,"menu_order":140,"comment_status":"closed","ping_status":"closed","template":"","meta":{"_seopress_robots_primary_cat":"","_seopress_titles_title":"","_seopress_titles_desc":"","_seopress_robots_index":"","footnotes":""},"class_list":["post-1435337","page","type-page","status-publish","hentry","description-off"],"_links":{"self":[{"href":"https:\/\/laboklin.de\/de-at\/wp-json\/wp\/v2\/pages\/1435337","targetHints":{"allow":["GET"]}}],"collection":[{"href":"https:\/\/laboklin.de\/de-at\/wp-json\/wp\/v2\/pages"}],"about":[{"href":"https:\/\/laboklin.de\/de-at\/wp-json\/wp\/v2\/types\/page"}],"author":[{"embeddable":true,"href":"https:\/\/laboklin.de\/de-at\/wp-json\/wp\/v2\/users\/10"}],"replies":[{"embeddable":true,"href":"https:\/\/laboklin.de\/de-at\/wp-json\/wp\/v2\/comments?post=1435337"}],"version-history":[{"count":2,"href":"https:\/\/laboklin.de\/de-at\/wp-json\/wp\/v2\/pages\/1435337\/revisions"}],"predecessor-version":[{"id":1435344,"href":"https:\/\/laboklin.de\/de-at\/wp-json\/wp\/v2\/pages\/1435337\/revisions\/1435344"}],"up":[{"embeddable":true,"href":"https:\/\/laboklin.de\/de-at\/wp-json\/wp\/v2\/pages\/1332701"}],"wp:attachment":[{"href":"https:\/\/laboklin.de\/de-at\/wp-json\/wp\/v2\/media?parent=1435337"}],"curies":[{"name":"wp","href":"https:\/\/api.w.org\/{rel}","templated":true}]}}