{"id":1429790,"date":"2023-03-22T09:01:41","date_gmt":"2023-03-22T08:01:41","guid":{"rendered":"https:\/\/laboklin.de\/?page_id=1429790"},"modified":"2025-02-03T09:59:26","modified_gmt":"2025-02-03T08:59:26","slug":"aelurostrongylus-abstrusus","status":"publish","type":"page","link":"https:\/\/laboklin.de\/de-at\/leistungen\/infektionskrankheiten-erreger-und-antikoerpernachweise\/parasiten\/aelurostrongylus-abstrusus\/","title":{"rendered":"Aelurostrongylus abstrusus"},"content":{"rendered":"<div class=\"wpb-content-wrapper\"><p>[vc_row][vc_column][vc_column_text]<h3>Leistungsspektrum<\/h3><div class=\"vc_tta-panels-container\"><div class=\"vc_tta-panels\"><li class=\"menu-item sub-page\"><a href=\"https:\/\/laboklin.de\/de-at\/leistungen\/infektionskrankheiten-erreger-und-antikoerpernachweise\/parasiten\/aelurostrongylus-abstrusus\/aelurostrongylus-abstrusus-pcr\/\">Aelurostrongylus abstrusus - PCR<\/a><\/li><\/div><\/div>[\/vc_column_text][\/vc_column][\/vc_row][vc_row][vc_column][vc_column_text css=&#8220;&#8220;]<div class=\"gap\" style=\"line-height: 20px; height: 20px;\"><\/div>\n<p>siehe auch \u00a0\u00a0 =&gt; \u00a0 \u00a0\u00a0 <a href=\"https:\/\/laboklin.de\/de-at\/leistungen\/profile\/profile-screenings-kleintiere\/pcr-profile\/lungenwurmprofil-katze-pcr\/\">Lungenwurmprofil Katze<\/a> (Leistung 8790)<div class=\"gap\" style=\"line-height: 20px; height: 20px;\"><\/div>\n<p>Aelurostrongylus abstrusus kann auch mittels <a href=\"https:\/\/laboklin.de\/de\/leistungen\/mikrobiologie-parasitologie\/parasitologie\/parasitologische-untersuchungen-kot\/auswanderungsverfahren\/\">Auswanderungsverfahren<\/a> nachgewiesen werden.<div class=\"gap\" style=\"line-height: 20px; height: 20px;\"><\/div>\n<h3>Allgemeine Informationen<\/h3>\n<p>Die 0,5 bis 1,5 cm gro\u00dfen Adulten leben in Bronchiolen und Alveolen von Katzen und Wildfeliden. Sie entlassen Eier in die Alveolen und Terminalbronchioli. Dort schl\u00fcpfen die Larven, die durch Husten in den Pharynx gelangen, geschluckt und mit den Faeces ausgeschieden werden. Zwischenwirte sind verschiedene Schnecken, in denen die Entwicklung zur infekti\u00f6sen L3-Larve erfolgt. Transportwirte wie beispielsweise M\u00e4use und Ratten, aber auch V\u00f6gel, Amphibien und Reptilien spielen eine wichtige epidemiologische Rolle. In der Katze erreichen die L3-Larven nach Verzehr des Zwischen- oder Transportwirts auf dem Lymph- und Blutweg die Lunge. In der Regel h\u00e4lt die Ei- bzw. Larvenproduktion f\u00fcr 5 \u2013 6 Monate an, anschlie\u00dfend ist die Infektion selbstlimitierend und die Katze bleibt immun gegen\u00fcber erneuten Infektionen mit L3. Daher sind v. a. Jungtiere oder immunsupprimierte Katzen betroffen. Lungenwurminfektionen k\u00f6nnen asymptomatisch verlaufen, Nachweise von Lungenwurmlarven sind h\u00e4ufig Zufallsbefunde bei routinem\u00e4\u00dfigen, koproskopischen Untersuchungen. Daneben sind milde bis schwerwiegende respiratorische Symptome m\u00f6glich, dazu z\u00e4hlen v. a. Husten, Nasenausfluss, Tachypnoe, Dyspnoe. Jungtiere sind h\u00e4ufiger betroffen und erkranken meist schwerer.[\/vc_column_text][\/vc_column][\/vc_row]<\/p>\n<\/div>","protected":false},"excerpt":{"rendered":"<p>[vc_row][vc_column][vc_column_text][\/vc_column_text][\/vc_column][\/vc_row][vc_row][vc_column][vc_column_text css=&#8220;&#8220;] siehe auch \u00a0\u00a0 =&gt; \u00a0 \u00a0\u00a0 Lungenwurmprofil Katze (Leistung 8790) Aelurostrongylus abstrusus kann auch mittels Auswanderungsverfahren nachgewiesen werden. Allgemeine Informationen Die 0,5 bis 1,5 cm gro\u00dfen Adulten leben in Bronchiolen und Alveolen von Katzen und Wildfeliden. Sie entlassen Eier in die Alveolen und Terminalbronchioli. Dort schl\u00fcpfen die Larven, die durch Husten in den&hellip;<\/p>\n","protected":false},"author":10,"featured_media":0,"parent":1332782,"menu_order":-1,"comment_status":"closed","ping_status":"closed","template":"","meta":{"_seopress_robots_primary_cat":"","_seopress_titles_title":"","_seopress_titles_desc":"","_seopress_robots_index":"","footnotes":""},"class_list":["post-1429790","page","type-page","status-publish","hentry","description-off"],"_links":{"self":[{"href":"https:\/\/laboklin.de\/de-at\/wp-json\/wp\/v2\/pages\/1429790","targetHints":{"allow":["GET"]}}],"collection":[{"href":"https:\/\/laboklin.de\/de-at\/wp-json\/wp\/v2\/pages"}],"about":[{"href":"https:\/\/laboklin.de\/de-at\/wp-json\/wp\/v2\/types\/page"}],"author":[{"embeddable":true,"href":"https:\/\/laboklin.de\/de-at\/wp-json\/wp\/v2\/users\/10"}],"replies":[{"embeddable":true,"href":"https:\/\/laboklin.de\/de-at\/wp-json\/wp\/v2\/comments?post=1429790"}],"version-history":[{"count":5,"href":"https:\/\/laboklin.de\/de-at\/wp-json\/wp\/v2\/pages\/1429790\/revisions"}],"predecessor-version":[{"id":1489145,"href":"https:\/\/laboklin.de\/de-at\/wp-json\/wp\/v2\/pages\/1429790\/revisions\/1489145"}],"up":[{"embeddable":true,"href":"https:\/\/laboklin.de\/de-at\/wp-json\/wp\/v2\/pages\/1332782"}],"wp:attachment":[{"href":"https:\/\/laboklin.de\/de-at\/wp-json\/wp\/v2\/media?parent=1429790"}],"curies":[{"name":"wp","href":"https:\/\/api.w.org\/{rel}","templated":true}]}}