{"id":1336800,"date":"2020-10-16T11:36:27","date_gmt":"2020-10-16T09:36:27","guid":{"rendered":"https:\/\/laboklin.de\/leistungen\/genetik\/erbkrankheiten\/hund\/mukopolysaccharidose-typ-3b-mps3b\/"},"modified":"2025-02-17T09:32:57","modified_gmt":"2025-02-17T08:32:57","slug":"mukopolysaccharidose-typ-3b-mps3b","status":"publish","type":"page","link":"https:\/\/laboklin.de\/de-at\/leistungen\/genetik\/erbkrankheiten\/hund\/mukopolysaccharidose-typ-3b-mps3b\/","title":{"rendered":"Mukopolysaccharidose Typ 3b (MPS3b)"},"content":{"rendered":"<h3 class=\"csc-firstHeader\">Mukopolysaccharidose Typ IIIb (MPS3b)<\/h3><p><span>LABOKLIN Leistungs-ID: 8299<\/span><\/p><p class=\"bodytext\">Die Mucopolysaccharidose Typ IIIb beim Schipperke ist eine lysosomale Speicherkrankheit, die ebenfalls unter dem Namen \u201eSanfilippo-Syndrom Typ 3b\u201c bekannt ist. Lysosomen sind wichtige Zellstrukturen, welche gro\u00dfe Molek\u00fcle mit Hilfe von Enzymen in kleinere Einheiten zerlegen, um diese zu recyceln oder zu entsorgen. Im Falle der Mucopolysaccharidose Typ IIIb kann das Molek\u00fcl Heparansulfat aufgrund eines defekten Enzyms nicht zerlegt werden und akkumuliert deshalb in den Lysosomen. Heparansulfat ist eine wichtige Komponente von Strukturen wie z.B. Knochen oder Knorpelgewebe und ist beteiligt an Zell-Zell-Kommunikationen, vor allem im Gehirn. Typische Symptome dieser Erkrankung sind: Tremor, Schwierigkeiten beim Balancieren, Laufen oder \u00dcberwinden von Hindernissen, sowie h\u00e4ufiges Hinfallen auf beide Seiten. Die Symptome verst\u00e4rken sich mit der Zeit und die anf\u00e4nglichen Gleichgewichtsst\u00f6rungen verschlimmern sich. Die ersten Symptome treten in der Regel in einem Alter von 2 - 4 Jahren auf. Betroffene Hunde m\u00fcssen meist 1 - 2 Jahre nach den ersten klinischen Anzeichen euthanasiert werden. <\/p><table class=\"tx-laboklinleistung-table contenttable contenttable-2\" style=\"margin-top: 35px;\"><tr><td class=\"td-0\"><strong>Methode<\/strong><\/td><td class=\"td-1\"><p class=\"bodytext\">Fragmentl\u00e4ngenanalyse<\/p><\/td><\/tr><tr><td class=\"td-0\"><strong>Rasse<\/strong><\/td><td class=\"td-1\"><p class=\"bodytext\">Schipperke<\/p><\/td><\/tr><tr><td class=\"td-0\"><strong>Erbgang<\/strong><\/td><td class=\"td-1\"><p class=\"bodytext\">autosomal-rezessiv <\/p><\/td><\/tr><tr><td class=\"td-0\"><strong>Dauer<\/strong><\/td><td class=\"td-1\"><p class=\"bodytext\">1 - 2 Wochen nach Erhalt der Probe<\/p><\/td><\/tr><\/table>\n","protected":false},"excerpt":{"rendered":"<p>Mukopolysaccharidose Typ IIIb (MPS3b)LABOKLIN Leistungs-ID: 8299Die Mucopolysaccharidose Typ IIIb beim Schipperke ist eine lysosomale Speicherkrankheit, die ebenfalls unter dem Namen \u201eSanfilippo-Syndrom Typ 3b\u201c bekannt ist. Lysosomen sind wichtige Zellstrukturen, welche gro\u00dfe Molek\u00fcle mit Hilfe von Enzymen in kleinere Einheiten zerlegen, um diese zu recyceln oder zu entsorgen. Im Falle der Mucopolysaccharidose Typ IIIb kann das&hellip;<\/p>\n","protected":false},"author":1,"featured_media":0,"parent":1332701,"menu_order":209,"comment_status":"closed","ping_status":"closed","template":"","meta":{"_seopress_robots_primary_cat":"","_seopress_titles_title":"","_seopress_titles_desc":"","_seopress_robots_index":"","footnotes":""},"class_list":["post-1336800","page","type-page","status-publish","hentry","description-off"],"_links":{"self":[{"href":"https:\/\/laboklin.de\/de-at\/wp-json\/wp\/v2\/pages\/1336800","targetHints":{"allow":["GET"]}}],"collection":[{"href":"https:\/\/laboklin.de\/de-at\/wp-json\/wp\/v2\/pages"}],"about":[{"href":"https:\/\/laboklin.de\/de-at\/wp-json\/wp\/v2\/types\/page"}],"author":[{"embeddable":true,"href":"https:\/\/laboklin.de\/de-at\/wp-json\/wp\/v2\/users\/1"}],"replies":[{"embeddable":true,"href":"https:\/\/laboklin.de\/de-at\/wp-json\/wp\/v2\/comments?post=1336800"}],"version-history":[{"count":1,"href":"https:\/\/laboklin.de\/de-at\/wp-json\/wp\/v2\/pages\/1336800\/revisions"}],"predecessor-version":[{"id":1509125,"href":"https:\/\/laboklin.de\/de-at\/wp-json\/wp\/v2\/pages\/1336800\/revisions\/1509125"}],"up":[{"embeddable":true,"href":"https:\/\/laboklin.de\/de-at\/wp-json\/wp\/v2\/pages\/1332701"}],"wp:attachment":[{"href":"https:\/\/laboklin.de\/de-at\/wp-json\/wp\/v2\/media?parent=1336800"}],"curies":[{"name":"wp","href":"https:\/\/api.w.org\/{rel}","templated":true}]}}