{"id":1336764,"date":"2020-10-16T11:36:27","date_gmt":"2020-10-16T09:36:27","guid":{"rendered":"https:\/\/laboklin.de\/leistungen\/genetik\/erbkrankheiten\/hund\/lafora-epilepsie\/"},"modified":"2025-02-17T09:15:30","modified_gmt":"2025-02-17T08:15:30","slug":"lafora-epilepsie","status":"publish","type":"page","link":"https:\/\/laboklin.de\/de-at\/leistungen\/genetik\/erbkrankheiten\/hund\/lafora-epilepsie\/","title":{"rendered":"Lafora-Epilepsie"},"content":{"rendered":"<h3 class=\"csc-firstHeader\">Lafora-Epilepsie (nur EDTA-Blut)<\/h3><p><span>LABOKLIN Leistungs-ID: 8005<\/span><\/p><p class=\"bodytext\">Unter dem Lafora-Syndrom versteht man einen autosomal-rezessiv vererbten Glykogenmetabolismus-Defekt, der eine progressiv verlaufende myoklonische Epilepsie ausl\u00f6st. Durch eine Mutation im NHLRC1-Gen (auch EPM2B genannt) kommt es zu einer Umwandlung von l\u00f6slichem Glykogen zu unl\u00f6slichem Polyglukosan, das zu neurotoxischen Einschl\u00fcssen, sogenannten Lafora-K\u00f6rperchen, aggregiert. Die Lafora-K\u00f6rperchen lagern sich in den neuronalen somatodendritischen Kompartimenten des Gehirns ein, k\u00f6nnen aber auch in anderen Organen wie Muskel, Herz, Haut und Leber gefunden werden. Als Symptome des Lafora-Syndroms wurden beschrieben: schlechte Sehkraft\/ Blindheit, generelle tonisch-klonische Krampfanf\u00e4lle, myoklonische Zuckungen (oftmals durch Licht, akustische Signale oder pl\u00f6tzliche Bewegungen im Sehfeld ausgel\u00f6st), Panikattacken, Demenz, Aggressionen sowie im sp\u00e4teren Verlauf Kot- und Harn-Inkontinenz. Die ersten Symptome zeigen sich meist ab einem Alter von 7 Jahren. Da es sich um eine progressive Erkrankung handelt, nimmt die Frequenz und die St\u00e4rke der Anf\u00e4lle mit der Zeit zu. Zur Zeit kann die genetische Untersuchung auf das Lafora-Syndrom anhand einer EDTA-Blutprobe (keine Backenabstriche) durchgef\u00fchrt werden. <br \/>\r\n<\/p><table class=\"tx-laboklinleistung-table contenttable contenttable-2\" style=\"margin-top: 35px;\"><tr><td class=\"td-0\"><strong>Material<\/strong><\/td><td class=\"td-1\"><p class=\"bodytext\">EDTA-Blut 0,5 - 1 ml (kein Backenabstrich!)<\/p><\/td><\/tr><tr><td class=\"td-0\"><strong>Methode<\/strong><\/td><td class=\"td-1\"><p class=\"bodytext\">Spezial: Fragmentl\u00e4ngenanalyse<\/p><\/td><\/tr><tr><td class=\"td-0\"><strong>Rasse<\/strong><\/td><td class=\"td-1\"><p class=\"bodytext\">Basset Hound, Beagle, Cardigan Welsh Corgi, Chihuahua, Dackel (Dachshund), Franz\u00f6sische Bulldogge, Kurzhaardackel, Langhaardackel, Neufundl\u00e4nder, Pembroke Welsh Corgi, Rauhhaardackel, Welsh Corgi (Cardigan\/Pembroke)<\/p><\/td><\/tr><tr><td class=\"td-0\"><strong>Erbgang<\/strong><\/td><td class=\"td-1\"><p class=\"bodytext\">autosomal-rezessiv<\/p><\/td><\/tr><tr><td class=\"td-0\"><strong>Dauer<\/strong><\/td><td class=\"td-1\"><p class=\"bodytext\">2 - 3 Wochen nach Erhalt der Probe<\/p><\/td><\/tr><\/table>\n","protected":false},"excerpt":{"rendered":"<p>Lafora-Epilepsie (nur EDTA-Blut)LABOKLIN Leistungs-ID: 8005Unter dem Lafora-Syndrom versteht man einen autosomal-rezessiv vererbten Glykogenmetabolismus-Defekt, der eine progressiv verlaufende myoklonische Epilepsie ausl\u00f6st. Durch eine Mutation im NHLRC1-Gen (auch EPM2B genannt) kommt es zu einer Umwandlung von l\u00f6slichem Glykogen zu unl\u00f6slichem Polyglukosan, das zu neurotoxischen Einschl\u00fcssen, sogenannten Lafora-K\u00f6rperchen, aggregiert. Die Lafora-K\u00f6rperchen lagern sich in den neuronalen somatodendritischen Kompartimenten&hellip;<\/p>\n","protected":false},"author":1,"featured_media":0,"parent":1332701,"menu_order":194,"comment_status":"closed","ping_status":"closed","template":"","meta":{"_seopress_robots_primary_cat":"","_seopress_titles_title":"","_seopress_titles_desc":"","_seopress_robots_index":"","footnotes":""},"class_list":["post-1336764","page","type-page","status-publish","hentry","description-off"],"_links":{"self":[{"href":"https:\/\/laboklin.de\/de-at\/wp-json\/wp\/v2\/pages\/1336764","targetHints":{"allow":["GET"]}}],"collection":[{"href":"https:\/\/laboklin.de\/de-at\/wp-json\/wp\/v2\/pages"}],"about":[{"href":"https:\/\/laboklin.de\/de-at\/wp-json\/wp\/v2\/types\/page"}],"author":[{"embeddable":true,"href":"https:\/\/laboklin.de\/de-at\/wp-json\/wp\/v2\/users\/1"}],"replies":[{"embeddable":true,"href":"https:\/\/laboklin.de\/de-at\/wp-json\/wp\/v2\/comments?post=1336764"}],"version-history":[{"count":1,"href":"https:\/\/laboklin.de\/de-at\/wp-json\/wp\/v2\/pages\/1336764\/revisions"}],"predecessor-version":[{"id":1509070,"href":"https:\/\/laboklin.de\/de-at\/wp-json\/wp\/v2\/pages\/1336764\/revisions\/1509070"}],"up":[{"embeddable":true,"href":"https:\/\/laboklin.de\/de-at\/wp-json\/wp\/v2\/pages\/1332701"}],"wp:attachment":[{"href":"https:\/\/laboklin.de\/de-at\/wp-json\/wp\/v2\/media?parent=1336764"}],"curies":[{"name":"wp","href":"https:\/\/api.w.org\/{rel}","templated":true}]}}