{"id":1336756,"date":"2020-10-16T11:36:27","date_gmt":"2020-10-16T09:36:27","guid":{"rendered":"https:\/\/laboklin.de\/leistungen\/genetik\/erbkrankheiten\/hund\/juvenile-enzephalopathie-jbd\/"},"modified":"2025-02-17T09:10:15","modified_gmt":"2025-02-17T08:10:15","slug":"juvenile-enzephalopathie-jbd","status":"publish","type":"page","link":"https:\/\/laboklin.de\/de-at\/leistungen\/genetik\/erbkrankheiten\/hund\/juvenile-enzephalopathie-jbd\/","title":{"rendered":"Juvenile Enzephalopathie (JBD)"},"content":{"rendered":"<h3 class=\"csc-firstHeader\">Juvenile Enzephalopathie (JBD)<\/h3><p><span>LABOKLIN Leistungs-ID: 8284<\/span><\/p><p class=\"bodytext\">Die juvenile Enzephalopathie beim Russell Terrier ist eine schwere Hirnerkrankung, die bereits im Alter von 6-12 Wochen einsetzt. Betroffene Hunde leiden unter epileptischen Anf\u00e4llen. Die Erkrankung schreitet sehr schnell voran und verursacht irreversible Gehirnsch\u00e4den, die zum Tod f\u00fchren. <\/p><table class=\"tx-laboklinleistung-table contenttable contenttable-2\" style=\"margin-top: 35px;\"><tr><td class=\"td-0\"><strong>Methode<\/strong><\/td><td class=\"td-1\"><p class=\"bodytext\">TaqMan SNP Assay, ggf. Sequenzierung<\/p><\/td><\/tr><tr><td class=\"td-0\"><strong>Rasse<\/strong><\/td><td class=\"td-1\"><p class=\"bodytext\">Jack Russell Terrier, Parson Russell Terrier<\/p><\/td><\/tr><tr><td class=\"td-0\"><strong>Erbgang<\/strong><\/td><td class=\"td-1\"><p class=\"bodytext\">autosomal-rezessiv<\/p><\/td><\/tr><tr><td class=\"td-0\"><strong>Dauer<\/strong><\/td><td class=\"td-1\"><p class=\"bodytext\">3 - 5 Arbeitstage nach Erhalt der Probe (bei Sequenzierung 1 - 2 Wochen)<\/p><\/td><\/tr><\/table>\n","protected":false},"excerpt":{"rendered":"<p>Juvenile Enzephalopathie (JBD)LABOKLIN Leistungs-ID: 8284Die juvenile Enzephalopathie beim Russell Terrier ist eine schwere Hirnerkrankung, die bereits im Alter von 6-12 Wochen einsetzt. Betroffene Hunde leiden unter epileptischen Anf\u00e4llen. Die Erkrankung schreitet sehr schnell voran und verursacht irreversible Gehirnsch\u00e4den, die zum Tod f\u00fchren. MethodeTaqMan SNP Assay, ggf. SequenzierungRasseJack Russell Terrier, Parson Russell TerrierErbgangautosomal-rezessivDauer3 &#8211; 5 Arbeitstage&hellip;<\/p>\n","protected":false},"author":1,"featured_media":0,"parent":1332701,"menu_order":191,"comment_status":"closed","ping_status":"closed","template":"","meta":{"_seopress_robots_primary_cat":"","_seopress_titles_title":"","_seopress_titles_desc":"","_seopress_robots_index":"","footnotes":""},"class_list":["post-1336756","page","type-page","status-publish","hentry","description-off"],"_links":{"self":[{"href":"https:\/\/laboklin.de\/de-at\/wp-json\/wp\/v2\/pages\/1336756","targetHints":{"allow":["GET"]}}],"collection":[{"href":"https:\/\/laboklin.de\/de-at\/wp-json\/wp\/v2\/pages"}],"about":[{"href":"https:\/\/laboklin.de\/de-at\/wp-json\/wp\/v2\/types\/page"}],"author":[{"embeddable":true,"href":"https:\/\/laboklin.de\/de-at\/wp-json\/wp\/v2\/users\/1"}],"replies":[{"embeddable":true,"href":"https:\/\/laboklin.de\/de-at\/wp-json\/wp\/v2\/comments?post=1336756"}],"version-history":[{"count":1,"href":"https:\/\/laboklin.de\/de-at\/wp-json\/wp\/v2\/pages\/1336756\/revisions"}],"predecessor-version":[{"id":1336759,"href":"https:\/\/laboklin.de\/de-at\/wp-json\/wp\/v2\/pages\/1336756\/revisions\/1336759"}],"up":[{"embeddable":true,"href":"https:\/\/laboklin.de\/de-at\/wp-json\/wp\/v2\/pages\/1332701"}],"wp:attachment":[{"href":"https:\/\/laboklin.de\/de-at\/wp-json\/wp\/v2\/media?parent=1336756"}],"curies":[{"name":"wp","href":"https:\/\/api.w.org\/{rel}","templated":true}]}}