{"id":1336744,"date":"2020-10-16T11:36:27","date_gmt":"2020-10-16T09:36:27","guid":{"rendered":"https:\/\/laboklin.de\/leistungen\/genetik\/erbkrankheiten\/hund\/nierenzellkarzinom-und-nodulaere-dermatofibrose-rcnd\/"},"modified":"2025-02-17T09:46:24","modified_gmt":"2025-02-17T08:46:24","slug":"nierenzellkarzinom-und-nodulaere-dermatofibrose-rcnd","status":"publish","type":"page","link":"https:\/\/laboklin.de\/de-at\/leistungen\/genetik\/erbkrankheiten\/hund\/nierenzellkarzinom-und-nodulaere-dermatofibrose-rcnd\/","title":{"rendered":"Nierenzellkarzinom und nodul\u00e4re Dermatofibrose (RCND)"},"content":{"rendered":"<h3 class=\"csc-firstHeader\">Nierenzellkarzinom und nodul\u00e4re Dermatofibrose (RCND)<\/h3><p><span>LABOKLIN Leistungs-ID: 8301<\/span><\/p><p class=\"bodytext\">Eine Mutation im BHD-Gen verursacht in der Rasse Deutscher Sch\u00e4ferhund ein erbliches multifokales Nierenzellkarzinom und nodul\u00e4re Dermatofibrose (RCND). RCND ist ein autosomal-dominant vererbtes Merkmal. Heterozygot betroffenen Hunden entwickeln bilaterale, multifokale Tumore in der Niere, knotige Wucherungen in der Muskulatur der Geb\u00e4rmutter (Myome) von H\u00fcndinnen und aus dichten Kollagenfasern bestehende Kn\u00f6tchen in der Haut. Diese Mutation scheint bei den meisten homozygot betroffenen Hunden embryonal letal zu sein, sodass der F\u00f6tus h\u00e4ufig vor der Geburt stirbt.<\/p><table class=\"tx-laboklinleistung-table contenttable contenttable-2\" style=\"margin-top: 35px;\"><tr><td class=\"td-0\"><strong>Methode<\/strong><\/td><td class=\"td-1\"><p class=\"bodytext\">TaqMan SNP Assay, ggf. Sequenzierung<\/p><\/td><\/tr><tr><td class=\"td-0\"><strong>Rasse<\/strong><\/td><td class=\"td-1\"><p class=\"bodytext\">Deutscher Sch\u00e4ferhund<\/p><\/td><\/tr><tr><td class=\"td-0\"><strong>Erbgang<\/strong><\/td><td class=\"td-1\"><p class=\"bodytext\">autosomal-dominant<\/p><\/td><\/tr><tr><td class=\"td-0\"><strong>Dauer<\/strong><\/td><td class=\"td-1\"><p class=\"bodytext\">3 - 5 Werktage nach Erhalt der Probe (bei Sequenzierung 1 - 2 Wochen)<\/p><\/td><\/tr><\/table>\n","protected":false},"excerpt":{"rendered":"<p>Nierenzellkarzinom und nodul\u00e4re Dermatofibrose (RCND)LABOKLIN Leistungs-ID: 8301Eine Mutation im BHD-Gen verursacht in der Rasse Deutscher Sch\u00e4ferhund ein erbliches multifokales Nierenzellkarzinom und nodul\u00e4re Dermatofibrose (RCND). RCND ist ein autosomal-dominant vererbtes Merkmal. Heterozygot betroffenen Hunden entwickeln bilaterale, multifokale Tumore in der Niere, knotige Wucherungen in der Muskulatur der Geb\u00e4rmutter (Myome) von H\u00fcndinnen und aus dichten Kollagenfasern bestehende&hellip;<\/p>\n","protected":false},"author":1,"featured_media":0,"parent":1332701,"menu_order":186,"comment_status":"closed","ping_status":"closed","template":"","meta":{"_seopress_robots_primary_cat":"","_seopress_titles_title":"","_seopress_titles_desc":"","_seopress_robots_index":"","footnotes":""},"class_list":["post-1336744","page","type-page","status-publish","hentry","description-off"],"_links":{"self":[{"href":"https:\/\/laboklin.de\/de-at\/wp-json\/wp\/v2\/pages\/1336744","targetHints":{"allow":["GET"]}}],"collection":[{"href":"https:\/\/laboklin.de\/de-at\/wp-json\/wp\/v2\/pages"}],"about":[{"href":"https:\/\/laboklin.de\/de-at\/wp-json\/wp\/v2\/types\/page"}],"author":[{"embeddable":true,"href":"https:\/\/laboklin.de\/de-at\/wp-json\/wp\/v2\/users\/1"}],"replies":[{"embeddable":true,"href":"https:\/\/laboklin.de\/de-at\/wp-json\/wp\/v2\/comments?post=1336744"}],"version-history":[{"count":1,"href":"https:\/\/laboklin.de\/de-at\/wp-json\/wp\/v2\/pages\/1336744\/revisions"}],"predecessor-version":[{"id":1336747,"href":"https:\/\/laboklin.de\/de-at\/wp-json\/wp\/v2\/pages\/1336744\/revisions\/1336747"}],"up":[{"embeddable":true,"href":"https:\/\/laboklin.de\/de-at\/wp-json\/wp\/v2\/pages\/1332701"}],"wp:attachment":[{"href":"https:\/\/laboklin.de\/de-at\/wp-json\/wp\/v2\/media?parent=1336744"}],"curies":[{"name":"wp","href":"https:\/\/api.w.org\/{rel}","templated":true}]}}