{"id":1336732,"date":"2020-10-16T11:36:27","date_gmt":"2020-10-16T09:36:27","guid":{"rendered":"https:\/\/laboklin.de\/leistungen\/genetik\/erbkrankheiten\/hund\/primaeres-weitwinkel-glaukom-poag\/"},"modified":"2025-02-17T09:55:14","modified_gmt":"2025-02-17T08:55:14","slug":"primaeres-weitwinkel-glaukom-poag","status":"publish","type":"page","link":"https:\/\/laboklin.de\/de-at\/leistungen\/genetik\/erbkrankheiten\/hund\/primaeres-weitwinkel-glaukom-poag\/","title":{"rendered":"Prim\u00e4res Weitwinkel-Glaukom (POAG)"},"content":{"rendered":"<h3 class=\"csc-firstHeader\">Prim\u00e4res Weitwinkel-Glaukom (POAG)<\/h3><p><span>LABOKLIN Leistungs-ID: 8452<\/span><\/p><p class=\"bodytext\">Beim prim\u00e4ren Weitwinkel-Glaukom handelt es sich um eine genetisch bedingte Bindegewebest\u00f6rung im Auge. Diese hat zur Folge, dass das Kammerwasser nicht richtig abflie\u00dfen kann und sich der Druck im Auge erh\u00f6ht. Dadurch werden schlie\u00dflich der Sehnerv und die Netzhaut beeinflusst was zu Sehausf\u00e4llen und letztlich Blindheit f\u00fchren kann. Erste Symptome umfassen geweitete Pupillen, rote Augen, tr\u00fcbe Hornhaut und einen erh\u00f6hten Augeninnendruck. Bei weiterer Zunahme des Drucks entstehen Schmerzen, die zu Fressunlust, Kratzen am Auge, Reiben des Kopfes an Gegenst\u00e4nden und Aggressivit\u00e4t f\u00fchren k\u00f6nnen. Bei fr\u00fchzeitiger Diagnose kann eine Sch\u00e4digung des Sehnervs und der Netzhaut durch st\u00e4ndige medikament\u00f6se Senkung des Augeninnendrucks vermieden werden. Die Auspr\u00e4gung ist von Rasse zu Rasse unterschiedlich. W\u00e4hrend die Symptomatik beim Beagle zum Beispiel bereits im Alter von 8 - 16 Monaten beginnt, wird die klinische Auspr\u00e4gung beim Norwegischen Elchhund erst im mittleren bis sp\u00e4ten Lebensalter sichtbar. <br \/>\r\nBeim Kleinen Basset Griffon Vendeen kommt es zu einem leicht, aber dauerhaft erh\u00f6hten Augeninnendruck (IOP) und einer Linsenluxation. Die ersten Symptome treten ab einem Alter von 3 - 4 Jahren auf und nehmen mit der Zeit immer weiter zu. Im sp\u00e4teren Stadium kommt es zu einer Vergr\u00f6\u00dferung des Augapfels, zur Degeneration der Retina sowie zur Deformation der Sehnervenpapille. Man geht davon aus, dass POAG bei dieser Rasse keine Schmerzen ausl\u00f6st. Daher nehmen die Besitzer betroffener Hunde die Erkrankung meist erst durch die Vergr\u00f6\u00dferung des Augapfels und die Sehbeeintr\u00e4chtigungen wahr.<\/p><table class=\"tx-laboklinleistung-table contenttable contenttable-2\" style=\"margin-top: 35px;\"><tr><td class=\"td-0\"><strong>Methode<\/strong><\/td><td class=\"td-1\"><p class=\"bodytext\">Sequenzierung<\/p><\/td><\/tr><tr><td class=\"td-0\"><strong>Rasse<\/strong><\/td><td class=\"td-1\"><p class=\"bodytext\">Basset Fauve de Bretagne, Basset Hound, Beagle, Kleiner Basset Griffon Vendeen, Norwegischer Elchhund, Ostsibirischer Laika<\/p><\/td><\/tr><tr><td class=\"td-0\"><strong>Erbgang<\/strong><\/td><td class=\"td-1\"><p class=\"bodytext\">autosomal-rezessiv<\/p><\/td><\/tr><tr><td class=\"td-0\"><strong>Dauer<\/strong><\/td><td class=\"td-1\"><p class=\"bodytext\">1 - 2 Wochen nach Erhalt der Probe<\/p><\/td><\/tr><\/table>\n","protected":false},"excerpt":{"rendered":"<p>Prim\u00e4res Weitwinkel-Glaukom (POAG)LABOKLIN Leistungs-ID: 8452Beim prim\u00e4ren Weitwinkel-Glaukom handelt es sich um eine genetisch bedingte Bindegewebest\u00f6rung im Auge. Diese hat zur Folge, dass das Kammerwasser nicht richtig abflie\u00dfen kann und sich der Druck im Auge erh\u00f6ht. Dadurch werden schlie\u00dflich der Sehnerv und die Netzhaut beeinflusst was zu Sehausf\u00e4llen und letztlich Blindheit f\u00fchren kann. Erste Symptome umfassen&hellip;<\/p>\n","protected":false},"author":1,"featured_media":0,"parent":1332701,"menu_order":181,"comment_status":"closed","ping_status":"closed","template":"","meta":{"_seopress_robots_primary_cat":"","_seopress_titles_title":"","_seopress_titles_desc":"","_seopress_robots_index":"","footnotes":""},"class_list":["post-1336732","page","type-page","status-publish","hentry","description-off"],"_links":{"self":[{"href":"https:\/\/laboklin.de\/de-at\/wp-json\/wp\/v2\/pages\/1336732","targetHints":{"allow":["GET"]}}],"collection":[{"href":"https:\/\/laboklin.de\/de-at\/wp-json\/wp\/v2\/pages"}],"about":[{"href":"https:\/\/laboklin.de\/de-at\/wp-json\/wp\/v2\/types\/page"}],"author":[{"embeddable":true,"href":"https:\/\/laboklin.de\/de-at\/wp-json\/wp\/v2\/users\/1"}],"replies":[{"embeddable":true,"href":"https:\/\/laboklin.de\/de-at\/wp-json\/wp\/v2\/comments?post=1336732"}],"version-history":[{"count":1,"href":"https:\/\/laboklin.de\/de-at\/wp-json\/wp\/v2\/pages\/1336732\/revisions"}],"predecessor-version":[{"id":1336735,"href":"https:\/\/laboklin.de\/de-at\/wp-json\/wp\/v2\/pages\/1336732\/revisions\/1336735"}],"up":[{"embeddable":true,"href":"https:\/\/laboklin.de\/de-at\/wp-json\/wp\/v2\/pages\/1332701"}],"wp:attachment":[{"href":"https:\/\/laboklin.de\/de-at\/wp-json\/wp\/v2\/media?parent=1336732"}],"curies":[{"name":"wp","href":"https:\/\/api.w.org\/{rel}","templated":true}]}}