{"id":1336725,"date":"2020-10-16T11:36:27","date_gmt":"2020-10-16T09:36:27","guid":{"rendered":"https:\/\/laboklin.de\/leistungen\/genetik\/erbkrankheiten\/hund\/lundehundsyndrom-lhs\/"},"modified":"2025-02-17T09:23:14","modified_gmt":"2025-02-17T08:23:14","slug":"lundehundsyndrom-lhs","status":"publish","type":"page","link":"https:\/\/laboklin.de\/de-at\/leistungen\/genetik\/erbkrankheiten\/hund\/lundehundsyndrom-lhs\/","title":{"rendered":"Lundehundsyndrom (LHS)"},"content":{"rendered":"<h3 class=\"csc-firstHeader\">Lundehundsyndrom (LHS)<\/h3><p><span>LABOKLIN Leistungs-ID: 8579<\/span><\/p><p class=\"bodytext\">Das Lundehundsyndrom (LHS) beim Norwegischen Lundehund umfasst typische Symptome, die denen einer Protein losing Enteropathie (PLE) \u00e4hneln. Diese sind Gastritis, Proteinverlust, chronische Entz\u00fcndung, Lymphangiektasie und Malabsorption. Zus\u00e4tzlich k\u00f6nnen ein schlechter Allgemeinzustand, h\u00e4ufiges Erbrechen und \u00d6deme bei betroffenen Tieren beobachtet werden.<\/p><table class=\"tx-laboklinleistung-table contenttable contenttable-2\" style=\"margin-top: 35px;\"><tr><td class=\"td-0\"><strong>Methode<\/strong><\/td><td class=\"td-1\"><p class=\"bodytext\">Sequenzierung<\/p><\/td><\/tr><tr><td class=\"td-0\"><strong>Rasse<\/strong><\/td><td class=\"td-1\"><p class=\"bodytext\">Norwegischer Lundehund<\/p><\/td><\/tr><tr><td class=\"td-0\"><strong>Erbgang<\/strong><\/td><td class=\"td-1\"><p class=\"bodytext\">autosomal-rezessiv<\/p><\/td><\/tr><tr><td class=\"td-0\"><strong>Dauer<\/strong><\/td><td class=\"td-1\"><p class=\"bodytext\">1 - 2 Wochen nach Erhalt der Probe<\/p><\/td><\/tr><\/table>\n","protected":false},"excerpt":{"rendered":"<p>Lundehundsyndrom (LHS)LABOKLIN Leistungs-ID: 8579Das Lundehundsyndrom (LHS) beim Norwegischen Lundehund umfasst typische Symptome, die denen einer Protein losing Enteropathie (PLE) \u00e4hneln. Diese sind Gastritis, Proteinverlust, chronische Entz\u00fcndung, Lymphangiektasie und Malabsorption. Zus\u00e4tzlich k\u00f6nnen ein schlechter Allgemeinzustand, h\u00e4ufiges Erbrechen und \u00d6deme bei betroffenen Tieren beobachtet werden.MethodeSequenzierungRasseNorwegischer LundehundErbgangautosomal-rezessivDauer1 &#8211; 2 Wochen nach Erhalt der Probe<\/p>\n","protected":false},"author":1,"featured_media":0,"parent":1332701,"menu_order":177,"comment_status":"closed","ping_status":"closed","template":"","meta":{"_seopress_robots_primary_cat":"","_seopress_titles_title":"","_seopress_titles_desc":"","_seopress_robots_index":"","footnotes":""},"class_list":["post-1336725","page","type-page","status-publish","hentry","description-off"],"_links":{"self":[{"href":"https:\/\/laboklin.de\/de-at\/wp-json\/wp\/v2\/pages\/1336725","targetHints":{"allow":["GET"]}}],"collection":[{"href":"https:\/\/laboklin.de\/de-at\/wp-json\/wp\/v2\/pages"}],"about":[{"href":"https:\/\/laboklin.de\/de-at\/wp-json\/wp\/v2\/types\/page"}],"author":[{"embeddable":true,"href":"https:\/\/laboklin.de\/de-at\/wp-json\/wp\/v2\/users\/1"}],"replies":[{"embeddable":true,"href":"https:\/\/laboklin.de\/de-at\/wp-json\/wp\/v2\/comments?post=1336725"}],"version-history":[{"count":1,"href":"https:\/\/laboklin.de\/de-at\/wp-json\/wp\/v2\/pages\/1336725\/revisions"}],"predecessor-version":[{"id":1509104,"href":"https:\/\/laboklin.de\/de-at\/wp-json\/wp\/v2\/pages\/1336725\/revisions\/1509104"}],"up":[{"embeddable":true,"href":"https:\/\/laboklin.de\/de-at\/wp-json\/wp\/v2\/pages\/1332701"}],"wp:attachment":[{"href":"https:\/\/laboklin.de\/de-at\/wp-json\/wp\/v2\/media?parent=1336725"}],"curies":[{"name":"wp","href":"https:\/\/api.w.org\/{rel}","templated":true}]}}