{"id":1336720,"date":"2020-10-16T11:36:27","date_gmt":"2020-10-16T09:36:27","guid":{"rendered":"https:\/\/laboklin.de\/leistungen\/genetik\/erbkrankheiten\/hund\/makrothrombozytopenie-mtc\/"},"modified":"2025-02-17T09:24:22","modified_gmt":"2025-02-17T08:24:22","slug":"makrothrombozytopenie-mtc","status":"publish","type":"page","link":"https:\/\/laboklin.de\/de-at\/leistungen\/genetik\/erbkrankheiten\/hund\/makrothrombozytopenie-mtc\/","title":{"rendered":"Makrothrombozytopenie (MTC)"},"content":{"rendered":"<h3 class=\"csc-firstHeader\">Makrothrombozytopenie (MTC)<\/h3><p><span>LABOKLIN Leistungs-ID: 8217<\/span><\/p><p class=\"bodytext\">Die Makrothrombozytopenie (MTC) ist eine erblich bedingte (kongenitale) St\u00f6rung der Bildung von Blutpl\u00e4ttchen (Thrombozyten), die an der Blutgerinnung beteiligt sind. Das Anzeichen f\u00fcr eine erbliche MTC ist eine verringerte Anzahl von Thrombozyten (Thrombozytopenie). Zudem sind viele der noch vorhandenen Blutpl\u00e4ttchen vergr\u00f6\u00dfert. Als Ursache wurden zwei Genmutationen im \u00df1-Tubulin Gen identifiziert. <br \/>\nEine der beiden Mutationen wird autosomal-rezessiv vererbt. Die Thrombozytenzahl von Tr\u00e4gertieren unterscheidet sich nicht von freien Tieren. Diese Variante wurde in den Rassen Cairn Terrier und Norfolk Terrier gefunden. <br \/>\nDie andere Mutation wird autosomal-dominant (intermedi\u00e4r) vererbt, bereits eine Kopie des Gens ist ausreichend, um eine MTC auszupr\u00e4gen. Bei heterozygot betroffenen Hunden liegt die Thrombozytenzahl zwischen der von homozygot betroffenen und freien Tieren. Diese Variante wurde bisher in folgenden Rassen beschrieben: Bichon Fris\u00e9, Boxer, Cavalier King Charles Spaniel, Chihuahua, Cocker Spaniel, Havaneser, Jack Russell Terrier, Labrador Retriever, Malteser, Parson Russell Terrier, Pudel und Shih Tzu. <br \/>\nBetroffene Hunde neigen zwar nicht zu Blutungen, es besteht aber die Gefahr der Fehlbehandlung, da die oben genannten Anzeichen auch auf eine erworbene Thrombozytopenie hindeuten k\u00f6nnen, wie sie beispielsweise durch Infektionen, Medikamente oder Immunreaktionen ausgel\u00f6st werden kann. Der genetische Test ist daher ein wichtiges Mittel zur Differenzialdiagnostik, da eine Gabe von Antibiotika oder Kortikosteroiden zur Behandlung einer erblichen Makrothrombozytopenie nicht zielf\u00fchrend ist.<br \/>\n<\/p><table class=\"tx-laboklinleistung-table contenttable contenttable-2\" style=\"margin-top: 35px;\"><tr><td class=\"td-0\"><strong>Methode<\/strong><\/td><td class=\"td-1\"><p class=\"bodytext\">Sequenzierung<\/p><\/td><\/tr><tr><td class=\"td-0\"><strong>Rasse<\/strong><\/td><td class=\"td-1\"><p class=\"bodytext\">American Cocker Spaniel, Australian-Labradoodle (Cobberdog), Bichon Fris\u00e9, Cairn Terrier, Cavalier King Charles Spaniel, Cavapoo, Chihuahua, Cockapoo, Deutscher Boxer, English Cocker Spaniel, Goldendoodle, Havaneser, Jack Russell Terrier, King Charles Spaniel, Labradoodle, Labrador Retriever, Malteser, Maltipoo, Norfolk Terrier, Parson Russell Terrier, Pudel, Shih Tzu, Toy Pudel, Zwergpudel<\/p><\/td><\/tr><tr><td class=\"td-0\"><strong>Erbgang<\/strong><\/td><td class=\"td-1\"><p class=\"bodytext\">variabel<\/p><\/td><\/tr><tr><td class=\"td-0\"><strong>Dauer<\/strong><\/td><td class=\"td-1\"><p class=\"bodytext\">1 - 2 Wochen nach Erhalt der Probe<\/p><\/td><\/tr><\/table>\n","protected":false},"excerpt":{"rendered":"<p>Makrothrombozytopenie (MTC)LABOKLIN Leistungs-ID: 8217Die Makrothrombozytopenie (MTC) ist eine erblich bedingte (kongenitale) St\u00f6rung der Bildung von Blutpl\u00e4ttchen (Thrombozyten), die an der Blutgerinnung beteiligt sind. Das Anzeichen f\u00fcr eine erbliche MTC ist eine verringerte Anzahl von Thrombozyten (Thrombozytopenie). Zudem sind viele der noch vorhandenen Blutpl\u00e4ttchen vergr\u00f6\u00dfert. Als Ursache wurden zwei Genmutationen im \u00df1-Tubulin Gen identifiziert. Eine der&hellip;<\/p>\n","protected":false},"author":1,"featured_media":0,"parent":1332701,"menu_order":176,"comment_status":"closed","ping_status":"closed","template":"","meta":{"_seopress_robots_primary_cat":"","_seopress_titles_title":"","_seopress_titles_desc":"","_seopress_robots_index":"","footnotes":""},"class_list":["post-1336720","page","type-page","status-publish","hentry","description-off"],"_links":{"self":[{"href":"https:\/\/laboklin.de\/de-at\/wp-json\/wp\/v2\/pages\/1336720","targetHints":{"allow":["GET"]}}],"collection":[{"href":"https:\/\/laboklin.de\/de-at\/wp-json\/wp\/v2\/pages"}],"about":[{"href":"https:\/\/laboklin.de\/de-at\/wp-json\/wp\/v2\/types\/page"}],"author":[{"embeddable":true,"href":"https:\/\/laboklin.de\/de-at\/wp-json\/wp\/v2\/users\/1"}],"replies":[{"embeddable":true,"href":"https:\/\/laboklin.de\/de-at\/wp-json\/wp\/v2\/comments?post=1336720"}],"version-history":[{"count":1,"href":"https:\/\/laboklin.de\/de-at\/wp-json\/wp\/v2\/pages\/1336720\/revisions"}],"predecessor-version":[{"id":1336723,"href":"https:\/\/laboklin.de\/de-at\/wp-json\/wp\/v2\/pages\/1336720\/revisions\/1336723"}],"up":[{"embeddable":true,"href":"https:\/\/laboklin.de\/de-at\/wp-json\/wp\/v2\/pages\/1332701"}],"wp:attachment":[{"href":"https:\/\/laboklin.de\/de-at\/wp-json\/wp\/v2\/media?parent=1336720"}],"curies":[{"name":"wp","href":"https:\/\/api.w.org\/{rel}","templated":true}]}}