{"id":1336718,"date":"2020-10-16T11:36:27","date_gmt":"2020-10-16T09:36:27","guid":{"rendered":"https:\/\/laboklin.de\/leistungen\/genetik\/erbkrankheiten\/hund\/may-hegglin-anomalie-mha\/"},"modified":"2025-02-17T09:26:44","modified_gmt":"2025-02-17T08:26:44","slug":"may-hegglin-anomalie-mha","status":"publish","type":"page","link":"https:\/\/laboklin.de\/de-at\/leistungen\/genetik\/erbkrankheiten\/hund\/may-hegglin-anomalie-mha\/","title":{"rendered":"May-Hegglin-Anomalie (MHA)"},"content":{"rendered":"<h3 class=\"csc-firstHeader\">May-Hegglin-Anomalie (MHA)<\/h3><p><span>LABOKLIN Leistungs-ID: 8312<\/span><\/p><p class=\"bodytext\">Tiere mit May-Hegglin-Anomalie weisen bei der h\u00e4matologischen Befundung zum einen persistierende Thrombozytopenie, also dauerhafter Mangel an Blutpl\u00e4ttchen, zum anderen stark vergr\u00f6\u00dferte und in der Morphologie variabel ver\u00e4nderte Blutpl\u00e4ttchen auf. Folglich setzt bei setzt bei diesen Tieren die Gerinnung bei Blutungen verz\u00f6gert ein. Zudem lassen sich Zytoplasmaeinschl\u00fcsse (fehlerhafte oder \u00fcberm\u00e4\u00dfige Proteinstrukturen, die zumeist bei einer Infektion in Zellen zu finden sind) in neutrophilen Granulozyten nachweisen, die zur teilweisen Funktionseinschr\u00e4nkung des Immunsystems f\u00fchren k\u00f6nnen. Diese zellul\u00e4ren Anomalien lassen sich auf einzelne Punktmutationen des Gens MYH9 zur\u00fcckf\u00fchren.<\/p><table class=\"tx-laboklinleistung-table contenttable contenttable-2\" style=\"margin-top: 35px;\"><tr><td class=\"td-0\"><strong>Methode<\/strong><\/td><td class=\"td-1\"><p class=\"bodytext\">Sequenzierung<\/p><\/td><\/tr><tr><td class=\"td-0\"><strong>Rasse<\/strong><\/td><td class=\"td-1\"><p class=\"bodytext\">Mops<\/p><\/td><\/tr><tr><td class=\"td-0\"><strong>Erbgang<\/strong><\/td><td class=\"td-1\"><p class=\"bodytext\">autosomal-rezessiv<\/p><\/td><\/tr><tr><td class=\"td-0\"><strong>Dauer<\/strong><\/td><td class=\"td-1\"><p class=\"bodytext\">1 - 2 Wochen nach Erhalt der Probe<\/p><\/td><\/tr><\/table>\n","protected":false},"excerpt":{"rendered":"<p>May-Hegglin-Anomalie (MHA)LABOKLIN Leistungs-ID: 8312Tiere mit May-Hegglin-Anomalie weisen bei der h\u00e4matologischen Befundung zum einen persistierende Thrombozytopenie, also dauerhafter Mangel an Blutpl\u00e4ttchen, zum anderen stark vergr\u00f6\u00dferte und in der Morphologie variabel ver\u00e4nderte Blutpl\u00e4ttchen auf. Folglich setzt bei setzt bei diesen Tieren die Gerinnung bei Blutungen verz\u00f6gert ein. Zudem lassen sich Zytoplasmaeinschl\u00fcsse (fehlerhafte oder \u00fcberm\u00e4\u00dfige Proteinstrukturen, die zumeist&hellip;<\/p>\n","protected":false},"author":1,"featured_media":0,"parent":1332701,"menu_order":175,"comment_status":"closed","ping_status":"closed","template":"","meta":{"_seopress_robots_primary_cat":"","_seopress_titles_title":"","_seopress_titles_desc":"","_seopress_robots_index":"","footnotes":""},"class_list":["post-1336718","page","type-page","status-publish","hentry","description-off"],"_links":{"self":[{"href":"https:\/\/laboklin.de\/de-at\/wp-json\/wp\/v2\/pages\/1336718","targetHints":{"allow":["GET"]}}],"collection":[{"href":"https:\/\/laboklin.de\/de-at\/wp-json\/wp\/v2\/pages"}],"about":[{"href":"https:\/\/laboklin.de\/de-at\/wp-json\/wp\/v2\/types\/page"}],"author":[{"embeddable":true,"href":"https:\/\/laboklin.de\/de-at\/wp-json\/wp\/v2\/users\/1"}],"replies":[{"embeddable":true,"href":"https:\/\/laboklin.de\/de-at\/wp-json\/wp\/v2\/comments?post=1336718"}],"version-history":[{"count":1,"href":"https:\/\/laboklin.de\/de-at\/wp-json\/wp\/v2\/pages\/1336718\/revisions"}],"predecessor-version":[{"id":1509112,"href":"https:\/\/laboklin.de\/de-at\/wp-json\/wp\/v2\/pages\/1336718\/revisions\/1509112"}],"up":[{"embeddable":true,"href":"https:\/\/laboklin.de\/de-at\/wp-json\/wp\/v2\/pages\/1332701"}],"wp:attachment":[{"href":"https:\/\/laboklin.de\/de-at\/wp-json\/wp\/v2\/media?parent=1336718"}],"curies":[{"name":"wp","href":"https:\/\/api.w.org\/{rel}","templated":true}]}}