{"id":1336715,"date":"2020-10-16T11:36:27","date_gmt":"2020-10-16T09:36:27","guid":{"rendered":"https:\/\/laboklin.de\/leistungen\/genetik\/erbkrankheiten\/hund\/muskeldystrophie-md\/"},"modified":"2025-02-17T09:35:26","modified_gmt":"2025-02-17T08:35:26","slug":"muskeldystrophie-md","status":"publish","type":"page","link":"https:\/\/laboklin.de\/de-at\/leistungen\/genetik\/erbkrankheiten\/hund\/muskeldystrophie-md\/","title":{"rendered":"Muskeldystrophie (MD)"},"content":{"rendered":"<h3 class=\"csc-firstHeader\">Muskeldystrophie (MD)<\/h3><p><span>LABOKLIN Leistungs-ID: 8068<\/span><\/p><p class=\"bodytext\">Als Muskeldystrophie (MD) wird ein langsam fortschreitender, erblicher Muskelschwund bezeichnet. <br \/>\r\nBei den Rassen Golden Retriever, Norfolk Terrier und Cavalier King Charles Spaniel wird die Muskeldystrophie durch eine X-chromosomal vererbte Variante verursacht. Typische Symptome bei betroffenen Hunden sind erh\u00f6hte Werte der Serum-Kreatinkinase, R\u00fcckbildung der Muskulatur (Muskelatrophie) mit Kr\u00e4mpfen, eine krankhafte Vermehrung des Bindegewebes (Fibrose) und Herzmuskelerkrankungen (Kardiomyopathie). <br \/>\r\nBeim Landseer f\u00fchrt eine autosomal-rezessiv vererbte Variante zu einer Muskelschw\u00e4che, die den ganzen K\u00f6rper betrifft. Betroffene Hunde k\u00f6nnen sich nur sehr schwer und langsam bewegen, sie k\u00f6nnen keine l\u00e4ngeren Strecken laufen oder teilweise auch gar nicht laufen. Die ersten Symptome der Krankheit zeigen sich meist im Alter von 3 - 6 Monaten. Die Lebenserwartung von Hunden mit MD liegt zwischen 4 und 24 Monaten.<br \/>\r\nBei der Rasse American Staffordshire Terrier wurde eine Variante im COL6A3-Gen identifiziert, die eine angeborene Muskeldystrophie verursacht. Erste Symptome wie fortschreitende Gangst\u00f6rungen und Gelenkkontrakturen (Bewegungseinschr\u00e4nkung der Gelenke) machen sich im Alter von 6 Monaten bemerkbar. Betroffene Hunde zeigen diffuse Muskelatrophie und multifokale Gelenkkontrakturen mit eingeschr\u00e4nkter Bewegungsfreiheit und deutlicher Verdickung der Ellenbogen- und Kniegelenke, zusammen mit Gelenk-Hyperlaxit\u00e4t (\u00fcberstreckbare Gelenke) der distalen Gliedma\u00dfen. Weitere Symptome sind eine allgemeine Schw\u00e4che, Schwierigkeiten beim Aufstehen und Gehen, sowie eine Tetraparese mit einem steifen, abgehackten Gang mit kurzen Schritten in allen Gliedma\u00dfen, jedoch ohne offensichtliche Ataxie. In allen Gliedma\u00dfen waren schwache R\u00fcckzugsreflexe zu beobachten.<\/p><table class=\"tx-laboklinleistung-table contenttable contenttable-2\" style=\"margin-top: 35px;\"><tr><td class=\"td-0\"><strong>Methode<\/strong><\/td><td class=\"td-1\"><p class=\"bodytext\">TaqMan SNP Assay (Landseer);<br>Sequenzierung (American Staffordshire Terrier, Cavalier King Charles Spaniel, Golden Retriever, Norfolk Terrier)\r\n<\/p><\/td><\/tr><tr><td class=\"td-0\"><strong>Rasse<\/strong><\/td><td class=\"td-1\"><p class=\"bodytext\">American Staffordshire Terrier, Cavalier King Charles Spaniel, Cavapoo, Golden Retriever, Goldendoodle, Landseer, Norfolk Terrier<\/p><\/td><\/tr><tr><td class=\"td-0\"><strong>Erbgang<\/strong><\/td><td class=\"td-1\"><p class=\"bodytext\">X-chromosomal-rezessiv (Cavalier King Charles Spaniel, Golden Retriever, Norfolk Terrier);<br>autosomal-rezessiv (American Staffordshire Terrier, Landseer)<\/p><\/td><\/tr><tr><td class=\"td-0\"><strong>Dauer<\/strong><\/td><td class=\"td-1\"><p class=\"bodytext\">3 - 5 Werktage nach Erhalt der Probe (Landseer);<br>1 - 2 Wochen nach Erhalt der Probe (American Staffordshire Terrier, Cavalier King Charles Spaniel, Golden Retriever, Norfolk Terrier)\r\n<\/p><\/td><\/tr><\/table>\n","protected":false},"excerpt":{"rendered":"<p>Muskeldystrophie (MD)LABOKLIN Leistungs-ID: 8068Als Muskeldystrophie (MD) wird ein langsam fortschreitender, erblicher Muskelschwund bezeichnet. Bei den Rassen Golden Retriever, Norfolk Terrier und Cavalier King Charles Spaniel wird die Muskeldystrophie durch eine X-chromosomal vererbte Variante verursacht. Typische Symptome bei betroffenen Hunden sind erh\u00f6hte Werte der Serum-Kreatinkinase, R\u00fcckbildung der Muskulatur (Muskelatrophie) mit Kr\u00e4mpfen, eine krankhafte Vermehrung des Bindegewebes&hellip;<\/p>\n","protected":false},"author":1,"featured_media":0,"parent":1332701,"menu_order":173,"comment_status":"closed","ping_status":"closed","template":"","meta":{"_seopress_robots_primary_cat":"","_seopress_titles_title":"","_seopress_titles_desc":"","_seopress_robots_index":"","footnotes":""},"class_list":["post-1336715","page","type-page","status-publish","hentry","description-off"],"_links":{"self":[{"href":"https:\/\/laboklin.de\/de-at\/wp-json\/wp\/v2\/pages\/1336715","targetHints":{"allow":["GET"]}}],"collection":[{"href":"https:\/\/laboklin.de\/de-at\/wp-json\/wp\/v2\/pages"}],"about":[{"href":"https:\/\/laboklin.de\/de-at\/wp-json\/wp\/v2\/types\/page"}],"author":[{"embeddable":true,"href":"https:\/\/laboklin.de\/de-at\/wp-json\/wp\/v2\/users\/1"}],"replies":[{"embeddable":true,"href":"https:\/\/laboklin.de\/de-at\/wp-json\/wp\/v2\/comments?post=1336715"}],"version-history":[{"count":1,"href":"https:\/\/laboklin.de\/de-at\/wp-json\/wp\/v2\/pages\/1336715\/revisions"}],"predecessor-version":[{"id":1509134,"href":"https:\/\/laboklin.de\/de-at\/wp-json\/wp\/v2\/pages\/1336715\/revisions\/1509134"}],"up":[{"embeddable":true,"href":"https:\/\/laboklin.de\/de-at\/wp-json\/wp\/v2\/pages\/1332701"}],"wp:attachment":[{"href":"https:\/\/laboklin.de\/de-at\/wp-json\/wp\/v2\/media?parent=1336715"}],"curies":[{"name":"wp","href":"https:\/\/api.w.org\/{rel}","templated":true}]}}