{"id":1336701,"date":"2020-10-16T11:36:27","date_gmt":"2020-10-16T09:36:27","guid":{"rendered":"https:\/\/laboklin.de\/leistungen\/genetik\/erbkrankheiten\/hund\/zwergwuchs-skeletale-dysplasie-2-sd2\/"},"modified":"2025-02-17T14:10:51","modified_gmt":"2025-02-17T13:10:51","slug":"zwergwuchs-skeletale-dysplasie-2-sd2","status":"publish","type":"page","link":"https:\/\/laboklin.de\/de-at\/leistungen\/genetik\/erbkrankheiten\/hund\/zwergwuchs-skeletale-dysplasie-2-sd2\/","title":{"rendered":"Zwergwuchs (Skeletale Dysplasie 2) (SD2)"},"content":{"rendered":"<h3 class=\"csc-firstHeader\">Zwergwuchs (Skeletale Dysplasie 2) (SD2)<\/h3><p><span>LABOKLIN Leistungs-ID: 8456<\/span><\/p><p class=\"bodytext\">Die Skeletale Dysplasie 2 ist eine Erbkrankheit beim Labrador, die zu einem fr\u00fchzeitigen Stillstand des Knochenwachstums der langen R\u00f6hrenknochen f\u00fchrt. Anders als bei anderen Formen des Zwergwuchses entstehen so \u201edisproportionierte\u201c Hunde. Diese erkennt man an verk\u00fcrzten Vordergliedma\u00dfen und \u00fcberbauter Hinterhand, bei unver\u00e4nderter Rumpfl\u00e4nge und -tiefe. Betroffene Hunde zeigen nach bisherigem Kenntnisstand keine gesundheitlichen Probleme, wie missgestaltete Genitalien oder neuronale Erkrankungen. <\/p><table class=\"tx-laboklinleistung-table contenttable contenttable-2\" style=\"margin-top: 35px;\"><tr><td class=\"td-0\"><strong>Methode<\/strong><\/td><td class=\"td-1\"><p class=\"bodytext\">TaqMan SNP Assay<\/p><\/td><\/tr><tr><td class=\"td-0\"><strong>Rasse<\/strong><\/td><td class=\"td-1\"><p class=\"bodytext\">Australian-Labradoodle (Cobberdog), Labradoodle, Labrador Retriever<\/p><\/td><\/tr><tr><td class=\"td-0\"><strong>Erbgang<\/strong><\/td><td class=\"td-1\"><p class=\"bodytext\">autosomal-rezessiv<\/p><\/td><\/tr><tr><td class=\"td-0\"><strong>Dauer<\/strong><\/td><td class=\"td-1\"><p class=\"bodytext\">3 - 5 Werktage nach Erhalt der Probe<\/p><\/td><\/tr><\/table>\n","protected":false},"excerpt":{"rendered":"<p>Zwergwuchs (Skeletale Dysplasie 2) (SD2)LABOKLIN Leistungs-ID: 8456Die Skeletale Dysplasie 2 ist eine Erbkrankheit beim Labrador, die zu einem fr\u00fchzeitigen Stillstand des Knochenwachstums der langen R\u00f6hrenknochen f\u00fchrt. Anders als bei anderen Formen des Zwergwuchses entstehen so \u201edisproportionierte\u201c Hunde. Diese erkennt man an verk\u00fcrzten Vordergliedma\u00dfen und \u00fcberbauter Hinterhand, bei unver\u00e4nderter Rumpfl\u00e4nge und -tiefe. Betroffene Hunde zeigen nach&hellip;<\/p>\n","protected":false},"author":1,"featured_media":0,"parent":1332701,"menu_order":167,"comment_status":"closed","ping_status":"closed","template":"","meta":{"_seopress_robots_primary_cat":"","_seopress_titles_title":"","_seopress_titles_desc":"","_seopress_robots_index":"","footnotes":""},"class_list":["post-1336701","page","type-page","status-publish","hentry","description-off"],"_links":{"self":[{"href":"https:\/\/laboklin.de\/de-at\/wp-json\/wp\/v2\/pages\/1336701","targetHints":{"allow":["GET"]}}],"collection":[{"href":"https:\/\/laboklin.de\/de-at\/wp-json\/wp\/v2\/pages"}],"about":[{"href":"https:\/\/laboklin.de\/de-at\/wp-json\/wp\/v2\/types\/page"}],"author":[{"embeddable":true,"href":"https:\/\/laboklin.de\/de-at\/wp-json\/wp\/v2\/users\/1"}],"replies":[{"embeddable":true,"href":"https:\/\/laboklin.de\/de-at\/wp-json\/wp\/v2\/comments?post=1336701"}],"version-history":[{"count":1,"href":"https:\/\/laboklin.de\/de-at\/wp-json\/wp\/v2\/pages\/1336701\/revisions"}],"predecessor-version":[{"id":1509519,"href":"https:\/\/laboklin.de\/de-at\/wp-json\/wp\/v2\/pages\/1336701\/revisions\/1509519"}],"up":[{"embeddable":true,"href":"https:\/\/laboklin.de\/de-at\/wp-json\/wp\/v2\/pages\/1332701"}],"wp:attachment":[{"href":"https:\/\/laboklin.de\/de-at\/wp-json\/wp\/v2\/media?parent=1336701"}],"curies":[{"name":"wp","href":"https:\/\/api.w.org\/{rel}","templated":true}]}}