{"id":1336692,"date":"2020-10-16T11:36:27","date_gmt":"2020-10-16T09:36:27","guid":{"rendered":"https:\/\/laboklin.de\/leistungen\/genetik\/erbkrankheiten\/hund\/progressive-retinaatrophie-cnga1_pra\/"},"modified":"2025-12-19T12:30:07","modified_gmt":"2025-12-19T11:30:07","slug":"progressive-retinaatrophie-cnga1_pra","status":"publish","type":"page","link":"https:\/\/laboklin.de\/de-at\/leistungen\/genetik\/erbkrankheiten\/hund\/progressive-retinaatrophie-cnga1_pra\/","title":{"rendered":"Progressive Retinaatrophie (CNGA1-PRA)"},"content":{"rendered":"<h3 class=\"csc-firstHeader\">Progressive Retinaatrophie (CNGA1-PRA)<\/h3><p><span>LABOKLIN Leistungs-ID: 8375<\/span><\/p><p class=\"bodytext\">Die progressive Retinaatrophie (PRA) ist eine fortschreitende Erkrankung der Netzhaut (Retina), bei der die Funktion der Photorezeptorzellen gest\u00f6rt oder unterbunden ist, was mit zunehmendem Alter zu Erblindung f\u00fchrt. Erste Anzeichen der PRA beim Shetland Sheepdog k\u00f6nnen ab dem zweiten Lebensjahr, m\u00f6glicherweise auch vorher diagnostiziert werden. Die beim Sheltie ebenfalls auftretende \u201eLangsam voranschreitende Retinopathie\u201c (SPR) \u00e4hnelt in der Symptomatik der PRA in den Anfangsstadien und kann ophthalmologisch nur durch ein ERG unterschieden werden. Neben der durch diesen Gentest erfassten Mutation im CNGA1-Gen scheint noch mindestens eine weitere Mutation zu existieren, die f\u00fcr die Auspr\u00e4gung einer PRA beim Sheltie verantwortlich ist. Diese ist Gegenstand fortlaufender Forschung.<\/p><table class=\"tx-laboklinleistung-table contenttable contenttable-2\" style=\"margin-top: 35px;\"><tr><td class=\"td-0\"><strong>Methode<\/strong><\/td><td class=\"td-1\"><p class=\"bodytext\">TaqMan SNP Assay, ggf. Sequenzierung<\/p><\/td><\/tr><tr><td class=\"td-0\"><strong>Rasse<\/strong><\/td><td class=\"td-1\"><p class=\"bodytext\">Shetland Sheepdog (Sheltie) <\/p><\/td><\/tr><tr><td class=\"td-0\"><strong>Erbgang<\/strong><\/td><td class=\"td-1\"><p class=\"bodytext\">autosomal-rezessiv<\/p><\/td><\/tr><tr><td class=\"td-0\"><strong>Dauer<\/strong><\/td><td class=\"td-1\"><p class=\"bodytext\">3 - 5 Werktage nach Erhalt der Probe (bei Sequenzierung 1 - 2 Wochen)<\/p><\/td><\/tr><\/table>\n","protected":false},"excerpt":{"rendered":"<p>Progressive Retinaatrophie (CNGA1-PRA)LABOKLIN Leistungs-ID: 8375Die progressive Retinaatrophie (PRA) ist eine fortschreitende Erkrankung der Netzhaut (Retina), bei der die Funktion der Photorezeptorzellen gest\u00f6rt oder unterbunden ist, was mit zunehmendem Alter zu Erblindung f\u00fchrt. Erste Anzeichen der PRA beim Shetland Sheepdog k\u00f6nnen ab dem zweiten Lebensjahr, m\u00f6glicherweise auch vorher diagnostiziert werden. Die beim Sheltie ebenfalls auftretende \u201eLangsam&hellip;<\/p>\n","protected":false},"author":1,"featured_media":0,"parent":1332701,"menu_order":164,"comment_status":"closed","ping_status":"closed","template":"","meta":{"_seopress_robots_primary_cat":"","_seopress_titles_title":"","_seopress_titles_desc":"","_seopress_robots_index":"","footnotes":""},"class_list":["post-1336692","page","type-page","status-publish","hentry","description-off"],"_links":{"self":[{"href":"https:\/\/laboklin.de\/de-at\/wp-json\/wp\/v2\/pages\/1336692","targetHints":{"allow":["GET"]}}],"collection":[{"href":"https:\/\/laboklin.de\/de-at\/wp-json\/wp\/v2\/pages"}],"about":[{"href":"https:\/\/laboklin.de\/de-at\/wp-json\/wp\/v2\/types\/page"}],"author":[{"embeddable":true,"href":"https:\/\/laboklin.de\/de-at\/wp-json\/wp\/v2\/users\/1"}],"replies":[{"embeddable":true,"href":"https:\/\/laboklin.de\/de-at\/wp-json\/wp\/v2\/comments?post=1336692"}],"version-history":[{"count":2,"href":"https:\/\/laboklin.de\/de-at\/wp-json\/wp\/v2\/pages\/1336692\/revisions"}],"predecessor-version":[{"id":1578895,"href":"https:\/\/laboklin.de\/de-at\/wp-json\/wp\/v2\/pages\/1336692\/revisions\/1578895"}],"up":[{"embeddable":true,"href":"https:\/\/laboklin.de\/de-at\/wp-json\/wp\/v2\/pages\/1332701"}],"wp:attachment":[{"href":"https:\/\/laboklin.de\/de-at\/wp-json\/wp\/v2\/media?parent=1336692"}],"curies":[{"name":"wp","href":"https:\/\/api.w.org\/{rel}","templated":true}]}}