{"id":1336679,"date":"2020-10-16T11:36:27","date_gmt":"2020-10-16T09:36:27","guid":{"rendered":"https:\/\/laboklin.de\/leistungen\/genetik\/erbkrankheiten\/hund\/progressive-retinaatrophie-xl-pra\/"},"modified":"2025-02-17T11:17:37","modified_gmt":"2025-02-17T10:17:37","slug":"progressive-retinaatrophie-xl-pra","status":"publish","type":"page","link":"https:\/\/laboklin.de\/de-at\/leistungen\/genetik\/erbkrankheiten\/hund\/progressive-retinaatrophie-xl-pra\/","title":{"rendered":"Progressive Retinaatrophie (XL-PRA)"},"content":{"rendered":"<h3 class=\"csc-firstHeader\">Progressive Retinaatrophie (XL-PRA)<\/h3><p><span>LABOKLIN Leistungs-ID: 8608<\/span><\/p><p class=\"bodytext\">Die Progressive Retinaatrophie (PRA) ist eine fortschreitende Erkrankung der Netzhaut (Retina). Dabei werden die Photorezeptoren des Auges im Laufe der Zeit zerst\u00f6rt. Dies f\u00fchrt zu zunehmenden Nachtblindheit sowie dem Verlust der Anpassung des Sehverm\u00f6gens.<br \/>\r\nDie sogenannte X-Linked\u00a0PRA (XL-PRA) ist eine Sonderform im Vergleich zu anderen PRAs, da die zugrunde liegende Mutation auf dem X-Chromosom liegt. Da m\u00e4nnliche Tiere nur ein X-Chromosom besitzen, sind R\u00fcden bei Vorliegen des Gendefekts immer betroffen. Bei H\u00fcndinnen m\u00fcssen beide X-Chromosomen die Mutation tragen, damit die Krankheit in vollem Umfang ausbricht. Die XL-PRA ist eine sp\u00e4t einsetzende Form der Erkrankung. Die ersten Symptome zeigen sich erst mit 3 - 5 Jahren.<\/p><table class=\"tx-laboklinleistung-table contenttable contenttable-2\" style=\"margin-top: 35px;\"><tr><td class=\"td-0\"><strong>Methode<\/strong><\/td><td class=\"td-1\"><p class=\"bodytext\">Sequenzierung<\/p><\/td><\/tr><tr><td class=\"td-0\"><strong>Rasse<\/strong><\/td><td class=\"td-1\"><p class=\"bodytext\">Pomsky, Samojede, Siberian Husky<\/p><\/td><\/tr><tr><td class=\"td-0\"><strong>Erbgang<\/strong><\/td><td class=\"td-1\"><p class=\"bodytext\">X-chromosomal-rezessiv<\/p><\/td><\/tr><tr><td class=\"td-0\"><strong>Dauer<\/strong><\/td><td class=\"td-1\"><p class=\"bodytext\">1 - 2 Wochen nach Erhalt der Probe<\/p><\/td><\/tr><\/table>\n","protected":false},"excerpt":{"rendered":"<p>Progressive Retinaatrophie (XL-PRA)LABOKLIN Leistungs-ID: 8608Die Progressive Retinaatrophie (PRA) ist eine fortschreitende Erkrankung der Netzhaut (Retina). Dabei werden die Photorezeptoren des Auges im Laufe der Zeit zerst\u00f6rt. Dies f\u00fchrt zu zunehmenden Nachtblindheit sowie dem Verlust der Anpassung des Sehverm\u00f6gens. Die sogenannte X-Linked\u00a0PRA (XL-PRA) ist eine Sonderform im Vergleich zu anderen PRAs, da die zugrunde liegende Mutation&hellip;<\/p>\n","protected":false},"author":1,"featured_media":0,"parent":1332701,"menu_order":158,"comment_status":"closed","ping_status":"closed","template":"","meta":{"_seopress_robots_primary_cat":"","_seopress_titles_title":"","_seopress_titles_desc":"","_seopress_robots_index":"","footnotes":""},"class_list":["post-1336679","page","type-page","status-publish","hentry","description-off"],"_links":{"self":[{"href":"https:\/\/laboklin.de\/de-at\/wp-json\/wp\/v2\/pages\/1336679","targetHints":{"allow":["GET"]}}],"collection":[{"href":"https:\/\/laboklin.de\/de-at\/wp-json\/wp\/v2\/pages"}],"about":[{"href":"https:\/\/laboklin.de\/de-at\/wp-json\/wp\/v2\/types\/page"}],"author":[{"embeddable":true,"href":"https:\/\/laboklin.de\/de-at\/wp-json\/wp\/v2\/users\/1"}],"replies":[{"embeddable":true,"href":"https:\/\/laboklin.de\/de-at\/wp-json\/wp\/v2\/comments?post=1336679"}],"version-history":[{"count":1,"href":"https:\/\/laboklin.de\/de-at\/wp-json\/wp\/v2\/pages\/1336679\/revisions"}],"predecessor-version":[{"id":1509418,"href":"https:\/\/laboklin.de\/de-at\/wp-json\/wp\/v2\/pages\/1336679\/revisions\/1509418"}],"up":[{"embeddable":true,"href":"https:\/\/laboklin.de\/de-at\/wp-json\/wp\/v2\/pages\/1332701"}],"wp:attachment":[{"href":"https:\/\/laboklin.de\/de-at\/wp-json\/wp\/v2\/media?parent=1336679"}],"curies":[{"name":"wp","href":"https:\/\/api.w.org\/{rel}","templated":true}]}}