{"id":1336677,"date":"2020-10-16T11:36:27","date_gmt":"2020-10-16T09:36:27","guid":{"rendered":"https:\/\/laboklin.de\/leistungen\/genetik\/erbkrankheiten\/hund\/x-chromosomale-schwere-immundefizienz-x-scid\/"},"modified":"2025-02-17T14:07:50","modified_gmt":"2025-02-17T13:07:50","slug":"x-chromosomale-schwere-immundefizienz-x-scid","status":"publish","type":"page","link":"https:\/\/laboklin.de\/de-at\/leistungen\/genetik\/erbkrankheiten\/hund\/x-chromosomale-schwere-immundefizienz-x-scid\/","title":{"rendered":"X-chromosomale schwere Immundefizienz (X-SCID)"},"content":{"rendered":"<h3 class=\"csc-firstHeader\">X-chromosomale schwere Immundefizienz (X-SCID)<\/h3><p><span>LABOKLIN Leistungs-ID: 8063<\/span><\/p><p class=\"bodytext\">Die geschlechtsgebundene X-chromosomale schwere kombinierte Immundefizienz (X-SCID) ist gekennzeichnet durch einen starken Defekt der zellul\u00e4ren und humoralen Immunit\u00e4t. Betroffene Hunde leiden an Entwicklungsst\u00f6rungen, erh\u00f6hter Empfindlichkeit gegen\u00fcber viralen und bakteriellen Pathogenen und einer Degeneration peripherer Lymphknoten. Betroffene Hunde sterben etwa im Alter von 4 Monaten. Die Ursache ist eine Mutation innerhalb des f\u00fcr den Interleukin-2-Rezeptor codierenden Gens. Beim Basset Hound beruht die Krankheit auf einer 4-Basenpaar-Deletion in diesem Gen, w\u00e4hrend beim Welsh Corgi eine zus\u00e4tzliche Base eingeschoben ist. Durch diese Mutationen wird die Bildung einer funktionellen Rezeptors verhindert, wodurch die F\u00e4higkeit der Lymphozyten, Interleukin-2 zu binden und zu proliferieren, herabgesetzt wird. <\/p><table class=\"tx-laboklinleistung-table contenttable contenttable-2\" style=\"margin-top: 35px;\"><tr><td class=\"td-0\"><strong>Methode<\/strong><\/td><td class=\"td-1\"><p class=\"bodytext\">Sequenzierung<\/p><\/td><\/tr><tr><td class=\"td-0\"><strong>Rasse<\/strong><\/td><td class=\"td-1\"><p class=\"bodytext\">Basset Hound, Cardigan Welsh Corgi, Pembroke Welsh Corgi, Welsh Corgi (Cardigan\/Pembroke)<\/p><\/td><\/tr><tr><td class=\"td-0\"><strong>Erbgang<\/strong><\/td><td class=\"td-1\"><p class=\"bodytext\">X-chromosomal-rezessiv<\/p><\/td><\/tr><tr><td class=\"td-0\"><strong>Dauer<\/strong><\/td><td class=\"td-1\"><p class=\"bodytext\">1 - 2 Wochen nach Erhalt der Probe<\/p><\/td><\/tr><\/table>\n","protected":false},"excerpt":{"rendered":"<p>X-chromosomale schwere Immundefizienz (X-SCID)LABOKLIN Leistungs-ID: 8063Die geschlechtsgebundene X-chromosomale schwere kombinierte Immundefizienz (X-SCID) ist gekennzeichnet durch einen starken Defekt der zellul\u00e4ren und humoralen Immunit\u00e4t. Betroffene Hunde leiden an Entwicklungsst\u00f6rungen, erh\u00f6hter Empfindlichkeit gegen\u00fcber viralen und bakteriellen Pathogenen und einer Degeneration peripherer Lymphknoten. Betroffene Hunde sterben etwa im Alter von 4 Monaten. Die Ursache ist eine Mutation innerhalb&hellip;<\/p>\n","protected":false},"author":1,"featured_media":0,"parent":1332701,"menu_order":157,"comment_status":"closed","ping_status":"closed","template":"","meta":{"_seopress_robots_primary_cat":"","_seopress_titles_title":"","_seopress_titles_desc":"","_seopress_robots_index":"","footnotes":""},"class_list":["post-1336677","page","type-page","status-publish","hentry","description-off"],"_links":{"self":[{"href":"https:\/\/laboklin.de\/de-at\/wp-json\/wp\/v2\/pages\/1336677","targetHints":{"allow":["GET"]}}],"collection":[{"href":"https:\/\/laboklin.de\/de-at\/wp-json\/wp\/v2\/pages"}],"about":[{"href":"https:\/\/laboklin.de\/de-at\/wp-json\/wp\/v2\/types\/page"}],"author":[{"embeddable":true,"href":"https:\/\/laboklin.de\/de-at\/wp-json\/wp\/v2\/users\/1"}],"replies":[{"embeddable":true,"href":"https:\/\/laboklin.de\/de-at\/wp-json\/wp\/v2\/comments?post=1336677"}],"version-history":[{"count":1,"href":"https:\/\/laboklin.de\/de-at\/wp-json\/wp\/v2\/pages\/1336677\/revisions"}],"predecessor-version":[{"id":1509508,"href":"https:\/\/laboklin.de\/de-at\/wp-json\/wp\/v2\/pages\/1336677\/revisions\/1509508"}],"up":[{"embeddable":true,"href":"https:\/\/laboklin.de\/de-at\/wp-json\/wp\/v2\/pages\/1332701"}],"wp:attachment":[{"href":"https:\/\/laboklin.de\/de-at\/wp-json\/wp\/v2\/media?parent=1336677"}],"curies":[{"name":"wp","href":"https:\/\/api.w.org\/{rel}","templated":true}]}}