{"id":1336670,"date":"2022-05-20T11:44:59","date_gmt":"2022-05-20T09:44:59","guid":{"rendered":"https:\/\/laboklin.de\/leistungen\/genetik\/erbkrankheiten\/hund\/congenitaler-megaoesophagus-cim\/"},"modified":"2025-02-05T11:48:05","modified_gmt":"2025-02-05T10:48:05","slug":"congenitaler-megaoesophagus-cim","status":"publish","type":"page","link":"https:\/\/laboklin.de\/de-at\/leistungen\/genetik\/erbkrankheiten\/hund\/congenitaler-megaoesophagus-cim\/","title":{"rendered":"Congenitaler Mega\u00f6sophagus (CIM)"},"content":{"rendered":"<h3 class=\"csc-firstHeader\">Congenitaler Mega\u00f6sophagus (CIM)<\/h3><p><span>LABOKLIN Leistungs-ID: 8781<\/span><\/p><p class=\"bodytext\">Ein Mega\u00f6sophagus zeigt sich als Bewegungsst\u00f6rung des Magen-Darm-Traktes: reduzierte Peristaltik und die Erweiterung der Speiser\u00f6hre hemmen den normalen Transport des Futters in den Magen. Betroffene Hunde regurgitieren (Zur\u00fcckflie\u00dfen von Speiser\u00f6hren- oder Mageninhalt) Nahrung und Wasser, wodurch die Welpen nicht gedeihen. Durch in der Speiser\u00f6hre verbliebene Nahrungsreste erh\u00f6ht sich au\u00dferdem das Risiko, dass versehentlich Futter eingeatmet wird und es in der Folge zu einer Lungenentz\u00fcndung kommt (Aspirationspneumonie).<br \/>\r\nBeim Deutschen Sch\u00e4ferhund konnte eine genetische Variante identifiziert werden, die mit einem erh\u00f6hten Risiko f\u00fcr CIM assoziiert ist. Etwa ein Drittel der homozygot betroffenen H\u00fcndinnen zeigten Symptome f\u00fcr CIM, w\u00e4hrend sogar die H\u00e4lfte der homozygot betroffenen R\u00fcden Symptome zeigten. Dar\u00fcber hinaus spielen weitere, bisher nicht identifizierte Faktoren eine Rolle f\u00fcr die Ausbildung eines Mega\u00f6sophagus. Viele der betroffenen Hunde zeigten bereits in einem Alter von unter einem Jahr Symptome, deren Schwere stark variieren kann. Der Gentest erm\u00f6glicht die gezielte Zucht, um das Nicht-Risiko-Allel in der Rasse bevorzugt zu verbreiten.<\/p><table class=\"tx-laboklinleistung-table contenttable contenttable-2\" style=\"margin-top: 35px;\"><tr><td class=\"td-0\"><strong>Methode<\/strong><\/td><td class=\"td-1\"><p class=\"bodytext\">Sequenzierung<\/p><\/td><\/tr><tr><td class=\"td-0\"><strong>Rasse<\/strong><\/td><td class=\"td-1\"><p class=\"bodytext\">Deutscher Sch\u00e4ferhund<\/p><\/td><\/tr><tr><td class=\"td-0\"><strong>Erbgang<\/strong><\/td><td class=\"td-1\"><p class=\"bodytext\">siehe Text<\/p><\/td><\/tr><tr><td class=\"td-0\"><strong>Dauer<\/strong><\/td><td class=\"td-1\"><p class=\"bodytext\">1 - 2 Wochen nach Erhalt der Probe<\/p><\/td><\/tr><\/table>\n","protected":false},"excerpt":{"rendered":"<p>Congenitaler Mega\u00f6sophagus (CIM)LABOKLIN Leistungs-ID: 8781Ein Mega\u00f6sophagus zeigt sich als Bewegungsst\u00f6rung des Magen-Darm-Traktes: reduzierte Peristaltik und die Erweiterung der Speiser\u00f6hre hemmen den normalen Transport des Futters in den Magen. Betroffene Hunde regurgitieren (Zur\u00fcckflie\u00dfen von Speiser\u00f6hren- oder Mageninhalt) Nahrung und Wasser, wodurch die Welpen nicht gedeihen. Durch in der Speiser\u00f6hre verbliebene Nahrungsreste erh\u00f6ht sich au\u00dferdem das Risiko,&hellip;<\/p>\n","protected":false},"author":10,"featured_media":0,"parent":1332701,"menu_order":155,"comment_status":"closed","ping_status":"closed","template":"","meta":{"_seopress_robots_primary_cat":"","_seopress_titles_title":"","_seopress_titles_desc":"","_seopress_robots_index":"","footnotes":""},"class_list":["post-1336670","page","type-page","status-publish","hentry","description-off"],"_links":{"self":[{"href":"https:\/\/laboklin.de\/de-at\/wp-json\/wp\/v2\/pages\/1336670","targetHints":{"allow":["GET"]}}],"collection":[{"href":"https:\/\/laboklin.de\/de-at\/wp-json\/wp\/v2\/pages"}],"about":[{"href":"https:\/\/laboklin.de\/de-at\/wp-json\/wp\/v2\/types\/page"}],"author":[{"embeddable":true,"href":"https:\/\/laboklin.de\/de-at\/wp-json\/wp\/v2\/users\/10"}],"replies":[{"embeddable":true,"href":"https:\/\/laboklin.de\/de-at\/wp-json\/wp\/v2\/comments?post=1336670"}],"version-history":[{"count":1,"href":"https:\/\/laboklin.de\/de-at\/wp-json\/wp\/v2\/pages\/1336670\/revisions"}],"predecessor-version":[{"id":1506945,"href":"https:\/\/laboklin.de\/de-at\/wp-json\/wp\/v2\/pages\/1336670\/revisions\/1506945"}],"up":[{"embeddable":true,"href":"https:\/\/laboklin.de\/de-at\/wp-json\/wp\/v2\/pages\/1332701"}],"wp:attachment":[{"href":"https:\/\/laboklin.de\/de-at\/wp-json\/wp\/v2\/media?parent=1336670"}],"curies":[{"name":"wp","href":"https:\/\/api.w.org\/{rel}","templated":true}]}}