{"id":1336667,"date":"2020-10-16T11:36:27","date_gmt":"2020-10-16T09:36:27","guid":{"rendered":"https:\/\/laboklin.de\/leistungen\/genetik\/erbkrankheiten\/hund\/schwere-kombinierte-immundefizienz-scid\/"},"modified":"2025-02-17T13:51:43","modified_gmt":"2025-02-17T12:51:43","slug":"schwere-kombinierte-immundefizienz-scid","status":"publish","type":"page","link":"https:\/\/laboklin.de\/de-at\/leistungen\/genetik\/erbkrankheiten\/hund\/schwere-kombinierte-immundefizienz-scid\/","title":{"rendered":"Schwere kombinierte Immundefizienz (SCID)"},"content":{"rendered":"<h3 class=\"csc-firstHeader\">Schwere kombinierte Immundefizienz (SCID)<\/h3><p><span>LABOKLIN Leistungs-ID: 8328<\/span><\/p><p class=\"bodytext\">Die schwere kombinierte Immundefizienz (SCID) \u00e4u\u00dfert sich in sehr niedrigen Immunglobulinwerten und Lymphozytenzahlen, was zu einer schwerwiegenden Schw\u00e4chung der zellul\u00e4ren und humoralen Immunantwort f\u00fchrt. Betroffene Hunde zeigen eine erh\u00f6hte Anf\u00e4lligkeit f\u00fcr Viren und Bakterien und versterben meist an opportunistischen Infektionen im Alter von 8 - 12 Wochen. Beim Friesischen Wasserhund liegt die Ursache f\u00fcr SCID in einer Punktmutation im RAG1-Gen, w\u00e4hrend beim Jack Russell Terrier die urs\u00e4chliche Punktmutation auf dem caninen DNA-PKcs-Gen liegt. <\/p><table class=\"tx-laboklinleistung-table contenttable contenttable-2\" style=\"margin-top: 35px;\"><tr><td class=\"td-0\"><strong>Methode<\/strong><\/td><td class=\"td-1\"><p class=\"bodytext\">Sequenzierung<\/p><\/td><\/tr><tr><td class=\"td-0\"><strong>Rasse<\/strong><\/td><td class=\"td-1\"><p class=\"bodytext\">Friesischer Wasserhund, Jack Russell Terrier, Parson Russell Terrier<\/p><\/td><\/tr><tr><td class=\"td-0\"><strong>Erbgang<\/strong><\/td><td class=\"td-1\"><p class=\"bodytext\">autosomal-rezessiv<\/p><\/td><\/tr><tr><td class=\"td-0\"><strong>Dauer<\/strong><\/td><td class=\"td-1\"><p class=\"bodytext\">1 - 2 Wochen nach Erhalt der Probe<\/p><\/td><\/tr><\/table>\n","protected":false},"excerpt":{"rendered":"<p>Schwere kombinierte Immundefizienz (SCID)LABOKLIN Leistungs-ID: 8328Die schwere kombinierte Immundefizienz (SCID) \u00e4u\u00dfert sich in sehr niedrigen Immunglobulinwerten und Lymphozytenzahlen, was zu einer schwerwiegenden Schw\u00e4chung der zellul\u00e4ren und humoralen Immunantwort f\u00fchrt. Betroffene Hunde zeigen eine erh\u00f6hte Anf\u00e4lligkeit f\u00fcr Viren und Bakterien und versterben meist an opportunistischen Infektionen im Alter von 8 &#8211; 12 Wochen. Beim Friesischen Wasserhund&hellip;<\/p>\n","protected":false},"author":1,"featured_media":0,"parent":1332701,"menu_order":153,"comment_status":"closed","ping_status":"closed","template":"","meta":{"_seopress_robots_primary_cat":"","_seopress_titles_title":"","_seopress_titles_desc":"","_seopress_robots_index":"","footnotes":""},"class_list":["post-1336667","page","type-page","status-publish","hentry","description-off"],"_links":{"self":[{"href":"https:\/\/laboklin.de\/de-at\/wp-json\/wp\/v2\/pages\/1336667","targetHints":{"allow":["GET"]}}],"collection":[{"href":"https:\/\/laboklin.de\/de-at\/wp-json\/wp\/v2\/pages"}],"about":[{"href":"https:\/\/laboklin.de\/de-at\/wp-json\/wp\/v2\/types\/page"}],"author":[{"embeddable":true,"href":"https:\/\/laboklin.de\/de-at\/wp-json\/wp\/v2\/users\/1"}],"replies":[{"embeddable":true,"href":"https:\/\/laboklin.de\/de-at\/wp-json\/wp\/v2\/comments?post=1336667"}],"version-history":[{"count":1,"href":"https:\/\/laboklin.de\/de-at\/wp-json\/wp\/v2\/pages\/1336667\/revisions"}],"predecessor-version":[{"id":1509460,"href":"https:\/\/laboklin.de\/de-at\/wp-json\/wp\/v2\/pages\/1336667\/revisions\/1509460"}],"up":[{"embeddable":true,"href":"https:\/\/laboklin.de\/de-at\/wp-json\/wp\/v2\/pages\/1332701"}],"wp:attachment":[{"href":"https:\/\/laboklin.de\/de-at\/wp-json\/wp\/v2\/media?parent=1336667"}],"curies":[{"name":"wp","href":"https:\/\/api.w.org\/{rel}","templated":true}]}}