{"id":1336655,"date":"2020-10-16T11:36:27","date_gmt":"2020-10-16T09:36:27","guid":{"rendered":"https:\/\/laboklin.de\/leistungen\/genetik\/erbkrankheiten\/hund\/startle-disease\/"},"modified":"2025-02-17T13:59:25","modified_gmt":"2025-02-17T12:59:25","slug":"startle-disease","status":"publish","type":"page","link":"https:\/\/laboklin.de\/de-at\/leistungen\/genetik\/erbkrankheiten\/hund\/startle-disease\/","title":{"rendered":"Startle Disease"},"content":{"rendered":"<h3 class=\"csc-firstHeader\">Startle Disease<\/h3><p><span>LABOKLIN Leistungs-ID: 8191<\/span><\/p><p class=\"bodytext\">Die Startle-Krankheit oder Hyperekplexie ist eine erblich bedingte neurodegenerative Erkrankung, die mit einem gest\u00f6rten Transport des Neurotransmitters Glycin zusammenh\u00e4ngt. Individuelle Mutationen im SLC6A5-Gen wurden bei den Rassen Bobtail, Irischer Wolfshund und Galgo Espagnol gefunden, w\u00e4hrend bei Australian Shepherd und Miniature American Shepherd eine Variante im GLRA1-Gen gefunden wurde, die die Startle-Krankheit verursacht.<br \/>\r\nBetroffene Welpen zeigen bereits in sehr jungem Alter erste Symptome, beim Irischen Wolfshund beispielsweise bereits 5 - 7 Tage nach der Geburt. Klinische Symptome sind \u00fcbertriebene Steifheit der Beinmuskeln und Muskelzittern als Reaktion auf akustische oder taktile Stimuli. Die Welpen k\u00f6nnen weder stehen noch gehen und zeigen eine starre Streckhaltung aller vier Gliedma\u00dfen. Die Symptome lassen nach, wenn die Hunde entspannt sind oder schlafen und nehmen bei Bewegung zu. Au\u00dferdem kann eine Zyanose w\u00e4hrend des S\u00e4ugens auftreten. Betroffene Welpen m\u00fcssen eingeschl\u00e4fert werden.<br \/>\r\n<\/p><table class=\"tx-laboklinleistung-table contenttable contenttable-2\" style=\"margin-top: 35px;\"><tr><td class=\"td-0\"><strong>Methode<\/strong><\/td><td class=\"td-1\"><p class=\"bodytext\">Fragmentl\u00e4ngenanalyse (Irischer Wolfshund);<br>Sequenzierung (Australian Shepherd, Bobtail, Galgo Espagnol, Miniature American Shepherd )<\/p><\/td><\/tr><tr><td class=\"td-0\"><strong>Rasse<\/strong><\/td><td class=\"td-1\"><p class=\"bodytext\">Australian Shepherd, Bobtail, Galgo Espanol, Irischer Wolfshund, Miniature American Shepherd<\/p><\/td><\/tr><tr><td class=\"td-0\"><strong>Erbgang<\/strong><\/td><td class=\"td-1\"><p class=\"bodytext\">autosomal-rezessiv<\/p><\/td><\/tr><tr><td class=\"td-0\"><strong>Dauer<\/strong><\/td><td class=\"td-1\"><p class=\"bodytext\">1 - 2 Wochen nach Erhalt der Probe<\/p><\/td><\/tr><\/table>\n","protected":false},"excerpt":{"rendered":"<p>Startle DiseaseLABOKLIN Leistungs-ID: 8191Die Startle-Krankheit oder Hyperekplexie ist eine erblich bedingte neurodegenerative Erkrankung, die mit einem gest\u00f6rten Transport des Neurotransmitters Glycin zusammenh\u00e4ngt. Individuelle Mutationen im SLC6A5-Gen wurden bei den Rassen Bobtail, Irischer Wolfshund und Galgo Espagnol gefunden, w\u00e4hrend bei Australian Shepherd und Miniature American Shepherd eine Variante im GLRA1-Gen gefunden wurde, die die Startle-Krankheit verursacht.&hellip;<\/p>\n","protected":false},"author":1,"featured_media":0,"parent":1332701,"menu_order":148,"comment_status":"closed","ping_status":"closed","template":"","meta":{"_seopress_robots_primary_cat":"","_seopress_titles_title":"","_seopress_titles_desc":"","_seopress_robots_index":"","footnotes":""},"class_list":["post-1336655","page","type-page","status-publish","hentry","description-off"],"_links":{"self":[{"href":"https:\/\/laboklin.de\/de-at\/wp-json\/wp\/v2\/pages\/1336655","targetHints":{"allow":["GET"]}}],"collection":[{"href":"https:\/\/laboklin.de\/de-at\/wp-json\/wp\/v2\/pages"}],"about":[{"href":"https:\/\/laboklin.de\/de-at\/wp-json\/wp\/v2\/types\/page"}],"author":[{"embeddable":true,"href":"https:\/\/laboklin.de\/de-at\/wp-json\/wp\/v2\/users\/1"}],"replies":[{"embeddable":true,"href":"https:\/\/laboklin.de\/de-at\/wp-json\/wp\/v2\/comments?post=1336655"}],"version-history":[{"count":1,"href":"https:\/\/laboklin.de\/de-at\/wp-json\/wp\/v2\/pages\/1336655\/revisions"}],"predecessor-version":[{"id":1509480,"href":"https:\/\/laboklin.de\/de-at\/wp-json\/wp\/v2\/pages\/1336655\/revisions\/1509480"}],"up":[{"embeddable":true,"href":"https:\/\/laboklin.de\/de-at\/wp-json\/wp\/v2\/pages\/1332701"}],"wp:attachment":[{"href":"https:\/\/laboklin.de\/de-at\/wp-json\/wp\/v2\/media?parent=1336655"}],"curies":[{"name":"wp","href":"https:\/\/api.w.org\/{rel}","templated":true}]}}