{"id":1336653,"date":"2020-10-16T11:36:27","date_gmt":"2020-10-16T09:36:27","guid":{"rendered":"https:\/\/laboklin.de\/leistungen\/genetik\/erbkrankheiten\/hund\/thrombozytopathie\/"},"modified":"2025-02-17T14:01:23","modified_gmt":"2025-02-17T13:01:23","slug":"thrombozytopathie","status":"publish","type":"page","link":"https:\/\/laboklin.de\/de-at\/leistungen\/genetik\/erbkrankheiten\/hund\/thrombozytopathie\/","title":{"rendered":"Thrombozytopathie"},"content":{"rendered":"<h3 class=\"csc-firstHeader\">Thrombozytopathie<\/h3><p><span>LABOKLIN Leistungs-ID: 8486<\/span><\/p><p class=\"bodytext\">Die Thrombozyten spielen eine wichtige Rolle bei der Stillung von Blutungen. Hunde, die unter dieser erblichen Form der Thrombopathie leiden, weisen ungew\u00f6hnlich viele \u00c4derungen und H\u00e4matome  auf, da ihre Thrombozyten nicht richtig auf Aktivierungssignale antworten.<\/p><table class=\"tx-laboklinleistung-table contenttable contenttable-2\" style=\"margin-top: 35px;\"><tr><td class=\"td-0\"><strong>Methode<\/strong><\/td><td class=\"td-1\"><p class=\"bodytext\">TaqMan SNP Assay; ggf. Sequenzierung<\/p><\/td><\/tr><tr><td class=\"td-0\"><strong>Rasse<\/strong><\/td><td class=\"td-1\"><p class=\"bodytext\">Basset Hound, Landseer<\/p><\/td><\/tr><tr><td class=\"td-0\"><strong>Erbgang<\/strong><\/td><td class=\"td-1\"><p class=\"bodytext\">autosomal-rezessiv<\/p><\/td><\/tr><tr><td class=\"td-0\"><strong>Dauer<\/strong><\/td><td class=\"td-1\"><p class=\"bodytext\">3 - 5 Werktage nach Erhalt der Probe (bei Sequenzierung 1 - 2 Wochen)<\/p><\/td><\/tr><\/table>\n","protected":false},"excerpt":{"rendered":"<p>ThrombozytopathieLABOKLIN Leistungs-ID: 8486Die Thrombozyten spielen eine wichtige Rolle bei der Stillung von Blutungen. Hunde, die unter dieser erblichen Form der Thrombopathie leiden, weisen ungew\u00f6hnlich viele \u00c4derungen und H\u00e4matome auf, da ihre Thrombozyten nicht richtig auf Aktivierungssignale antworten.MethodeTaqMan SNP Assay; ggf. SequenzierungRasseBasset Hound, LandseerErbgangautosomal-rezessivDauer3 &#8211; 5 Werktage nach Erhalt der Probe (bei Sequenzierung 1 &#8211; 2&hellip;<\/p>\n","protected":false},"author":1,"featured_media":0,"parent":1332701,"menu_order":147,"comment_status":"closed","ping_status":"closed","template":"","meta":{"_seopress_robots_primary_cat":"","_seopress_titles_title":"","_seopress_titles_desc":"","_seopress_robots_index":"","footnotes":""},"class_list":["post-1336653","page","type-page","status-publish","hentry","description-off"],"_links":{"self":[{"href":"https:\/\/laboklin.de\/de-at\/wp-json\/wp\/v2\/pages\/1336653","targetHints":{"allow":["GET"]}}],"collection":[{"href":"https:\/\/laboklin.de\/de-at\/wp-json\/wp\/v2\/pages"}],"about":[{"href":"https:\/\/laboklin.de\/de-at\/wp-json\/wp\/v2\/types\/page"}],"author":[{"embeddable":true,"href":"https:\/\/laboklin.de\/de-at\/wp-json\/wp\/v2\/users\/1"}],"replies":[{"embeddable":true,"href":"https:\/\/laboklin.de\/de-at\/wp-json\/wp\/v2\/comments?post=1336653"}],"version-history":[{"count":1,"href":"https:\/\/laboklin.de\/de-at\/wp-json\/wp\/v2\/pages\/1336653\/revisions"}],"predecessor-version":[{"id":1509489,"href":"https:\/\/laboklin.de\/de-at\/wp-json\/wp\/v2\/pages\/1336653\/revisions\/1509489"}],"up":[{"embeddable":true,"href":"https:\/\/laboklin.de\/de-at\/wp-json\/wp\/v2\/pages\/1332701"}],"wp:attachment":[{"href":"https:\/\/laboklin.de\/de-at\/wp-json\/wp\/v2\/media?parent=1336653"}],"curies":[{"name":"wp","href":"https:\/\/api.w.org\/{rel}","templated":true}]}}