{"id":1336636,"date":"2022-10-18T13:49:09","date_gmt":"2022-10-18T11:49:09","guid":{"rendered":"https:\/\/laboklin.de\/leistungen\/genetik\/erbkrankheiten\/hund\/mitochondriale-enzephalopathie-mfe\/"},"modified":"2025-02-17T09:29:40","modified_gmt":"2025-02-17T08:29:40","slug":"mitochondriale-enzephalopathie-mfe","status":"publish","type":"page","link":"https:\/\/laboklin.de\/de-at\/leistungen\/genetik\/erbkrankheiten\/hund\/mitochondriale-enzephalopathie-mfe\/","title":{"rendered":"Mitochondriale Enzephalopathie (MFE)"},"content":{"rendered":"<h3 class=\"csc-firstHeader\">Mitochondriale Enzephalopathie (MFE)<\/h3><p><span>LABOKLIN Leistungs-ID: 8521<\/span><\/p><p class=\"bodytext\">Eine Mutation im MFF-Gen verursacht bei der Rasse Bullmastiff die mitochondriale Enzephalopathie (MFE). Symptome homozygot betroffener Hunden sind Ataxie, ein unkoordinierter Gang und Verhaltensauff\u00e4lligkeiten. Die Symptome beginnen bereits in sehr jungem Alter und sind fortschreitend. Zus\u00e4tzliche Symptome sind ein breiter Stand und eine verminderte Sehkraft. Eine neurologische Untersuchung deutete auf eine Erkrankung der Gro\u00dfhirnrinde und des Vestibulocerebellums hin, das MRT best\u00e4tigte zerebellare Ver\u00e4nderungen. <\/p><table class=\"tx-laboklinleistung-table contenttable contenttable-2\" style=\"margin-top: 35px;\"><tr><td class=\"td-0\"><strong>Methode<\/strong><\/td><td class=\"td-1\"><p class=\"bodytext\">Sequenzierung<\/p><\/td><\/tr><tr><td class=\"td-0\"><strong>Rasse<\/strong><\/td><td class=\"td-1\"><p class=\"bodytext\">Bullmastiff<\/p><\/td><\/tr><tr><td class=\"td-0\"><strong>Erbgang<\/strong><\/td><td class=\"td-1\"><p class=\"bodytext\">autosomal-rezessiv<\/p><\/td><\/tr><tr><td class=\"td-0\"><strong>Dauer<\/strong><\/td><td class=\"td-1\"><p class=\"bodytext\">1 - 2 Wochen nach Erhalt der Probe <\/p><\/td><\/tr><\/table>\n","protected":false},"excerpt":{"rendered":"<p>Mitochondriale Enzephalopathie (MFE)LABOKLIN Leistungs-ID: 8521Eine Mutation im MFF-Gen verursacht bei der Rasse Bullmastiff die mitochondriale Enzephalopathie (MFE). Symptome homozygot betroffener Hunden sind Ataxie, ein unkoordinierter Gang und Verhaltensauff\u00e4lligkeiten. Die Symptome beginnen bereits in sehr jungem Alter und sind fortschreitend. Zus\u00e4tzliche Symptome sind ein breiter Stand und eine verminderte Sehkraft. Eine neurologische Untersuchung deutete auf eine&hellip;<\/p>\n","protected":false},"author":10,"featured_media":0,"parent":1332701,"menu_order":143,"comment_status":"closed","ping_status":"closed","template":"","meta":{"_seopress_robots_primary_cat":"","_seopress_titles_title":"","_seopress_titles_desc":"","_seopress_robots_index":"","footnotes":""},"class_list":["post-1336636","page","type-page","status-publish","hentry","description-off"],"_links":{"self":[{"href":"https:\/\/laboklin.de\/de-at\/wp-json\/wp\/v2\/pages\/1336636","targetHints":{"allow":["GET"]}}],"collection":[{"href":"https:\/\/laboklin.de\/de-at\/wp-json\/wp\/v2\/pages"}],"about":[{"href":"https:\/\/laboklin.de\/de-at\/wp-json\/wp\/v2\/types\/page"}],"author":[{"embeddable":true,"href":"https:\/\/laboklin.de\/de-at\/wp-json\/wp\/v2\/users\/10"}],"replies":[{"embeddable":true,"href":"https:\/\/laboklin.de\/de-at\/wp-json\/wp\/v2\/comments?post=1336636"}],"version-history":[{"count":1,"href":"https:\/\/laboklin.de\/de-at\/wp-json\/wp\/v2\/pages\/1336636\/revisions"}],"predecessor-version":[{"id":1336639,"href":"https:\/\/laboklin.de\/de-at\/wp-json\/wp\/v2\/pages\/1336636\/revisions\/1336639"}],"up":[{"embeddable":true,"href":"https:\/\/laboklin.de\/de-at\/wp-json\/wp\/v2\/pages\/1332701"}],"wp:attachment":[{"href":"https:\/\/laboklin.de\/de-at\/wp-json\/wp\/v2\/media?parent=1336636"}],"curies":[{"name":"wp","href":"https:\/\/api.w.org\/{rel}","templated":true}]}}